










{"id":160,"date":"2023-08-29T14:44:20","date_gmt":"2023-08-29T12:44:20","guid":{"rendered":"https:\/\/enpistelulu.com\/de\/?page_id=160"},"modified":"2025-06-02T05:44:11","modified_gmt":"2025-06-02T03:44:11","slug":"allgemeine-nutzungsbedingungen","status":"publish","type":"page","link":"https:\/\/enpistelulu.com\/de\/allgemeine-nutzungsbedingungen\/","title":{"rendered":"Conditions g\u00e9n\u00e9rales d&#8217;utilisation (DE)"},"content":{"rendered":"\n<div class=\"wp-block-group container\"><div class=\"wp-block-group__inner-container is-layout-constrained wp-block-group-is-layout-constrained\">\n<div style=\"height:250px\" aria-hidden=\"true\" class=\"wp-block-spacer\"><\/div>\n\n\n\n<h1 class=\"wp-block-heading\">Allgemeine Nutzungsbedingungen<\/h1>\n\n\n\n<p>G\u00fcltig am 01.06.2023<\/p>\n\n\n\n<div style=\"height:40px\" aria-hidden=\"true\" class=\"wp-block-spacer\"><\/div>\n\n\n\n<p>Die vorliegenden Allgemeinen Nutzungsbedingungen (im Folgenden &#8222;ANB&#8220; genannt) dienen dem Zweck, die Modalit\u00e4ten der Bereitstellung der Website enpistelulu.com und der Dienstleistungen rechtlich zu regeln und die Bedingungen f\u00fcr den Zugang und die Nutzung der Dienstleistungen durch den &#8222;Nutzer&#8220; festzulegen.<\/p>\n\n\n\n<p>Die vorliegenden AGB sind auf der Website unter der Rubrik &#8222;AGB&#8220; zug\u00e4nglich.<\/p>\n\n\n\n<p>Jede Registrierung oder Nutzung der Website setzt die vorbehaltlose und uneingeschr\u00e4nkte Annahme der vorliegenden ANB durch den Nutzer voraus. Bei der Registrierung auf der Website \u00fcber das Registrierungsformular akzeptiert jeder Nutzer ausdr\u00fccklich die vorliegenden AGB, indem er das K\u00e4stchen vor dem folgenden Text ankreuzt: &#8222;Ich best\u00e4tige, dass ich die AGB gelesen und verstanden habe und sie akzeptiere&#8220;.<\/p>\n\n\n\n<p>Wenn der Nutzer die in diesem Vertrag festgelegten AGB nicht akzeptiert, muss er auf den Zugang zu den von der Website angebotenen Diensten verzichten.<\/p>\n\n\n\n<p>enpistelulu.com beh\u00e4lt sich das Recht vor, den Inhalt der vorliegenden AGB jederzeit einseitig zu \u00e4ndern.<\/p>\n\n\n\n<div style=\"height:40px\" aria-hidden=\"true\" class=\"wp-block-spacer\"><\/div>\n\n\n\n<h2 class=\"wp-block-heading\">ARTIKEL 1: Rechtliche Hinweise<\/h2>\n\n\n\n<p>Name der Website: En piste Lulu.<\/p>\n\n\n\n<p>Adresse der Website: https:\/\/www.enpistelulu.com<\/p>\n\n\n\n<p>Eigent\u00fcmerin: Lucie Niobey<\/p>\n\n\n\n<p>Publikationsleiterin und Herausgeberin: Lucie Niobey &#8211; bonjour [a] enpistelulu.com<\/p>\n\n\n\n<h1 class=\"wp-block-heading\">&nbsp;<\/h1>\n\n\n\n<h3 class=\"wp-block-heading\">Einzelunternehmen<\/h3>\n\n\n\n<p>Lucie Niobey EI \u2013 SIREN 854097649 \u2013 TVA FR 32854097649<\/p>\n\n\n\n<p>+33 6 52 16 24 69 \u2013 bonjour [a] enpistelulu.com \u2013 157 chemin des Buttereaux, 14600 Fourneville<\/p>\n\n\n\n<h1 class=\"wp-block-heading\">&nbsp;<\/h1>\n\n\n\n<h3 class=\"wp-block-heading\">Unterkunft<\/h3>\n\n\n\n<p>Infomaniak Network SA, Rue Eug\u00e8ne Marziano 25, 1227 Les Acacias (GE) \u2013 Suisse. N\u00b0 IDE &amp; TVA : CHE-103.167.648.<\/p>\n\n\n\n<h1 class=\"wp-block-heading\">&nbsp;<\/h1>\n\n\n\n<div style=\"height:40px\" aria-hidden=\"true\" class=\"wp-block-spacer\"><\/div>\n\n\n\n<h2 class=\"wp-block-heading\">ARTIKEL 2: Zugang zur Website<\/h2>\n\n\n\n<p>Die Website bietet folgende Dienstleistungen an:<\/p>\n\n\n\n<p>Kauf von digitalen Touristenrouten.<\/p>\n\n\n\n<p>Die Website ist f\u00fcr jeden Nutzer, der \u00fcber einen Internetzugang verf\u00fcgt, an jedem Ort kostenlos zug\u00e4nglich. Alle Kosten, die dem Nutzer durch den Zugriff auf den Dienst entstehen (Hardware, Software, Internetverbindung usw.), gehen zu seinen Lasten.<\/p>\n\n\n\n<p>Der Nutzer, der kein Mitglied ist, hat keinen Zugang zu den reservierten Diensten. Daf\u00fcr muss er sich durch Ausf\u00fcllen des Formulars anmelden. Mit seiner Zustimmung, sich f\u00fcr die reservierten Dienste zu registrieren, verpflichtet sich der Mitgliedsnutzer, wahrheitsgem\u00e4\u00dfe und genaue Angaben zu seinem Familienstand und seinen Kontaktdaten, insbesondere seiner E-Mail-Adresse, zu machen.<\/p>\n\n\n\n<p>Um Zugang zu den Diensten zu erhalten, muss sich der Nutzer mit seinem Benutzernamen und seinem Passwort identifizieren, die ihm nach seiner Registrierung mitgeteilt werden.<\/p>\n\n\n\n<p>Jedes regelm\u00e4\u00dfig registrierte Mitglied kann auch seine Abmeldung beantragen, indem es eine E-Mail an bonjour[@]enpistelulu.com sendet oder das Kontaktformular verwendet. Die Abmeldung wird innerhalb einer angemessenen Frist wirksam.<\/p>\n\n\n\n<p>enpistelulu.com haftet nicht f\u00fcr Ereignisse, die auf h\u00f6here Gewalt zur\u00fcckzuf\u00fchren sind und die eine Funktionsst\u00f6rung der Website oder des Servers zur Folge haben, vorbehaltlich der Unterbrechung oder \u00c4nderung im Falle von Wartungsarbeiten. In diesen F\u00e4llen erkl\u00e4rt sich der Nutzer damit einverstanden, den Herausgeber f\u00fcr jede Unterbrechung oder Aussetzung des Dienstes, auch ohne Vorank\u00fcndigung, nicht verantwortlich zu machen.<\/p>\n\n\n\n<p>Der Nutzer hat die M\u00f6glichkeit, die Website per E-Mail unter der in Artikel 1 angegebenen E-Mail-Adresse des Herausgebers zu kontaktieren.<\/p>\n\n\n\n<div style=\"height:40px\" aria-hidden=\"true\" class=\"wp-block-spacer\"><\/div>\n\n\n\n<h2 class=\"wp-block-heading\">ARTIKEL 3 &#8211; PERS\u00d6NLICHE DATEN<\/h2>\n\n\n\n<p>In Frankreich sind personenbezogene Daten insbesondere durch das Gesetz Nr. 78-87 vom 6. Januar 1978, das Gesetz Nr. 2004-801 vom 6. August 2004, Artikel L. 226-13 des Strafgesetzbuches und die Europ\u00e4ische Richtlinie vom 24. Oktober 1995 gesch\u00fctzt.<\/p>\n\n\n\n<p>Bei der Nutzung der Website www.enpistelulu.com k\u00f6nnen folgende Daten erfasst werden: die URL der Links, \u00fcber die der Nutzer auf die Website www. enpistelulu.com gelangt ist, der Zugangsprovider des Nutzers, die Internetprotokoll-Adresse (IP) des Nutzers.<\/p>\n\n\n\n<p>Gem\u00e4\u00df den Bestimmungen der Artikel 38 ff. des Gesetzes 78-17 vom 6. Januar 1978 \u00fcber Informatik, Dateien und Freiheiten hat jeder Nutzer ein Recht auf Zugang, Berichtigung und Widerspruch zu den ihn betreffenden pers\u00f6nlichen Daten, indem er einen schriftlichen und unterschriebenen Antrag stellt, dem eine Kopie des Identit\u00e4tstitels mit Unterschrift des Inhabers des Dokuments beigef\u00fcgt ist, und die Adresse angibt, an die die Antwort gesendet werden soll.<\/p>\n\n\n\n<p>Keine pers\u00f6nlichen Informationen des Nutzers der Website www.enpistelulu.com werden ohne Wissen des Nutzers ver\u00f6ffentlicht, ausgetauscht, \u00fcbertragen, abgetreten oder auf einem beliebigen Datentr\u00e4ger an Dritte verkauft. Nur wenn Lucie Niobey EI und ihre Rechte \u00fcbernommen werden, k\u00f6nnen diese Informationen an einen eventuellen Erwerber weitergegeben werden, der seinerseits die gleiche Verpflichtung zur Aufbewahrung und \u00c4nderung der Daten gegen\u00fcber dem Nutzer der Website www.enpistelulu.com hat.<\/p>\n\n\n\n<div style=\"height:40px\" aria-hidden=\"true\" class=\"wp-block-spacer\"><\/div>\n\n\n\n<h2 class=\"wp-block-heading\">ARTIKEL 4: Geistiges Eigentum<\/h2>\n\n\n\n<p>Die Marken, Logos, Zeichen sowie alle Inhalte der Website (Texte, Bilder, Ton\u2026) sind Gegenstand des Schutzes durch das Gesetz \u00fcber geistiges Eigentum und insbesondere durch das Urheberrecht.<\/p>\n\n\n\n<p>Die Marke En piste Lulu ist eine eingetragene Marke von Lucie Niobey. Jegliche Darstellung und\/oder Vervielf\u00e4ltigung und\/oder teilweise oder vollst\u00e4ndige Nutzung dieser Marke, gleich welcher Art, ist absolut verboten.<\/p>\n\n\n\n<p>Der Nutzer muss f\u00fcr jede Vervielf\u00e4ltigung, Ver\u00f6ffentlichung oder Kopie der verschiedenen Inhalte die vorherige Genehmigung der Website einholen. Er verpflichtet sich, die Inhalte der Website nur in einem rein privaten Rahmen zu nutzen, jegliche Nutzung zu kommerziellen oder Werbezwecken ist strengstens untersagt.<\/p>\n\n\n\n<p>Jede vollst\u00e4ndige oder teilweise Darstellung dieser Website durch ein beliebiges Verfahren ohne die ausdr\u00fcckliche Genehmigung des Betreibers der Website stellt eine F\u00e4lschung dar, die gem\u00e4\u00df Artikel L. 335-2 ff. des Gesetzes \u00fcber geistiges Eigentum bestraft wird.<\/p>\n\n\n\n<p>Es wird gem\u00e4\u00df Artikel L. 122-5 des Gesetzes \u00fcber geistiges Eigentum darauf hingewiesen, dass der Nutzer, der gesch\u00fctzte Inhalte reproduziert, kopiert oder ver\u00f6ffentlicht, den Urheber und die Quelle nennen muss.<\/p>\n\n\n\n<div style=\"height:40px\" aria-hidden=\"true\" class=\"wp-block-spacer\"><\/div>\n\n\n\n<h2 class=\"wp-block-heading\">ARTIKEL 5: Verantwortlichkeit<\/h2>\n\n\n\n<p>Die Quellen der auf der Website enpistelulu.com verbreiteten Informationen gelten als zuverl\u00e4ssig, aber die Website garantiert nicht, dass sie frei von M\u00e4ngeln, Fehlern oder Auslassungen ist.<\/p>\n\n\n\n<p>Die mitgeteilten Informationen werden zu Informationszwecken und allgemein ohne Vertragswert pr\u00e4sentiert. Trotz regelm\u00e4\u00dfiger Aktualisierungen kann die Website enpistelulu.com nicht f\u00fcr \u00c4nderungen der administrativen und rechtlichen Bestimmungen haftbar gemacht werden, die nach der Ver\u00f6ffentlichung eintreten. Ebenso wenig kann die Website f\u00fcr die Nutzung und Interpretation der auf dieser Website enthaltenen Informationen haftbar gemacht werden.<\/p>\n\n\n\n<p>Der Nutzer stellt sicher, dass er sein Passwort geheim h\u00e4lt. Die Weitergabe des Passworts in jeglicher Form ist untersagt. Er tr\u00e4gt die Risiken, die mit der Verwendung seiner Benutzerkennung und seines Passworts verbunden sind. Die Website lehnt jede Haftung ab.<\/p>\n\n\n\n<p>Die Website enpistelulu.com kann nicht f\u00fcr eventuelle Viren haftbar gemacht werden, die den Computer oder jegliches Informatikmaterial des Internetnutzers infolge der Nutzung, des Zugriffs oder des Herunterladens von dieser Website infizieren k\u00f6nnten.<\/p>\n\n\n\n<p>Die Website kann im Falle h\u00f6herer Gewalt oder unvorhersehbarer und un\u00fcberwindbarer Handlungen Dritter nicht haftbar gemacht werden.<\/p>\n\n\n\n<div style=\"height:40px\" aria-hidden=\"true\" class=\"wp-block-spacer\"><\/div>\n\n\n\n<h2 class=\"wp-block-heading\">ARTIKEL 6: Hypertext-Links<\/h2>\n\n\n\n<p>Auf der Website k\u00f6nnen Hyperlinks vorhanden sein. Der Nutzer wird darauf hingewiesen, dass er durch Anklicken dieser Links die Website enpistelulu.com verl\u00e4sst. Letztere hat keine Kontrolle \u00fcber die Webseiten, auf die diese Links f\u00fchren, und kann in keinem Fall f\u00fcr deren Inhalt verantwortlich gemacht werden.<\/p>\n\n\n\n<div style=\"height:40px\" aria-hidden=\"true\" class=\"wp-block-spacer\"><\/div>\n\n\n\n<h2 class=\"wp-block-heading\">ARTIKEL 7: Cookies<\/h2>\n\n\n\n<p>Der Nutzer wird dar\u00fcber informiert, dass bei seinen Besuchen auf der Website automatisch ein Cookie auf seinem Browser installiert werden kann.<\/p>\n\n\n\n<p>Cookies sind kleine Dateien, die von Ihrem Browser vor\u00fcbergehend auf der Festplatte des Computers des Nutzers gespeichert werden und die f\u00fcr die Nutzung der Website enpistelulu.com erforderlich sind. Cookies enthalten keine pers\u00f6nlichen Informationen und k\u00f6nnen nicht dazu verwendet werden, jemanden zu identifizieren. Ein Cookie enth\u00e4lt eine eindeutige Kennung, die zuf\u00e4llig generiert wird und daher anonym ist. Einige Cookies laufen am Ende des Besuchs des Nutzers ab, andere bleiben bestehen.<\/p>\n\n\n\n<p>Die in den Cookies enthaltenen Informationen werden verwendet, um die Website enpistelulu.com zu verbessern.<\/p>\n\n\n\n<p>Durch das Surfen auf der Website akzeptiert der\/die Nutzer\/in diese Cookies. Der Nutzer muss jedoch seine Zustimmung zur Verwendung bestimmter Cookies geben.<\/p>\n\n\n\n<p>Wenn der Nutzer nicht zustimmt, wird er dar\u00fcber informiert, dass ihm bestimmte Funktionen oder Seiten m\u00f6glicherweise nicht zur Verf\u00fcgung stehen.<\/p>\n\n\n\n<p>Der Nutzer kann diese Cookies \u00fcber die Einstellungen in seinem Browser deaktivieren.<\/p>\n\n\n\n<div style=\"height:40px\" aria-hidden=\"true\" class=\"wp-block-spacer\"><\/div>\n\n\n\n<h2 class=\"wp-block-heading\">ARTIKEL 8: Anwendbares Recht und zust\u00e4ndige Gerichtsbarkeit<\/h2>\n\n\n\n<p>F\u00fcr den vorliegenden Vertrag gilt das franz\u00f6sische Recht. Falls eine zwischen den Parteien entstandene Streitigkeit nicht g\u00fctlich beigelegt werden kann, sind ausschlie\u00dflich die franz\u00f6sischen Gerichte f\u00fcr die Entscheidung zust\u00e4ndig.<\/p>\n\n\n\n<p>Bei Fragen zur Anwendung der vorliegenden AGB k\u00f6nnen Sie die Herausgeberin unter den in Artikel 1 angegebenen Kontaktdaten erreichen.<\/p>\n\n\n\n<p>AGB erstellt auf http:\/\/legalplace.fr\/<\/p>\n<\/div><\/div>\n","protected":false},"excerpt":{"rendered":"<p>Allgemeine Nutzungsbedingungen G\u00fcltig am 01.06.2023 Die vorliegenden Allgemeinen Nutzungsbedingungen (im Folgenden &#8222;ANB&#8220; genannt) dienen dem Zweck, die Modalit\u00e4ten der Bereitstellung der Website enpistelulu.com und der Dienstleistungen rechtlich zu regeln und die Bedingungen f\u00fcr den Zugang und die Nutzung der Dienstleistungen durch den &#8222;Nutzer&#8220; festzulegen. Die vorliegenden AGB sind auf der Website unter der Rubrik &#8222;AGB&#8220; [&hellip;]<\/p>\n","protected":false},"author":2,"featured_media":0,"parent":0,"menu_order":0,"comment_status":"closed","ping_status":"closed","template":"","meta":{"footnotes":""},"class_list":["post-160","page","type-page","status-publish","hentry"],"yoast_head":"<!-- This site is optimized with the Yoast SEO plugin v27.5 - https:\/\/yoast.com\/product\/yoast-seo-wordpress\/ -->\n<title>Conditions g\u00e9n\u00e9rales d&#039;utilisation (DE) - enpistelulu.com<\/title>\n<meta name=\"robots\" content=\"index, follow, max-snippet:-1, max-image-preview:large, max-video-preview:-1\" \/>\n<link rel=\"canonical\" href=\"https:\/\/enpistelulu.com\/de\/allgemeine-nutzungsbedingungen\/\" \/>\n<meta property=\"og:locale\" content=\"de_DE\" \/>\n<meta property=\"og:type\" content=\"article\" \/>\n<meta property=\"og:title\" content=\"Conditions g\u00e9n\u00e9rales d&#039;utilisation (DE) - enpistelulu.com\" \/>\n<meta property=\"og:description\" content=\"Allgemeine Nutzungsbedingungen G\u00fcltig am 01.06.2023 Die vorliegenden Allgemeinen Nutzungsbedingungen (im Folgenden &#8222;ANB&#8220; genannt) dienen dem Zweck, die Modalit\u00e4ten der Bereitstellung der Website enpistelulu.com und der Dienstleistungen rechtlich zu regeln und die Bedingungen f\u00fcr den Zugang und die Nutzung der Dienstleistungen durch den &#8222;Nutzer&#8220; festzulegen. Die vorliegenden AGB sind auf der Website unter der Rubrik &#8222;AGB&#8220; [&hellip;]\" \/>\n<meta property=\"og:url\" content=\"https:\/\/enpistelulu.com\/de\/allgemeine-nutzungsbedingungen\/\" \/>\n<meta property=\"og:site_name\" content=\"enpistelulu.com\" \/>\n<meta property=\"article:modified_time\" content=\"2025-06-02T03:44:11+00:00\" \/>\n<meta name=\"twitter:card\" content=\"summary_large_image\" \/>\n<meta name=\"twitter:label1\" content=\"Gesch\u00e4tzte Lesezeit\" \/>\n\t<meta name=\"twitter:data1\" content=\"8\u00a0Minuten\" \/>\n<script type=\"application\/ld+json\" class=\"yoast-schema-graph\">{\"@context\":\"https:\\\/\\\/schema.org\",\"@graph\":[{\"@type\":\"WebPage\",\"@id\":\"https:\\\/\\\/enpistelulu.com\\\/de\\\/allgemeine-nutzungsbedingungen\\\/\",\"url\":\"https:\\\/\\\/enpistelulu.com\\\/de\\\/allgemeine-nutzungsbedingungen\\\/\",\"name\":\"Conditions g\u00e9n\u00e9rales d'utilisation (DE) - enpistelulu.com\",\"isPartOf\":{\"@id\":\"https:\\\/\\\/enpistelulu.com\\\/de\\\/#website\"},\"datePublished\":\"2023-08-29T12:44:20+00:00\",\"dateModified\":\"2025-06-02T03:44:11+00:00\",\"inLanguage\":\"de\",\"potentialAction\":[{\"@type\":\"ReadAction\",\"target\":[\"https:\\\/\\\/enpistelulu.com\\\/de\\\/allgemeine-nutzungsbedingungen\\\/\"]}]},{\"@type\":\"WebSite\",\"@id\":\"https:\\\/\\\/enpistelulu.com\\\/de\\\/#website\",\"url\":\"https:\\\/\\\/enpistelulu.com\\\/de\\\/\",\"name\":\"enpistelulu.com\",\"description\":\"\",\"potentialAction\":[{\"@type\":\"SearchAction\",\"target\":{\"@type\":\"EntryPoint\",\"urlTemplate\":\"https:\\\/\\\/enpistelulu.com\\\/de\\\/?s={search_term_string}\"},\"query-input\":{\"@type\":\"PropertyValueSpecification\",\"valueRequired\":true,\"valueName\":\"search_term_string\"}}],\"inLanguage\":\"de\"}]}<\/script>\n<!-- \/ Yoast SEO plugin. -->","yoast_head_json":{"title":"Conditions g\u00e9n\u00e9rales d'utilisation (DE) - enpistelulu.com","robots":{"index":"index","follow":"follow","max-snippet":"max-snippet:-1","max-image-preview":"max-image-preview:large","max-video-preview":"max-video-preview:-1"},"canonical":"https:\/\/enpistelulu.com\/de\/allgemeine-nutzungsbedingungen\/","og_locale":"de_DE","og_type":"article","og_title":"Conditions g\u00e9n\u00e9rales d'utilisation (DE) - enpistelulu.com","og_description":"Allgemeine Nutzungsbedingungen G\u00fcltig am 01.06.2023 Die vorliegenden Allgemeinen Nutzungsbedingungen (im Folgenden &#8222;ANB&#8220; genannt) dienen dem Zweck, die Modalit\u00e4ten der Bereitstellung der Website enpistelulu.com und der Dienstleistungen rechtlich zu regeln und die Bedingungen f\u00fcr den Zugang und die Nutzung der Dienstleistungen durch den &#8222;Nutzer&#8220; festzulegen. Die vorliegenden AGB sind auf der Website unter der Rubrik &#8222;AGB&#8220; [&hellip;]","og_url":"https:\/\/enpistelulu.com\/de\/allgemeine-nutzungsbedingungen\/","og_site_name":"enpistelulu.com","article_modified_time":"2025-06-02T03:44:11+00:00","twitter_card":"summary_large_image","twitter_misc":{"Gesch\u00e4tzte Lesezeit":"8\u00a0Minuten"},"schema":{"@context":"https:\/\/schema.org","@graph":[{"@type":"WebPage","@id":"https:\/\/enpistelulu.com\/de\/allgemeine-nutzungsbedingungen\/","url":"https:\/\/enpistelulu.com\/de\/allgemeine-nutzungsbedingungen\/","name":"Conditions g\u00e9n\u00e9rales d'utilisation (DE) - enpistelulu.com","isPartOf":{"@id":"https:\/\/enpistelulu.com\/de\/#website"},"datePublished":"2023-08-29T12:44:20+00:00","dateModified":"2025-06-02T03:44:11+00:00","inLanguage":"de","potentialAction":[{"@type":"ReadAction","target":["https:\/\/enpistelulu.com\/de\/allgemeine-nutzungsbedingungen\/"]}]},{"@type":"WebSite","@id":"https:\/\/enpistelulu.com\/de\/#website","url":"https:\/\/enpistelulu.com\/de\/","name":"enpistelulu.com","description":"","potentialAction":[{"@type":"SearchAction","target":{"@type":"EntryPoint","urlTemplate":"https:\/\/enpistelulu.com\/de\/?s={search_term_string}"},"query-input":{"@type":"PropertyValueSpecification","valueRequired":true,"valueName":"search_term_string"}}],"inLanguage":"de"}]}},"_links":{"self":[{"href":"https:\/\/enpistelulu.com\/de\/wp-json\/wp\/v2\/pages\/160","targetHints":{"allow":["GET"]}}],"collection":[{"href":"https:\/\/enpistelulu.com\/de\/wp-json\/wp\/v2\/pages"}],"about":[{"href":"https:\/\/enpistelulu.com\/de\/wp-json\/wp\/v2\/types\/page"}],"author":[{"embeddable":true,"href":"https:\/\/enpistelulu.com\/de\/wp-json\/wp\/v2\/users\/2"}],"replies":[{"embeddable":true,"href":"https:\/\/enpistelulu.com\/de\/wp-json\/wp\/v2\/comments?post=160"}],"version-history":[{"count":1,"href":"https:\/\/enpistelulu.com\/de\/wp-json\/wp\/v2\/pages\/160\/revisions"}],"predecessor-version":[{"id":161,"href":"https:\/\/enpistelulu.com\/de\/wp-json\/wp\/v2\/pages\/160\/revisions\/161"}],"wp:attachment":[{"href":"https:\/\/enpistelulu.com\/de\/wp-json\/wp\/v2\/media?parent=160"}],"curies":[{"name":"wp","href":"https:\/\/api.w.org\/{rel}","templated":true}]}}