










{"id":166,"date":"2023-08-29T15:38:52","date_gmt":"2023-08-29T13:38:52","guid":{"rendered":"https:\/\/enpistelulu.com\/de\/?page_id=166"},"modified":"2026-04-11T13:19:21","modified_gmt":"2026-04-11T11:19:21","slug":"das-konzept-en-piste-lulu","status":"publish","type":"page","link":"https:\/\/enpistelulu.com\/de\/das-konzept-en-piste-lulu\/","title":{"rendered":"Das Konzept En piste Lulu"},"content":{"rendered":"\n<div class=\"wp-block-group has-background\" style=\"background-color:#f4ede5\"><div class=\"wp-block-group__inner-container is-layout-constrained wp-block-group-is-layout-constrained\">\n<div style=\"height:250px\" aria-hidden=\"true\" class=\"wp-block-spacer mobile-170\"><\/div>\n\n\n\n<div class=\"wp-block-group container\"><div class=\"wp-block-group__inner-container is-layout-constrained wp-block-group-is-layout-constrained\">\n<div class=\"wp-block-media-text alignwide is-stacked-on-mobile le-concept\"><figure class=\"wp-block-media-text__media\"><img decoding=\"async\" src=\"https:\/\/enpistelulu.com\/wp-content\/uploads\/2023\/06\/renard-1-2.png\" alt=\"\" class=\"wp-image-155 size-full\"\/><\/figure><div class=\"wp-block-media-text__content\">\n<h1 class=\"wp-block-heading h2 puce-right puce-orange\">Das Konzept<\/h1>\n\n\n\n<div style=\"height:30px\" aria-hidden=\"true\" class=\"wp-block-spacer\"><\/div>\n\n\n\n<p>En piste Lulu, das sind szenarische Rundg\u00e4nge-Spiele in Honfleur. Begeben Sie sich zum Startpunkt und folgen Sie den Anweisungen auf Ihrem Smartphone, um sich ganz einfach durch die Stadt zu bewegen. Ganz unabh\u00e4ngig werden Sie von unseren Charakteren gef\u00fchrt. Im Laufe der Geschichte gibt es immer einen Hinweis, um den Weg zur\u00fcckzufinden. Wir haben unentbehrliche Sehensw\u00fcrdigkeiten und geheime Ecken miteinander vermischt. Erkunden Sie, beantworten Sie Fragen und vor allem nehmen Sie sich Zeit zum Schlendern.<\/p>\n\n\n\n<p>Sie wissen nicht, wann Sie bereit sind? Sie haben keine Lust, w\u00e4hrend des Urlaubs auf die Uhr zu schauen? Unser 100% digitales Konzept erm\u00f6glicht es Ihnen, zu einer Uhrzeit zu starten, die Ihnen gef\u00e4llt. Jederzeit k\u00f6nnen Sie den Rundgang verlassen und wieder einsteigen. Trinken Sie auf der Terrasse und machen Sie Mittagspause, wann immer Sie wollen!<\/p>\n\n\n\n<p>Um sich ein Bild zu machen, ist es am besten, es selbst auszuprobieren: Testen Sie kostenlos unseren Entdeckungsrundgang!<\/p>\n\n\n\n<div style=\"height:40px\" aria-hidden=\"true\" class=\"wp-block-spacer\"><\/div>\n\n\n\n<p class=\"btn-lulu-transparent\"><a href=\"https:\/\/enpistelulu.com\/de\/touristische-rundgange\/honfleur-entdecken\/\">Ich entdecke den kostenlosen rundgang<\/a><\/p>\n<\/div><\/div>\n<\/div><\/div>\n\n\n\n<div style=\"height:100px\" aria-hidden=\"true\" class=\"wp-block-spacer\"><\/div>\n<\/div><\/div>\n\n\n\n<div class=\"wp-block-group faq-lulu\"><div class=\"wp-block-group__inner-container is-layout-constrained wp-block-group-is-layout-constrained\">\n<div style=\"height:100px\" aria-hidden=\"true\" id=\"faq\" class=\"wp-block-spacer\"><\/div>\n\n\n\n<div class=\"wp-block-group container\"><div class=\"wp-block-group__inner-container is-layout-constrained wp-block-group-is-layout-constrained\">\n<h2 class=\"wp-block-heading h2 puce-left puce-jaune\" id=\"faq\">FAQ<\/h2>\n\n\n\n<div class=\"wp-block-columns is-layout-flex wp-container-core-columns-is-layout-9d6595d7 wp-block-columns-is-layout-flex\">\n<div class=\"wp-block-column is-layout-flow wp-block-column-is-layout-flow\" style=\"flex-basis:50%\">\n<div style=\"height:60px\" aria-hidden=\"true\" class=\"wp-block-spacer\"><\/div>\n\n\n\n<div class=\"wp-block-group faq\"><div class=\"wp-block-group__inner-container is-layout-constrained wp-block-group-is-layout-constrained\"><style>#sp-ea-167 .spcollapsing { height: 0; overflow: hidden; transition-property: height;transition-duration: 300ms;}#sp-ea-167.sp-easy-accordion>.sp-ea-single {margin-bottom: 10px; border: 1px solid #e2e2e2; }#sp-ea-167.sp-easy-accordion>.sp-ea-single>.ea-header a {color: #444;}#sp-ea-167.sp-easy-accordion>.sp-ea-single>.sp-collapse>.ea-body {background: #fff; color: #444;}#sp-ea-167.sp-easy-accordion>.sp-ea-single {background: #eee;}#sp-ea-167.sp-easy-accordion>.sp-ea-single>.ea-header a .ea-expand-icon { float: left; color: #444;font-size: 16px;}<\/style><div id=\"sp_easy_accordion-1693316067\"><div id=\"sp-ea-167\" class=\"sp-ea-one sp-easy-accordion\" data-ea-active=\"ea-click\" data-ea-mode=\"vertical\" data-preloader=\"\" data-scroll-active-item=\"\" data-offset-to-scroll=\"0\"><div class=\"ea-card sp-ea-single\"><h3 class=\"ea-header\"><a class=\"collapsed\" id=\"ea-header-1670\" role=\"button\" data-sptoggle=\"spcollapse\" data-sptarget=\"#collapse1670\" aria-controls=\"collapse1670\" href=\"#\" aria-expanded=\"false\" tabindex=\"0\"><i aria-hidden=\"true\" role=\"presentation\" class=\"ea-expand-icon eap-icon-ea-expand-plus\"><\/i> Was brauche ich, um einen Rundgang zu absolvieren?<\/a><\/h3><div class=\"sp-collapse spcollapse spcollapse\" id=\"collapse1670\" data-parent=\"#sp-ea-167\" role=\"region\" aria-labelledby=\"ea-header-1670\"> <div class=\"ea-body\"><p>Sie ben\u00f6tigen ein Telefon oder ein Tablet mit Internetverbindung.<\/p><\/div><\/div><\/div><div class=\"ea-card sp-ea-single\"><h3 class=\"ea-header\"><a class=\"collapsed\" id=\"ea-header-1671\" role=\"button\" data-sptoggle=\"spcollapse\" data-sptarget=\"#collapse1671\" aria-controls=\"collapse1671\" href=\"#\" aria-expanded=\"false\" tabindex=\"0\"><i aria-hidden=\"true\" role=\"presentation\" class=\"ea-expand-icon eap-icon-ea-expand-plus\"><\/i> Ist es wichtig, die richtigen Antworten zu haben? <\/a><\/h3><div class=\"sp-collapse spcollapse spcollapse\" id=\"collapse1671\" data-parent=\"#sp-ea-167\" role=\"region\" aria-labelledby=\"ea-header-1671\"> <div class=\"ea-body\"><p>Auch wenn Sie die Antworten nicht finden, k\u00f6nnen Sie den Rundgang fortsetzen. Hauptsache, Sie verbringen eine gute Zeit.<\/p><\/div><\/div><\/div><div class=\"ea-card sp-ea-single\"><h3 class=\"ea-header\"><a class=\"collapsed\" id=\"ea-header-1672\" role=\"button\" data-sptoggle=\"spcollapse\" data-sptarget=\"#collapse1672\" aria-controls=\"collapse1672\" href=\"#\" aria-expanded=\"false\" tabindex=\"0\"><i aria-hidden=\"true\" role=\"presentation\" class=\"ea-expand-icon eap-icon-ea-expand-plus\"><\/i> Kann ich den Rundgang jederzeit absolvieren? <\/a><\/h3><div class=\"sp-collapse spcollapse spcollapse\" id=\"collapse1672\" data-parent=\"#sp-ea-167\" role=\"region\" aria-labelledby=\"ea-header-1672\"> <div class=\"ea-body\"><p>Einige Rundg\u00e4nge unterliegen den \u00d6ffnungszeiten der st\u00e4dtischen Parks und G\u00e4rten. Wenn dies der Fall ist, wird dies in der Beschreibung angegeben. Ansonsten steht es Ihnen frei, die Stadt zu durchstreifen, wann immer es Ihnen gef\u00e4llt.<\/p><\/div><\/div><\/div><div class=\"ea-card sp-ea-single\"><h3 class=\"ea-header\"><a class=\"collapsed\" id=\"ea-header-1673\" role=\"button\" data-sptoggle=\"spcollapse\" data-sptarget=\"#collapse1673\" aria-controls=\"collapse1673\" href=\"#\" aria-expanded=\"false\" tabindex=\"0\"><i aria-hidden=\"true\" role=\"presentation\" class=\"ea-expand-icon eap-icon-ea-expand-plus\"><\/i> Kann ich mein Geld zur\u00fcckbekommen? <\/a><\/h3><div class=\"sp-collapse spcollapse spcollapse\" id=\"collapse1673\" data-parent=\"#sp-ea-167\" role=\"region\" aria-labelledby=\"ea-header-1673\"> <div class=\"ea-body\"><p>Eine R\u00fcckerstattung ist nicht m\u00f6glich, da die Dienstleistung unmittelbar nach der Zahlung ausgef\u00fchrt wird.<\/p><\/div><\/div><\/div><div class=\"ea-card sp-ea-single\"><h3 class=\"ea-header\"><a class=\"collapsed\" id=\"ea-header-1674\" role=\"button\" data-sptoggle=\"spcollapse\" data-sptarget=\"#collapse1674\" aria-controls=\"collapse1674\" href=\"#\" aria-expanded=\"false\" tabindex=\"0\"><i aria-hidden=\"true\" role=\"presentation\" class=\"ea-expand-icon eap-icon-ea-expand-plus\"><\/i> Kann ich mehrere Rundg\u00e4nge absolvieren?<\/a><\/h3><div class=\"sp-collapse spcollapse spcollapse\" id=\"collapse1674\" data-parent=\"#sp-ea-167\" role=\"region\" aria-labelledby=\"ea-header-1674\"> <div class=\"ea-body\"><p>Sie k\u00f6nnen durchaus mehreren Rundg\u00e4nge folgen, denn jede erz\u00e4hlt eine andere Geschichte. Sie sollten jedoch wissen, dass die unumg\u00e4nglichen Sehensw\u00fcrdigkeiten der Stadt immer gleich bleiben.<\/p><\/div><\/div><\/div><div class=\"ea-card sp-ea-single\"><h3 class=\"ea-header\"><a class=\"collapsed\" id=\"ea-header-1675\" role=\"button\" data-sptoggle=\"spcollapse\" data-sptarget=\"#collapse1675\" aria-controls=\"collapse1675\" href=\"#\" aria-expanded=\"false\" tabindex=\"0\"><i aria-hidden=\"true\" role=\"presentation\" class=\"ea-expand-icon eap-icon-ea-expand-plus\"><\/i> Tipps?<\/a><\/h3><div class=\"sp-collapse spcollapse spcollapse\" id=\"collapse1675\" data-parent=\"#sp-ea-167\" role=\"region\" aria-labelledby=\"ea-header-1675\"> <div class=\"ea-body\"><p>Nehmen Sie sich Zeit, um die Stadt zu bewundern, und halten Sie an, wann immer Sie Lust dazu haben. Unsere Rundg\u00e4nge geben Ihnen einen Leitfaden an die Hand, aber Sie k\u00f6nnen sich die Tour so zusammenstellen, wie es Ihnen gef\u00e4llt. Beeilen Sie sich nicht, um ans Ende zu gelangen, denn danach ist es vorbei!<\/p><\/div><\/div><\/div><\/div><\/div>\n<\/div><\/div>\n<\/div>\n\n\n\n<div class=\"wp-block-column is-layout-flow wp-block-column-is-layout-flow\">\n<figure class=\"wp-block-image size-full\"><img decoding=\"async\" src=\"https:\/\/enpistelulu.com\/wp-content\/uploads\/2023\/06\/Pirate-FAQ.png\" alt=\"\" class=\"wp-image-167\"\/><\/figure>\n<\/div>\n<\/div>\n<\/div><\/div>\n\n\n\n<div style=\"height:100px\" aria-hidden=\"true\" class=\"wp-block-spacer\"><\/div>\n<\/div><\/div>\n\n\n\n<div class=\"wp-block-group has-background\" style=\"background-color:#f4ede5\"><div class=\"wp-block-group__inner-container is-layout-constrained wp-block-group-is-layout-constrained\">\n<div style=\"height:100px\" aria-hidden=\"true\" id=\"qui-est-lulu\" class=\"wp-block-spacer\"><\/div>\n\n\n\n<div class=\"wp-block-group container\"><div class=\"wp-block-group__inner-container is-layout-constrained wp-block-group-is-layout-constrained\">\n<div class=\"wp-block-media-text alignwide is-stacked-on-mobile le-concept\"><figure class=\"wp-block-media-text__media\"><img loading=\"lazy\" decoding=\"async\" width=\"1024\" height=\"1013\" src=\"https:\/\/enpistelulu.com\/de\/wp-content\/uploads\/sites\/3\/2026\/04\/Ma-photo-EPL-1024x1013.png\" alt=\"\" class=\"wp-image-561 size-full\" srcset=\"https:\/\/enpistelulu.com\/de\/wp-content\/uploads\/sites\/3\/2026\/04\/Ma-photo-EPL-1024x1013.png 1024w, https:\/\/enpistelulu.com\/de\/wp-content\/uploads\/sites\/3\/2026\/04\/Ma-photo-EPL-300x297.png 300w, https:\/\/enpistelulu.com\/de\/wp-content\/uploads\/sites\/3\/2026\/04\/Ma-photo-EPL-768x759.png 768w, https:\/\/enpistelulu.com\/de\/wp-content\/uploads\/sites\/3\/2026\/04\/Ma-photo-EPL-1092x1080.png 1092w, https:\/\/enpistelulu.com\/de\/wp-content\/uploads\/sites\/3\/2026\/04\/Ma-photo-EPL-546x540.png 546w, https:\/\/enpistelulu.com\/de\/wp-content\/uploads\/sites\/3\/2026\/04\/Ma-photo-EPL-384x380.png 384w, https:\/\/enpistelulu.com\/de\/wp-content\/uploads\/sites\/3\/2026\/04\/Ma-photo-EPL-243x240.png 243w, https:\/\/enpistelulu.com\/de\/wp-content\/uploads\/sites\/3\/2026\/04\/Ma-photo-EPL-182x180.png 182w, https:\/\/enpistelulu.com\/de\/wp-content\/uploads\/sites\/3\/2026\/04\/Ma-photo-EPL-600x593.png 600w, https:\/\/enpistelulu.com\/de\/wp-content\/uploads\/sites\/3\/2026\/04\/Ma-photo-EPL-100x100.png 100w, https:\/\/enpistelulu.com\/de\/wp-content\/uploads\/sites\/3\/2026\/04\/Ma-photo-EPL.png 1160w\" sizes=\"auto, (max-width: 1024px) 100vw, 1024px\" \/><\/figure><div class=\"wp-block-media-text__content\">\n<h1 class=\"wp-block-heading h2 puce-right puce-bleu puce-right-decalage\" id=\"qui-est\">Wer ist Lulu?<\/h1>\n\n\n\n<div style=\"height:30px\" aria-hidden=\"true\" class=\"wp-block-spacer\"><\/div>\n\n\n\n<p>Lulu, das bin ich. Als eingefleischte Bummlerin mag ich keine Zeitpl\u00e4ne und noch schlimmer: Zeitpl\u00e4ne im Urlaub. Ich lebe seit 2013 in Honfleur und liebe es, durch die Gassen zu schlendern, auf der Suche nach erstaunlichen Details. Als ich Kinder bekam, nahm ich sie im Kinderwagen mit. Dann wurden sie gr\u00f6\u00dfer und ich musste mir raffinierte Tricks einfallen lassen, um sie zum Laufen zu bringen. Von einer Sache bin ich \u00fcberzeugt: Wenn es Spa\u00df macht, folgen sie uns \u00fcberall hin.<br>Da ich mich im Kampf gegen die globale Erw\u00e4rmung engagiere, mache ich kleine Gesten auf meiner Ebene. F\u00fcr die Website En piste Lulu habe ich ein nachhaltiges, soziales und lokales Hosting-Unternehmen gew\u00e4hlt, das seine Treibhausgasemissionen zu 200 % kompensiert. Wenn Sie per Kreditkarte zahlen, flie\u00dft 1 % Ihres Kaufpreises in die Entwicklung von Technologien zur CO2-Eliminierung.<\/p>\n<\/div><\/div>\n<\/div><\/div>\n\n\n\n<div style=\"height:100px\" aria-hidden=\"true\" class=\"wp-block-spacer\"><\/div>\n<\/div><\/div>\n","protected":false},"excerpt":{"rendered":"<p>Das Konzept En piste Lulu, das sind szenarische Rundg\u00e4nge-Spiele in Honfleur. Begeben Sie sich zum Startpunkt und folgen Sie den Anweisungen auf Ihrem Smartphone, um sich ganz einfach durch die Stadt zu bewegen. Ganz unabh\u00e4ngig werden Sie von unseren Charakteren gef\u00fchrt. Im Laufe der Geschichte gibt es immer einen Hinweis, um den Weg zur\u00fcckzufinden. Wir [&hellip;]<\/p>\n","protected":false},"author":2,"featured_media":0,"parent":0,"menu_order":0,"comment_status":"closed","ping_status":"closed","template":"","meta":{"footnotes":""},"class_list":["post-166","page","type-page","status-publish","hentry"],"yoast_head":"<!-- This site is optimized with the Yoast SEO plugin v27.5 - https:\/\/yoast.com\/product\/yoast-seo-wordpress\/ -->\n<title>Das Konzept En piste Lulu - enpistelulu.com<\/title>\n<meta name=\"robots\" content=\"index, follow, max-snippet:-1, max-image-preview:large, max-video-preview:-1\" \/>\n<link rel=\"canonical\" href=\"https:\/\/enpistelulu.com\/de\/das-konzept-en-piste-lulu\/\" \/>\n<meta property=\"og:locale\" content=\"de_DE\" \/>\n<meta property=\"og:type\" content=\"article\" \/>\n<meta property=\"og:title\" content=\"Das Konzept En piste Lulu - enpistelulu.com\" \/>\n<meta property=\"og:description\" content=\"Das Konzept En piste Lulu, das sind szenarische Rundg\u00e4nge-Spiele in Honfleur. Begeben Sie sich zum Startpunkt und folgen Sie den Anweisungen auf Ihrem Smartphone, um sich ganz einfach durch die Stadt zu bewegen. Ganz unabh\u00e4ngig werden Sie von unseren Charakteren gef\u00fchrt. Im Laufe der Geschichte gibt es immer einen Hinweis, um den Weg zur\u00fcckzufinden. Wir [&hellip;]\" \/>\n<meta property=\"og:url\" content=\"https:\/\/enpistelulu.com\/de\/das-konzept-en-piste-lulu\/\" \/>\n<meta property=\"og:site_name\" content=\"enpistelulu.com\" \/>\n<meta property=\"article:modified_time\" content=\"2026-04-11T11:19:21+00:00\" \/>\n<meta name=\"twitter:card\" content=\"summary_large_image\" \/>\n<meta name=\"twitter:label1\" content=\"Gesch\u00e4tzte Lesezeit\" \/>\n\t<meta name=\"twitter:data1\" content=\"3\u00a0Minuten\" \/>\n<script type=\"application\/ld+json\" class=\"yoast-schema-graph\">{\"@context\":\"https:\\\/\\\/schema.org\",\"@graph\":[{\"@type\":\"WebPage\",\"@id\":\"https:\\\/\\\/enpistelulu.com\\\/de\\\/das-konzept-en-piste-lulu\\\/\",\"url\":\"https:\\\/\\\/enpistelulu.com\\\/de\\\/das-konzept-en-piste-lulu\\\/\",\"name\":\"Das Konzept En piste Lulu - enpistelulu.com\",\"isPartOf\":{\"@id\":\"https:\\\/\\\/enpistelulu.com\\\/de\\\/#website\"},\"primaryImageOfPage\":{\"@id\":\"https:\\\/\\\/enpistelulu.com\\\/de\\\/das-konzept-en-piste-lulu\\\/#primaryimage\"},\"image\":{\"@id\":\"https:\\\/\\\/enpistelulu.com\\\/de\\\/das-konzept-en-piste-lulu\\\/#primaryimage\"},\"thumbnailUrl\":\"https:\\\/\\\/enpistelulu.com\\\/wp-content\\\/uploads\\\/2023\\\/06\\\/renard-1-2.png\",\"datePublished\":\"2023-08-29T13:38:52+00:00\",\"dateModified\":\"2026-04-11T11:19:21+00:00\",\"inLanguage\":\"de\",\"potentialAction\":[{\"@type\":\"ReadAction\",\"target\":[\"https:\\\/\\\/enpistelulu.com\\\/de\\\/das-konzept-en-piste-lulu\\\/\"]}]},{\"@type\":\"ImageObject\",\"inLanguage\":\"de\",\"@id\":\"https:\\\/\\\/enpistelulu.com\\\/de\\\/das-konzept-en-piste-lulu\\\/#primaryimage\",\"url\":\"https:\\\/\\\/enpistelulu.com\\\/wp-content\\\/uploads\\\/2023\\\/06\\\/renard-1-2.png\",\"contentUrl\":\"https:\\\/\\\/enpistelulu.com\\\/wp-content\\\/uploads\\\/2023\\\/06\\\/renard-1-2.png\"},{\"@type\":\"WebSite\",\"@id\":\"https:\\\/\\\/enpistelulu.com\\\/de\\\/#website\",\"url\":\"https:\\\/\\\/enpistelulu.com\\\/de\\\/\",\"name\":\"enpistelulu.com\",\"description\":\"\",\"potentialAction\":[{\"@type\":\"SearchAction\",\"target\":{\"@type\":\"EntryPoint\",\"urlTemplate\":\"https:\\\/\\\/enpistelulu.com\\\/de\\\/?s={search_term_string}\"},\"query-input\":{\"@type\":\"PropertyValueSpecification\",\"valueRequired\":true,\"valueName\":\"search_term_string\"}}],\"inLanguage\":\"de\"}]}<\/script>\n<!-- \/ Yoast SEO plugin. -->","yoast_head_json":{"title":"Das Konzept En piste Lulu - enpistelulu.com","robots":{"index":"index","follow":"follow","max-snippet":"max-snippet:-1","max-image-preview":"max-image-preview:large","max-video-preview":"max-video-preview:-1"},"canonical":"https:\/\/enpistelulu.com\/de\/das-konzept-en-piste-lulu\/","og_locale":"de_DE","og_type":"article","og_title":"Das Konzept En piste Lulu - enpistelulu.com","og_description":"Das Konzept En piste Lulu, das sind szenarische Rundg\u00e4nge-Spiele in Honfleur. Begeben Sie sich zum Startpunkt und folgen Sie den Anweisungen auf Ihrem Smartphone, um sich ganz einfach durch die Stadt zu bewegen. Ganz unabh\u00e4ngig werden Sie von unseren Charakteren gef\u00fchrt. Im Laufe der Geschichte gibt es immer einen Hinweis, um den Weg zur\u00fcckzufinden. Wir [&hellip;]","og_url":"https:\/\/enpistelulu.com\/de\/das-konzept-en-piste-lulu\/","og_site_name":"enpistelulu.com","article_modified_time":"2026-04-11T11:19:21+00:00","twitter_card":"summary_large_image","twitter_misc":{"Gesch\u00e4tzte Lesezeit":"3\u00a0Minuten"},"schema":{"@context":"https:\/\/schema.org","@graph":[{"@type":"WebPage","@id":"https:\/\/enpistelulu.com\/de\/das-konzept-en-piste-lulu\/","url":"https:\/\/enpistelulu.com\/de\/das-konzept-en-piste-lulu\/","name":"Das Konzept En piste Lulu - enpistelulu.com","isPartOf":{"@id":"https:\/\/enpistelulu.com\/de\/#website"},"primaryImageOfPage":{"@id":"https:\/\/enpistelulu.com\/de\/das-konzept-en-piste-lulu\/#primaryimage"},"image":{"@id":"https:\/\/enpistelulu.com\/de\/das-konzept-en-piste-lulu\/#primaryimage"},"thumbnailUrl":"https:\/\/enpistelulu.com\/wp-content\/uploads\/2023\/06\/renard-1-2.png","datePublished":"2023-08-29T13:38:52+00:00","dateModified":"2026-04-11T11:19:21+00:00","inLanguage":"de","potentialAction":[{"@type":"ReadAction","target":["https:\/\/enpistelulu.com\/de\/das-konzept-en-piste-lulu\/"]}]},{"@type":"ImageObject","inLanguage":"de","@id":"https:\/\/enpistelulu.com\/de\/das-konzept-en-piste-lulu\/#primaryimage","url":"https:\/\/enpistelulu.com\/wp-content\/uploads\/2023\/06\/renard-1-2.png","contentUrl":"https:\/\/enpistelulu.com\/wp-content\/uploads\/2023\/06\/renard-1-2.png"},{"@type":"WebSite","@id":"https:\/\/enpistelulu.com\/de\/#website","url":"https:\/\/enpistelulu.com\/de\/","name":"enpistelulu.com","description":"","potentialAction":[{"@type":"SearchAction","target":{"@type":"EntryPoint","urlTemplate":"https:\/\/enpistelulu.com\/de\/?s={search_term_string}"},"query-input":{"@type":"PropertyValueSpecification","valueRequired":true,"valueName":"search_term_string"}}],"inLanguage":"de"}]}},"_links":{"self":[{"href":"https:\/\/enpistelulu.com\/de\/wp-json\/wp\/v2\/pages\/166","targetHints":{"allow":["GET"]}}],"collection":[{"href":"https:\/\/enpistelulu.com\/de\/wp-json\/wp\/v2\/pages"}],"about":[{"href":"https:\/\/enpistelulu.com\/de\/wp-json\/wp\/v2\/types\/page"}],"author":[{"embeddable":true,"href":"https:\/\/enpistelulu.com\/de\/wp-json\/wp\/v2\/users\/2"}],"replies":[{"embeddable":true,"href":"https:\/\/enpistelulu.com\/de\/wp-json\/wp\/v2\/comments?post=166"}],"version-history":[{"count":5,"href":"https:\/\/enpistelulu.com\/de\/wp-json\/wp\/v2\/pages\/166\/revisions"}],"predecessor-version":[{"id":563,"href":"https:\/\/enpistelulu.com\/de\/wp-json\/wp\/v2\/pages\/166\/revisions\/563"}],"wp:attachment":[{"href":"https:\/\/enpistelulu.com\/de\/wp-json\/wp\/v2\/media?parent=166"}],"curies":[{"name":"wp","href":"https:\/\/api.w.org\/{rel}","templated":true}]}}