










{"id":171,"date":"2023-08-29T15:41:23","date_gmt":"2023-08-29T13:41:23","guid":{"rendered":"https:\/\/enpistelulu.com\/de\/?page_id=171"},"modified":"2025-06-02T05:40:32","modified_gmt":"2025-06-02T03:40:32","slug":"rechtliche-hinweise","status":"publish","type":"page","link":"https:\/\/enpistelulu.com\/de\/rechtliche-hinweise\/","title":{"rendered":"Mentions l\u00e9gales (DE)"},"content":{"rendered":"\n<div class=\"wp-block-group container\"><div class=\"wp-block-group__inner-container is-layout-constrained wp-block-group-is-layout-constrained\">\n<div style=\"height:250px\" aria-hidden=\"true\" class=\"wp-block-spacer\"><\/div>\n\n\n\n<h1 class=\"wp-block-heading\">Rechtliche Hinweise<\/h1>\n\n\n\n<p>Gem\u00e4\u00df Artikel 6 des Gesetzes Nr. 2004-575 vom 21. Juni 2004 \u00fcber das Vertrauen in die digitale Wirtschaft wird den Besuchern der Website enpistelulu.com die Identit\u00e4t der verschiedenen Akteure im Rahmen der Erstellung und Betreuung dieser Website mitgeteilt:<\/p>\n\n\n\n<p>Eigent\u00fcmer: Lucie Niobey El<\/p>\n\n\n\n<p><strong>Responsable publication<\/strong>\u00a0: <strong>Lucie Niobey El<\/strong> \u2013\u00a0 <a href=\"mailto:bonjour@enpistelulu.com\"><a href=\"mailto:bonjour@enpistelulu.com\">bonjour@enpistelulu.com<\/a><\/a><\/p>\n\n\n\n<p><strong>Hosting:<\/strong>&nbsp; Infomaniak Network SA, Rue Eug\u00e8ne Marziano 25, 1227 Les Acacias (GE) \u2013 Suisse. N\u00b0 IDE &amp; TVA : CHE-103.167.648.<\/p>\n\n\n\n<p><strong>K\u00fcnstlerische Leitung und Webdesign<\/strong>:&nbsp;<a href=\"https:\/\/lapatate-douce.com\/\" target=\"_blank\" rel=\"noreferrer noopener\">La Patate Douce<\/a><\/p>\n\n\n\n<p><strong>Entwicklung der Website und Integration<\/strong>&nbsp;:&nbsp;<a href=\"https:\/\/dgwww.fr\/\" target=\"_blank\" rel=\"noreferrer noopener\">DGWWW<\/a><\/p>\n\n\n\n<h2 class=\"wp-block-heading\" id=\"conditions-generales-d-utilisation-du-site-et-des-services-proposes\">Allgemeine Bedingungen f\u00fcr die Nutzung der Website und der angebotenen Dienste<\/h2>\n\n\n\n<p>Die Nutzung der Website enpistelulu.com setzt die vollst\u00e4ndige und uneingeschr\u00e4nkte Annahme der nachstehend beschriebenen allgemeinen Nutzungsbedingungen voraus. Diese Nutzungsbedingungen k\u00f6nnen jederzeit ge\u00e4ndert oder erg\u00e4nzt werden. Besucher der Website enpistelulu.com werden daher gebeten, sie regelm\u00e4\u00dfig einzusehen. Diese Website ist normalerweise jederzeit f\u00fcr Besucher zug\u00e4nglich. Eine Unterbrechung aufgrund technischer Wartungsarbeiten kann jedoch von enpistelulu.com beschlossen werden, die sich dann bem\u00fchen wird, den Besuchern vorab die Daten und Uhrzeiten der Intervention mitzuteilen. Die Website enpistelulu.com wird regelm\u00e4\u00dfig aktualisiert. Ebenso k\u00f6nnen die rechtlichen Hinweise jederzeit ge\u00e4ndert werden: Sie sind dennoch f\u00fcr den Besucher verbindlich, der aufgefordert wird, so oft wie m\u00f6glich auf sie zu verweisen, um sie zur Kenntnis zu nehmen.<\/p>\n\n\n\n<h2 class=\"wp-block-heading\" id=\"description-des-services-fournis\">Beschreibung der erbrachten Leistungen<\/h2>\n\n\n\n<p>Die Website enpistelulu.com soll \u00fcber alle Aktivit\u00e4ten informieren und bem\u00fcht sich, auf der Website enpistelulu.com so genaue Informationen wie m\u00f6glich zu liefern. Er kann jedoch nicht f\u00fcr Auslassungen, Ungenauigkeiten und M\u00e4ngel in der Aktualisierung haftbar gemacht werden, die er selbst oder dritte Partner, die ihm diese Informationen zur Verf\u00fcgung stellen, verursacht haben. Alle auf der Website enpistelulu.com angegebenen Informationen sind unverbindlich und k\u00f6nnen sich \u00e4ndern. Dar\u00fcber hinaus sind die Informationen auf der Website enpistelulu.com nicht ersch\u00f6pfend. Sie werden unter dem Vorbehalt von \u00c4nderungen gegeben, die seit ihrer Online-Ver\u00f6ffentlichung vorgenommen wurden.<\/p>\n\n\n\n<h2 class=\"wp-block-heading\" id=\"limitations-contractuelles-sur-les-donnees-techniques\">Vertragliche Einschr\u00e4nkungen der technischen Daten<\/h2>\n\n\n\n<p>Die Website verwendet die WordPress-Technologie. Die Website kann nicht f\u00fcr materielle Sch\u00e4den im Zusammenhang mit der Nutzung der Website haftbar gemacht werden. Dar\u00fcber hinaus verpflichtet sich der Besucher der Website, die Website mit einer aktuellen Hardware, die keine Viren enth\u00e4lt, und mit einem Browser der neuesten Generation aufzurufen, der auf dem neuesten Stand ist. Die Website enpistelulu.com wird gem\u00e4\u00df den Bestimmungen der Allgemeinen Datenschutzverordnung (DSGVO: Nr. 2016-679) bei einem Dienstleister auf dem Gebiet der Europ\u00e4ischen Union gehostet. Ziel ist es, eine Leistung zu erbringen, die die beste Erreichbarkeit gew\u00e4hrleistet. Der Hosting-Anbieter gew\u00e4hrleistet die Kontinuit\u00e4t seines Dienstes rund um die Uhr an allen Tagen des Jahres. Er beh\u00e4lt sich jedoch die M\u00f6glichkeit vor, den Hosting-Service f\u00fcr m\u00f6glichst kurze Zeitr\u00e4ume zu unterbrechen, insbesondere zu Wartungszwecken, zur Verbesserung seiner Infrastrukturen, bei Ausfall seiner Infrastrukturen oder wenn die Leistungen und Dienste ein als anormal angesehenes Verkehrsaufkommen erzeugen. enpistelulu.com und der Hosting-Anbieter k\u00f6nnen nicht f\u00fcr St\u00f6rungen des Internet-Netzwerks, der Telefonleitungen oder der Computer- und Telefonausr\u00fcstung haftbar gemacht werden, die insbesondere mit einer \u00dcberlastung des Netzwerks zusammenh\u00e4ngen und den Zugang zum Server verhindern.<\/p>\n\n\n\n<h2 class=\"wp-block-heading\" id=\"propriete-intellectuelle-et-contrefacons\">Geistiges Eigentum und F\u00e4lschungen<\/h2>\n\n\n\n<p>enpistelulu.com ist Eigent\u00fcmer der Rechte am geistigen Eigentum und besitzt die Nutzungsrechte f\u00fcr alle auf der Website zug\u00e4nglichen Elemente, insbesondere Texte, Bilder, Grafiken, Logos, Videos, Icons und Sounds. Jede Vervielf\u00e4ltigung, Darstellung, \u00c4nderung, Ver\u00f6ffentlichung und Anpassung aller oder eines Teils der Elemente der Website, unabh\u00e4ngig von den verwendeten Mitteln oder Verfahren, ist untersagt, es sei denn, es liegt eine vorherige schriftliche Genehmigung von enpistelulu.com vor. Jede nicht genehmigte Nutzung der Website oder eines ihrer Elemente wird als F\u00e4lschung angesehen und gem\u00e4\u00df den Bestimmungen der Artikel L.335-2 ff. des franz\u00f6sischen Gesetzbuchs \u00fcber geistiges Eigentum (Code de Propri\u00e9t\u00e9 Intellectuelle) verfolgt.<\/p>\n\n\n\n<h2 class=\"wp-block-heading\" id=\"limitations-de-responsabilite\">Haftungsbeschr\u00e4nkungen<\/h2>\n\n\n\n<p>enpistelulu.com handelt als Herausgeber der Website. enpistelulu.com ist verantwortlich f\u00fcr die Qualit\u00e4t und den Wahrheitsgehalt der von ihm ver\u00f6ffentlichten Inhalte. enpistelulu.com kann nicht f\u00fcr direkte oder indirekte Sch\u00e4den haftbar gemacht werden, die dem Material des Besuchers beim Zugriff auf die Website zugef\u00fcgt werden und die entweder durch die Verwendung von Material entstehen, das nicht den in Punkt 4 angegebenen Spezifikationen entspricht, oder durch das Auftreten eines Bugs oder einer Inkompatibilit\u00e4t.<\/p>\n<\/div><\/div>\n","protected":false},"excerpt":{"rendered":"<p>Rechtliche Hinweise Gem\u00e4\u00df Artikel 6 des Gesetzes Nr. 2004-575 vom 21. Juni 2004 \u00fcber das Vertrauen in die digitale Wirtschaft wird den Besuchern der Website enpistelulu.com die Identit\u00e4t der verschiedenen Akteure im Rahmen der Erstellung und Betreuung dieser Website mitgeteilt: Eigent\u00fcmer: Lucie Niobey El Responsable publication\u00a0: Lucie Niobey El \u2013\u00a0 bonjour@enpistelulu.com Hosting:&nbsp; Infomaniak Network SA, [&hellip;]<\/p>\n","protected":false},"author":2,"featured_media":0,"parent":0,"menu_order":0,"comment_status":"closed","ping_status":"closed","template":"","meta":{"footnotes":""},"class_list":["post-171","page","type-page","status-publish","hentry"],"yoast_head":"<!-- This site is optimized with the Yoast SEO plugin v27.3 - https:\/\/yoast.com\/product\/yoast-seo-wordpress\/ -->\n<title>Mentions l\u00e9gales (DE) - enpistelulu.com<\/title>\n<meta name=\"robots\" content=\"index, follow, max-snippet:-1, max-image-preview:large, max-video-preview:-1\" \/>\n<link rel=\"canonical\" href=\"https:\/\/enpistelulu.com\/de\/rechtliche-hinweise\/\" \/>\n<meta property=\"og:locale\" content=\"de_DE\" \/>\n<meta property=\"og:type\" content=\"article\" \/>\n<meta property=\"og:title\" content=\"Mentions l\u00e9gales (DE) - enpistelulu.com\" \/>\n<meta property=\"og:description\" content=\"Rechtliche Hinweise Gem\u00e4\u00df Artikel 6 des Gesetzes Nr. 2004-575 vom 21. Juni 2004 \u00fcber das Vertrauen in die digitale Wirtschaft wird den Besuchern der Website enpistelulu.com die Identit\u00e4t der verschiedenen Akteure im Rahmen der Erstellung und Betreuung dieser Website mitgeteilt: Eigent\u00fcmer: Lucie Niobey El Responsable publication\u00a0: Lucie Niobey El \u2013\u00a0 bonjour@enpistelulu.com Hosting:&nbsp; Infomaniak Network SA, [&hellip;]\" \/>\n<meta property=\"og:url\" content=\"https:\/\/enpistelulu.com\/de\/rechtliche-hinweise\/\" \/>\n<meta property=\"og:site_name\" content=\"enpistelulu.com\" \/>\n<meta property=\"article:modified_time\" content=\"2025-06-02T03:40:32+00:00\" \/>\n<meta name=\"twitter:card\" content=\"summary_large_image\" \/>\n<meta name=\"twitter:label1\" content=\"Gesch\u00e4tzte Lesezeit\" \/>\n\t<meta name=\"twitter:data1\" content=\"4\u00a0Minuten\" \/>\n<script type=\"application\/ld+json\" class=\"yoast-schema-graph\">{\"@context\":\"https:\\\/\\\/schema.org\",\"@graph\":[{\"@type\":\"WebPage\",\"@id\":\"https:\\\/\\\/enpistelulu.com\\\/de\\\/rechtliche-hinweise\\\/\",\"url\":\"https:\\\/\\\/enpistelulu.com\\\/de\\\/rechtliche-hinweise\\\/\",\"name\":\"Mentions l\u00e9gales (DE) - enpistelulu.com\",\"isPartOf\":{\"@id\":\"https:\\\/\\\/enpistelulu.com\\\/de\\\/#website\"},\"datePublished\":\"2023-08-29T13:41:23+00:00\",\"dateModified\":\"2025-06-02T03:40:32+00:00\",\"inLanguage\":\"de\",\"potentialAction\":[{\"@type\":\"ReadAction\",\"target\":[\"https:\\\/\\\/enpistelulu.com\\\/de\\\/rechtliche-hinweise\\\/\"]}]},{\"@type\":\"WebSite\",\"@id\":\"https:\\\/\\\/enpistelulu.com\\\/de\\\/#website\",\"url\":\"https:\\\/\\\/enpistelulu.com\\\/de\\\/\",\"name\":\"enpistelulu.com\",\"description\":\"\",\"potentialAction\":[{\"@type\":\"SearchAction\",\"target\":{\"@type\":\"EntryPoint\",\"urlTemplate\":\"https:\\\/\\\/enpistelulu.com\\\/de\\\/?s={search_term_string}\"},\"query-input\":{\"@type\":\"PropertyValueSpecification\",\"valueRequired\":true,\"valueName\":\"search_term_string\"}}],\"inLanguage\":\"de\"}]}<\/script>\n<!-- \/ Yoast SEO plugin. -->","yoast_head_json":{"title":"Mentions l\u00e9gales (DE) - enpistelulu.com","robots":{"index":"index","follow":"follow","max-snippet":"max-snippet:-1","max-image-preview":"max-image-preview:large","max-video-preview":"max-video-preview:-1"},"canonical":"https:\/\/enpistelulu.com\/de\/rechtliche-hinweise\/","og_locale":"de_DE","og_type":"article","og_title":"Mentions l\u00e9gales (DE) - enpistelulu.com","og_description":"Rechtliche Hinweise Gem\u00e4\u00df Artikel 6 des Gesetzes Nr. 2004-575 vom 21. Juni 2004 \u00fcber das Vertrauen in die digitale Wirtschaft wird den Besuchern der Website enpistelulu.com die Identit\u00e4t der verschiedenen Akteure im Rahmen der Erstellung und Betreuung dieser Website mitgeteilt: Eigent\u00fcmer: Lucie Niobey El Responsable publication\u00a0: Lucie Niobey El \u2013\u00a0 bonjour@enpistelulu.com Hosting:&nbsp; Infomaniak Network SA, [&hellip;]","og_url":"https:\/\/enpistelulu.com\/de\/rechtliche-hinweise\/","og_site_name":"enpistelulu.com","article_modified_time":"2025-06-02T03:40:32+00:00","twitter_card":"summary_large_image","twitter_misc":{"Gesch\u00e4tzte Lesezeit":"4\u00a0Minuten"},"schema":{"@context":"https:\/\/schema.org","@graph":[{"@type":"WebPage","@id":"https:\/\/enpistelulu.com\/de\/rechtliche-hinweise\/","url":"https:\/\/enpistelulu.com\/de\/rechtliche-hinweise\/","name":"Mentions l\u00e9gales (DE) - enpistelulu.com","isPartOf":{"@id":"https:\/\/enpistelulu.com\/de\/#website"},"datePublished":"2023-08-29T13:41:23+00:00","dateModified":"2025-06-02T03:40:32+00:00","inLanguage":"de","potentialAction":[{"@type":"ReadAction","target":["https:\/\/enpistelulu.com\/de\/rechtliche-hinweise\/"]}]},{"@type":"WebSite","@id":"https:\/\/enpistelulu.com\/de\/#website","url":"https:\/\/enpistelulu.com\/de\/","name":"enpistelulu.com","description":"","potentialAction":[{"@type":"SearchAction","target":{"@type":"EntryPoint","urlTemplate":"https:\/\/enpistelulu.com\/de\/?s={search_term_string}"},"query-input":{"@type":"PropertyValueSpecification","valueRequired":true,"valueName":"search_term_string"}}],"inLanguage":"de"}]}},"_links":{"self":[{"href":"https:\/\/enpistelulu.com\/de\/wp-json\/wp\/v2\/pages\/171","targetHints":{"allow":["GET"]}}],"collection":[{"href":"https:\/\/enpistelulu.com\/de\/wp-json\/wp\/v2\/pages"}],"about":[{"href":"https:\/\/enpistelulu.com\/de\/wp-json\/wp\/v2\/types\/page"}],"author":[{"embeddable":true,"href":"https:\/\/enpistelulu.com\/de\/wp-json\/wp\/v2\/users\/2"}],"replies":[{"embeddable":true,"href":"https:\/\/enpistelulu.com\/de\/wp-json\/wp\/v2\/comments?post=171"}],"version-history":[{"count":3,"href":"https:\/\/enpistelulu.com\/de\/wp-json\/wp\/v2\/pages\/171\/revisions"}],"predecessor-version":[{"id":467,"href":"https:\/\/enpistelulu.com\/de\/wp-json\/wp\/v2\/pages\/171\/revisions\/467"}],"wp:attachment":[{"href":"https:\/\/enpistelulu.com\/de\/wp-json\/wp\/v2\/media?parent=171"}],"curies":[{"name":"wp","href":"https:\/\/api.w.org\/{rel}","templated":true}]}}