










{"id":188,"date":"2023-08-29T16:12:00","date_gmt":"2023-08-29T14:12:00","guid":{"rendered":"https:\/\/enpistelulu.com\/de\/?page_id=188"},"modified":"2025-05-27T16:02:39","modified_gmt":"2025-05-27T14:02:39","slug":"honfleur-familien","status":"publish","type":"page","link":"https:\/\/enpistelulu.com\/de\/touristische-rundgange\/honfleur-familien\/","title":{"rendered":"Honfleur Familien"},"content":{"rendered":"\n<div class=\"wp-block-group parcours-renard\"><div class=\"wp-block-group__inner-container is-layout-constrained wp-block-group-is-layout-constrained\">\n<div style=\"height:200px\" aria-hidden=\"true\" class=\"wp-block-spacer\"><\/div>\n\n\n\n<div class=\"wp-block-group container\"><div class=\"wp-block-group__inner-container is-layout-constrained wp-block-group-is-layout-constrained\">\n<h1 class=\"wp-block-heading has-text-align-center h2 puce-left puce-jaune\">Honfleur Familien<\/h1>\n\n\n\n<div style=\"height:50px\" aria-hidden=\"true\" class=\"wp-block-spacer\"><\/div>\n\n\n\n<div class=\"wp-block-columns colonnes-infos-parcours is-layout-flex wp-container-core-columns-is-layout-9d6595d7 wp-block-columns-is-layout-flex\">\n<div class=\"wp-block-column is-layout-flow wp-block-column-is-layout-flow\">\n<p class=\"has-text-color\" style=\"color:#ffcc33\">Lulu, der Pirat, hat seinen Schatz verloren. Wo k\u00f6nnte er sein?<br><strong><mark class=\"has-inline-color has-black-color\">Folgen Sie Lulus Anweisungen, um herauszufinden, wohin Sie gehen m\u00fcssen, und schreiben Sie Ihre Antworten in die vorgesehenen K\u00e4stchen. Sie werden einen L\u00fcckentext vervollst\u00e4ndigen, der Ihnen bei der Aufl\u00f6sung der Geschichte helfen wird.<\/mark><\/strong><\/p>\n\n\n\n<p>Dieser Rundgang unterliegt den <br>\u00d6ffnungszeiten der Parks und G\u00e4rten:<\/p>\n\n\n\n<ul class=\"wp-block-list\">\n<li style=\"font-size:24px;font-style:normal;font-weight:500\">1. Mai bis 31. August: 8:00-21:00 Uhr<\/li>\n\n\n\n<li style=\"font-size:24px;font-style:normal;font-weight:500\">1. September bis 30. April: 8:00-19:00 Uhr<\/li>\n<\/ul>\n\n\n\n<p>Schleifen Ihre Kinder bei Spazierg\u00e4ngen die F\u00fc\u00dfe nach? Nachdem Sie \u00fcber alle Linien der Zebrastreifen gesprungen sind (ohne, von Krokodilen gefressen zu werden) und \u00fcber jede T\u00fcrstufe geklettert sind, fehlt Ihnen die Inspiration, wie Sie sie zum Weitergehen bewegen k\u00f6nnen? En piste Lulu ist eine spielerische M\u00f6glichkeit, sie f\u00fcr Ihren Besuch zu begeistern. Der Rundgang beginnt am Vieux Bassin und bildet eine Schleife. Der erste Teil f\u00fchrt Sie durch das Stadtzentrum von Gasse zu Gasse, der zweite Teil bringt Sie zum Strand.<\/p>\n<\/div>\n\n\n\n<div class=\"wp-block-column is-layout-flow wp-block-column-is-layout-flow\" style=\"flex-basis:464px\">\n<div class=\"wp-block-group colonne-bordure-color-jaune colonne-bordure-color\"><div class=\"wp-block-group__inner-container is-layout-constrained wp-block-group-is-layout-constrained\">\n<div class=\"wp-block-group grp-centrer\"><div class=\"wp-block-group__inner-container is-layout-constrained wp-block-group-is-layout-constrained\">\n<p><strong>Preis<\/strong> <strong>:<\/strong> 9\u20ac<\/p>\n\n\n\n<p><strong>Entfernung :<\/strong> 4,1 km<\/p>\n\n\n\n<p><strong>Dauer : <\/strong>2,5 Stunden durchgehend<\/p>\n\n\n\n<p><strong>Start :<\/strong> Vieux Bassin<\/p>\n\n\n\n<div class=\"wp-block-columns is-layout-flex wp-container-core-columns-is-layout-9d6595d7 wp-block-columns-is-layout-flex\">\n<div class=\"wp-block-column is-layout-flow wp-block-column-is-layout-flow\" style=\"flex-basis:95px\">\n<p><strong>Publikum :<\/strong><\/p>\n<\/div>\n\n\n\n<div class=\"wp-block-column is-layout-flow wp-block-column-is-layout-flow\">\n<figure class=\"wp-block-image size-full\"><img decoding=\"async\" src=\"https:\/\/enpistelulu.com\/wp-content\/uploads\/2023\/06\/Calque_1-5.png\" alt=\"\" class=\"wp-image-93\" \/><\/figure>\n<\/div>\n<\/div>\n<\/div><\/div>\n<\/div><\/div>\n<\/div>\n<\/div>\n\n\n\n<div style=\"height:100px\" aria-hidden=\"true\" class=\"wp-block-spacer\"><\/div>\n\n\n\n<p class=\"has-text-align-center btn-lulu-transparent btn-lulu-noir\"><a href=\"?add-to-cart=15\">In&nbsp;den&nbsp;Warenkorb legen<\/a><\/p>\n\n\n\n<div style=\"height:100px\" aria-hidden=\"true\" class=\"wp-block-spacer\"><\/div>\n\n\n\n<figure class=\"wp-block-gallery has-nested-images columns-default is-cropped wp-block-gallery-1 is-layout-flex wp-block-gallery-is-layout-flex\">\n<figure class=\"wp-block-image size-large\"><img decoding=\"async\" data-id=\"845\" src=\"https:\/\/enpistelulu.com\/wp-content\/uploads\/2023\/08\/22_-_Rue_Des_Lingots-2-2-768x1024.png\" alt=\"\" class=\"wp-image-845\" \/><\/figure>\n\n\n\n<figure class=\"wp-block-image size-large\"><img decoding=\"async\" data-id=\"833\" src=\"https:\/\/enpistelulu.com\/wp-content\/uploads\/2023\/08\/50_-_Bateaux_Pirate-768x1024.png\" alt=\"\" class=\"wp-image-833\" \/><\/figure>\n\n\n\n<figure class=\"wp-block-image size-large\"><img decoding=\"async\" data-id=\"834\" src=\"https:\/\/enpistelulu.com\/wp-content\/uploads\/2023\/08\/55_-_Final-1024x768.png\" alt=\"\" class=\"wp-image-834\" \/><\/figure>\n<\/figure>\n<\/div><\/div>\n\n\n\n<div style=\"height:100px\" aria-hidden=\"true\" class=\"wp-block-spacer\"><\/div>\n<\/div><\/div>\n\n\n\n<div class=\"wp-block-group has-background\" style=\"background-color:#f4ede5\"><div class=\"wp-block-group__inner-container is-layout-constrained wp-block-group-is-layout-constrained\">\n<div style=\"height:100px\" aria-hidden=\"true\" class=\"wp-block-spacer\"><\/div>\n\n\n\n<div class=\"wp-block-group container grp-carousel-autre-parcour\"><div class=\"wp-block-group__inner-container is-layout-constrained wp-block-group-is-layout-constrained\">\n<h2 class=\"wp-block-heading has-text-align-center h2\">Die anderen touristischen Rundg\u00e4nge<\/h2>\n\n\n<div class=\"carousel-slider-outer carousel-slider-outer-image-carousel carousel-slider-outer-295\" style=\"--carousel-slider-nav-color:#f1f1f1;--carousel-slider-active-nav-color:#00d1b2;--carousel-slider-arrow-size:48px;--carousel-slider-bullet-size:10px\">\n<div id=\"&#039;id-295\" class=\"carousel-slider carousel-slider-295 arrows-visibility-hover dots-visibility-never arrows-outside dots-center dots-circle owl-carousel\" data-slide-type=\"image-carousel\" data-owl-settings='{\"nav\":true,\"dots\":false,\"slideBy\":1,\"stagePadding\":0,\"margin\":10,\"loop\":true,\"lazyLoad\":false,\"autoplay\":true,\"autoplayTimeout\":5000,\"autoplaySpeed\":500,\"autoplayHoverPause\":true,\"autoWidth\":false,\"responsive\":{\"300\":{\"items\":1},\"576\":{\"items\":1},\"768\":{\"items\":1},\"1024\":{\"items\":2},\"1280\":{\"items\":2},\"1536\":{\"items\":2}}}'>\n<div class=\"carousel-slider__item\">\n\t<a href=\"https:\/\/enpistelulu.com\/de\/touristische-rundgange\/honfleur-familien\/\" target=\"_self\"><img loading=\"lazy\" decoding=\"async\" width=\"1824\" height=\"1932\" src=\"https:\/\/enpistelulu.com\/de\/wp-content\/uploads\/sites\/3\/2023\/08\/parcours-pirate-DE.png\" class=\"attachment-full size-full\" alt=\"\" srcset=\"https:\/\/enpistelulu.com\/de\/wp-content\/uploads\/sites\/3\/2023\/08\/parcours-pirate-DE.png 1824w, https:\/\/enpistelulu.com\/de\/wp-content\/uploads\/sites\/3\/2023\/08\/parcours-pirate-DE-283x300.png 283w, https:\/\/enpistelulu.com\/de\/wp-content\/uploads\/sites\/3\/2023\/08\/parcours-pirate-DE-967x1024.png 967w, https:\/\/enpistelulu.com\/de\/wp-content\/uploads\/sites\/3\/2023\/08\/parcours-pirate-DE-768x813.png 768w, https:\/\/enpistelulu.com\/de\/wp-content\/uploads\/sites\/3\/2023\/08\/parcours-pirate-DE-1450x1536.png 1450w, https:\/\/enpistelulu.com\/de\/wp-content\/uploads\/sites\/3\/2023\/08\/parcours-pirate-DE-1020x1080.png 1020w, https:\/\/enpistelulu.com\/de\/wp-content\/uploads\/sites\/3\/2023\/08\/parcours-pirate-DE-510x540.png 510w, https:\/\/enpistelulu.com\/de\/wp-content\/uploads\/sites\/3\/2023\/08\/parcours-pirate-DE-359x380.png 359w, https:\/\/enpistelulu.com\/de\/wp-content\/uploads\/sites\/3\/2023\/08\/parcours-pirate-DE-227x240.png 227w, https:\/\/enpistelulu.com\/de\/wp-content\/uploads\/sites\/3\/2023\/08\/parcours-pirate-DE-170x180.png 170w, https:\/\/enpistelulu.com\/de\/wp-content\/uploads\/sites\/3\/2023\/08\/parcours-pirate-DE-600x636.png 600w\" sizes=\"auto, (max-width: 1824px) 100vw, 1824px\" \/><\/a><\/div>\n\n<div class=\"carousel-slider__item\">\n\t<a href=\"https:\/\/enpistelulu.com\/de\/touristische-rundgange\/honfleur-entdecken\/\" target=\"_self\"><img loading=\"lazy\" decoding=\"async\" width=\"1824\" height=\"1932\" src=\"https:\/\/enpistelulu.com\/de\/wp-content\/uploads\/sites\/3\/2024\/10\/parcours-renard-DE-2.png\" class=\"attachment-full size-full\" alt=\"\" srcset=\"https:\/\/enpistelulu.com\/de\/wp-content\/uploads\/sites\/3\/2024\/10\/parcours-renard-DE-2.png 1824w, https:\/\/enpistelulu.com\/de\/wp-content\/uploads\/sites\/3\/2024\/10\/parcours-renard-DE-2-283x300.png 283w, https:\/\/enpistelulu.com\/de\/wp-content\/uploads\/sites\/3\/2024\/10\/parcours-renard-DE-2-967x1024.png 967w, https:\/\/enpistelulu.com\/de\/wp-content\/uploads\/sites\/3\/2024\/10\/parcours-renard-DE-2-768x813.png 768w, https:\/\/enpistelulu.com\/de\/wp-content\/uploads\/sites\/3\/2024\/10\/parcours-renard-DE-2-1450x1536.png 1450w, https:\/\/enpistelulu.com\/de\/wp-content\/uploads\/sites\/3\/2024\/10\/parcours-renard-DE-2-1020x1080.png 1020w, https:\/\/enpistelulu.com\/de\/wp-content\/uploads\/sites\/3\/2024\/10\/parcours-renard-DE-2-510x540.png 510w, https:\/\/enpistelulu.com\/de\/wp-content\/uploads\/sites\/3\/2024\/10\/parcours-renard-DE-2-359x380.png 359w, https:\/\/enpistelulu.com\/de\/wp-content\/uploads\/sites\/3\/2024\/10\/parcours-renard-DE-2-227x240.png 227w, https:\/\/enpistelulu.com\/de\/wp-content\/uploads\/sites\/3\/2024\/10\/parcours-renard-DE-2-170x180.png 170w, https:\/\/enpistelulu.com\/de\/wp-content\/uploads\/sites\/3\/2024\/10\/parcours-renard-DE-2-600x636.png 600w\" sizes=\"auto, (max-width: 1824px) 100vw, 1824px\" \/><\/a><\/div>\n\n<div class=\"carousel-slider__item\">\n\t<a href=\"https:\/\/enpistelulu.com\/de\/touristische-rundgange\/honfleur-kinderwagen\/\" target=\"_self\"><img loading=\"lazy\" decoding=\"async\" width=\"1824\" height=\"1932\" src=\"https:\/\/enpistelulu.com\/de\/wp-content\/uploads\/sites\/3\/2024\/10\/parcours-crevette-DE.png\" class=\"attachment-full size-full\" alt=\"\" srcset=\"https:\/\/enpistelulu.com\/de\/wp-content\/uploads\/sites\/3\/2024\/10\/parcours-crevette-DE.png 1824w, https:\/\/enpistelulu.com\/de\/wp-content\/uploads\/sites\/3\/2024\/10\/parcours-crevette-DE-283x300.png 283w, https:\/\/enpistelulu.com\/de\/wp-content\/uploads\/sites\/3\/2024\/10\/parcours-crevette-DE-967x1024.png 967w, https:\/\/enpistelulu.com\/de\/wp-content\/uploads\/sites\/3\/2024\/10\/parcours-crevette-DE-768x813.png 768w, https:\/\/enpistelulu.com\/de\/wp-content\/uploads\/sites\/3\/2024\/10\/parcours-crevette-DE-1450x1536.png 1450w, https:\/\/enpistelulu.com\/de\/wp-content\/uploads\/sites\/3\/2024\/10\/parcours-crevette-DE-1020x1080.png 1020w, https:\/\/enpistelulu.com\/de\/wp-content\/uploads\/sites\/3\/2024\/10\/parcours-crevette-DE-510x540.png 510w, https:\/\/enpistelulu.com\/de\/wp-content\/uploads\/sites\/3\/2024\/10\/parcours-crevette-DE-359x380.png 359w, https:\/\/enpistelulu.com\/de\/wp-content\/uploads\/sites\/3\/2024\/10\/parcours-crevette-DE-227x240.png 227w, https:\/\/enpistelulu.com\/de\/wp-content\/uploads\/sites\/3\/2024\/10\/parcours-crevette-DE-170x180.png 170w, https:\/\/enpistelulu.com\/de\/wp-content\/uploads\/sites\/3\/2024\/10\/parcours-crevette-DE-600x636.png 600w\" sizes=\"auto, (max-width: 1824px) 100vw, 1824px\" \/><\/a><\/div>\n\n<\/div><!-- .carousel-slider-295 -->\n<\/div><!-- .carousel-slider-outer-295 -->\n\n\n\n\n<div style=\"height:20px\" aria-hidden=\"true\" class=\"wp-block-spacer\"><\/div>\n\n\n\n<p class=\"has-text-align-center btn-lulu-transparent btn-lulu-noir\"><a href=\"https:\/\/enpistelulu.com\/de\/touristische-rundgange\/\">Alle Rundg\u00e4nge anzeigen<\/a><\/p>\n<\/div><\/div>\n\n\n\n<div style=\"height:100px\" aria-hidden=\"true\" class=\"wp-block-spacer\"><\/div>\n<\/div><\/div>\n","protected":false},"excerpt":{"rendered":"<p>Honfleur Familien Lulu, der Pirat, hat seinen Schatz verloren. Wo k\u00f6nnte er sein?Folgen Sie Lulus Anweisungen, um herauszufinden, wohin Sie gehen m\u00fcssen, und schreiben Sie Ihre Antworten in die vorgesehenen K\u00e4stchen. Sie werden einen L\u00fcckentext vervollst\u00e4ndigen, der Ihnen bei der Aufl\u00f6sung der Geschichte helfen wird. Dieser Rundgang unterliegt den \u00d6ffnungszeiten der Parks und G\u00e4rten: Schleifen [&hellip;]<\/p>\n","protected":false},"author":2,"featured_media":0,"parent":173,"menu_order":0,"comment_status":"closed","ping_status":"closed","template":"","meta":{"footnotes":""},"class_list":["post-188","page","type-page","status-publish","hentry"],"yoast_head":"<!-- This site is optimized with the Yoast SEO plugin v27.3 - https:\/\/yoast.com\/product\/yoast-seo-wordpress\/ -->\n<title>Honfleur Familien - enpistelulu.com<\/title>\n<meta name=\"robots\" content=\"index, follow, max-snippet:-1, max-image-preview:large, max-video-preview:-1\" \/>\n<link rel=\"canonical\" href=\"https:\/\/enpistelulu.com\/de\/touristische-rundgange\/honfleur-familien\/\" \/>\n<meta property=\"og:locale\" content=\"de_DE\" \/>\n<meta property=\"og:type\" content=\"article\" \/>\n<meta property=\"og:title\" content=\"Honfleur Familien - enpistelulu.com\" \/>\n<meta property=\"og:description\" content=\"Honfleur Familien Lulu, der Pirat, hat seinen Schatz verloren. Wo k\u00f6nnte er sein?Folgen Sie Lulus Anweisungen, um herauszufinden, wohin Sie gehen m\u00fcssen, und schreiben Sie Ihre Antworten in die vorgesehenen K\u00e4stchen. Sie werden einen L\u00fcckentext vervollst\u00e4ndigen, der Ihnen bei der Aufl\u00f6sung der Geschichte helfen wird. Dieser Rundgang unterliegt den \u00d6ffnungszeiten der Parks und G\u00e4rten: Schleifen [&hellip;]\" \/>\n<meta property=\"og:url\" content=\"https:\/\/enpistelulu.com\/de\/touristische-rundgange\/honfleur-familien\/\" \/>\n<meta property=\"og:site_name\" content=\"enpistelulu.com\" \/>\n<meta property=\"article:modified_time\" content=\"2025-05-27T14:02:39+00:00\" \/>\n<meta property=\"og:image\" content=\"https:\/\/enpistelulu.com\/wp-content\/uploads\/2023\/06\/Calque_1-5.png\" \/>\n<meta name=\"twitter:card\" content=\"summary_large_image\" \/>\n<meta name=\"twitter:label1\" content=\"Gesch\u00e4tzte Lesezeit\" \/>\n\t<meta name=\"twitter:data1\" content=\"2\u00a0Minuten\" \/>\n<script type=\"application\/ld+json\" class=\"yoast-schema-graph\">{\"@context\":\"https:\\\/\\\/schema.org\",\"@graph\":[{\"@type\":\"WebPage\",\"@id\":\"https:\\\/\\\/enpistelulu.com\\\/de\\\/touristische-rundgange\\\/honfleur-familien\\\/\",\"url\":\"https:\\\/\\\/enpistelulu.com\\\/de\\\/touristische-rundgange\\\/honfleur-familien\\\/\",\"name\":\"Honfleur Familien - enpistelulu.com\",\"isPartOf\":{\"@id\":\"https:\\\/\\\/enpistelulu.com\\\/de\\\/#website\"},\"primaryImageOfPage\":{\"@id\":\"https:\\\/\\\/enpistelulu.com\\\/de\\\/touristische-rundgange\\\/honfleur-familien\\\/#primaryimage\"},\"image\":{\"@id\":\"https:\\\/\\\/enpistelulu.com\\\/de\\\/touristische-rundgange\\\/honfleur-familien\\\/#primaryimage\"},\"thumbnailUrl\":\"https:\\\/\\\/enpistelulu.com\\\/wp-content\\\/uploads\\\/2023\\\/06\\\/Calque_1-5.png\",\"datePublished\":\"2023-08-29T14:12:00+00:00\",\"dateModified\":\"2025-05-27T14:02:39+00:00\",\"breadcrumb\":{\"@id\":\"https:\\\/\\\/enpistelulu.com\\\/de\\\/touristische-rundgange\\\/honfleur-familien\\\/#breadcrumb\"},\"inLanguage\":\"de\",\"potentialAction\":[{\"@type\":\"ReadAction\",\"target\":[\"https:\\\/\\\/enpistelulu.com\\\/de\\\/touristische-rundgange\\\/honfleur-familien\\\/\"]}]},{\"@type\":\"ImageObject\",\"inLanguage\":\"de\",\"@id\":\"https:\\\/\\\/enpistelulu.com\\\/de\\\/touristische-rundgange\\\/honfleur-familien\\\/#primaryimage\",\"url\":\"https:\\\/\\\/enpistelulu.com\\\/wp-content\\\/uploads\\\/2023\\\/06\\\/Calque_1-5.png\",\"contentUrl\":\"https:\\\/\\\/enpistelulu.com\\\/wp-content\\\/uploads\\\/2023\\\/06\\\/Calque_1-5.png\"},{\"@type\":\"BreadcrumbList\",\"@id\":\"https:\\\/\\\/enpistelulu.com\\\/de\\\/touristische-rundgange\\\/honfleur-familien\\\/#breadcrumb\",\"itemListElement\":[{\"@type\":\"ListItem\",\"position\":1,\"name\":\"Touristische Rundg\u00e4nge\",\"item\":\"https:\\\/\\\/enpistelulu.com\\\/de\\\/touristische-rundgange\\\/\"},{\"@type\":\"ListItem\",\"position\":2,\"name\":\"Honfleur Familien\"}]},{\"@type\":\"WebSite\",\"@id\":\"https:\\\/\\\/enpistelulu.com\\\/de\\\/#website\",\"url\":\"https:\\\/\\\/enpistelulu.com\\\/de\\\/\",\"name\":\"enpistelulu.com\",\"description\":\"\",\"potentialAction\":[{\"@type\":\"SearchAction\",\"target\":{\"@type\":\"EntryPoint\",\"urlTemplate\":\"https:\\\/\\\/enpistelulu.com\\\/de\\\/?s={search_term_string}\"},\"query-input\":{\"@type\":\"PropertyValueSpecification\",\"valueRequired\":true,\"valueName\":\"search_term_string\"}}],\"inLanguage\":\"de\"}]}<\/script>\n<!-- \/ Yoast SEO plugin. -->","yoast_head_json":{"title":"Honfleur Familien - enpistelulu.com","robots":{"index":"index","follow":"follow","max-snippet":"max-snippet:-1","max-image-preview":"max-image-preview:large","max-video-preview":"max-video-preview:-1"},"canonical":"https:\/\/enpistelulu.com\/de\/touristische-rundgange\/honfleur-familien\/","og_locale":"de_DE","og_type":"article","og_title":"Honfleur Familien - enpistelulu.com","og_description":"Honfleur Familien Lulu, der Pirat, hat seinen Schatz verloren. Wo k\u00f6nnte er sein?Folgen Sie Lulus Anweisungen, um herauszufinden, wohin Sie gehen m\u00fcssen, und schreiben Sie Ihre Antworten in die vorgesehenen K\u00e4stchen. Sie werden einen L\u00fcckentext vervollst\u00e4ndigen, der Ihnen bei der Aufl\u00f6sung der Geschichte helfen wird. Dieser Rundgang unterliegt den \u00d6ffnungszeiten der Parks und G\u00e4rten: Schleifen [&hellip;]","og_url":"https:\/\/enpistelulu.com\/de\/touristische-rundgange\/honfleur-familien\/","og_site_name":"enpistelulu.com","article_modified_time":"2025-05-27T14:02:39+00:00","og_image":[{"url":"https:\/\/enpistelulu.com\/wp-content\/uploads\/2023\/06\/Calque_1-5.png","type":"","width":"","height":""}],"twitter_card":"summary_large_image","twitter_misc":{"Gesch\u00e4tzte Lesezeit":"2\u00a0Minuten"},"schema":{"@context":"https:\/\/schema.org","@graph":[{"@type":"WebPage","@id":"https:\/\/enpistelulu.com\/de\/touristische-rundgange\/honfleur-familien\/","url":"https:\/\/enpistelulu.com\/de\/touristische-rundgange\/honfleur-familien\/","name":"Honfleur Familien - enpistelulu.com","isPartOf":{"@id":"https:\/\/enpistelulu.com\/de\/#website"},"primaryImageOfPage":{"@id":"https:\/\/enpistelulu.com\/de\/touristische-rundgange\/honfleur-familien\/#primaryimage"},"image":{"@id":"https:\/\/enpistelulu.com\/de\/touristische-rundgange\/honfleur-familien\/#primaryimage"},"thumbnailUrl":"https:\/\/enpistelulu.com\/wp-content\/uploads\/2023\/06\/Calque_1-5.png","datePublished":"2023-08-29T14:12:00+00:00","dateModified":"2025-05-27T14:02:39+00:00","breadcrumb":{"@id":"https:\/\/enpistelulu.com\/de\/touristische-rundgange\/honfleur-familien\/#breadcrumb"},"inLanguage":"de","potentialAction":[{"@type":"ReadAction","target":["https:\/\/enpistelulu.com\/de\/touristische-rundgange\/honfleur-familien\/"]}]},{"@type":"ImageObject","inLanguage":"de","@id":"https:\/\/enpistelulu.com\/de\/touristische-rundgange\/honfleur-familien\/#primaryimage","url":"https:\/\/enpistelulu.com\/wp-content\/uploads\/2023\/06\/Calque_1-5.png","contentUrl":"https:\/\/enpistelulu.com\/wp-content\/uploads\/2023\/06\/Calque_1-5.png"},{"@type":"BreadcrumbList","@id":"https:\/\/enpistelulu.com\/de\/touristische-rundgange\/honfleur-familien\/#breadcrumb","itemListElement":[{"@type":"ListItem","position":1,"name":"Touristische Rundg\u00e4nge","item":"https:\/\/enpistelulu.com\/de\/touristische-rundgange\/"},{"@type":"ListItem","position":2,"name":"Honfleur Familien"}]},{"@type":"WebSite","@id":"https:\/\/enpistelulu.com\/de\/#website","url":"https:\/\/enpistelulu.com\/de\/","name":"enpistelulu.com","description":"","potentialAction":[{"@type":"SearchAction","target":{"@type":"EntryPoint","urlTemplate":"https:\/\/enpistelulu.com\/de\/?s={search_term_string}"},"query-input":{"@type":"PropertyValueSpecification","valueRequired":true,"valueName":"search_term_string"}}],"inLanguage":"de"}]}},"_links":{"self":[{"href":"https:\/\/enpistelulu.com\/de\/wp-json\/wp\/v2\/pages\/188","targetHints":{"allow":["GET"]}}],"collection":[{"href":"https:\/\/enpistelulu.com\/de\/wp-json\/wp\/v2\/pages"}],"about":[{"href":"https:\/\/enpistelulu.com\/de\/wp-json\/wp\/v2\/types\/page"}],"author":[{"embeddable":true,"href":"https:\/\/enpistelulu.com\/de\/wp-json\/wp\/v2\/users\/2"}],"replies":[{"embeddable":true,"href":"https:\/\/enpistelulu.com\/de\/wp-json\/wp\/v2\/comments?post=188"}],"version-history":[{"count":12,"href":"https:\/\/enpistelulu.com\/de\/wp-json\/wp\/v2\/pages\/188\/revisions"}],"predecessor-version":[{"id":465,"href":"https:\/\/enpistelulu.com\/de\/wp-json\/wp\/v2\/pages\/188\/revisions\/465"}],"up":[{"embeddable":true,"href":"https:\/\/enpistelulu.com\/de\/wp-json\/wp\/v2\/pages\/173"}],"wp:attachment":[{"href":"https:\/\/enpistelulu.com\/de\/wp-json\/wp\/v2\/media?parent=188"}],"curies":[{"name":"wp","href":"https:\/\/api.w.org\/{rel}","templated":true}]}}