










{"id":478,"date":"2025-06-19T11:36:37","date_gmt":"2025-06-19T09:36:37","guid":{"rendered":"https:\/\/enpistelulu.com\/de\/?page_id=478"},"modified":"2025-06-23T22:54:15","modified_gmt":"2025-06-23T20:54:15","slug":"blog","status":"publish","type":"page","link":"https:\/\/enpistelulu.com\/de\/blog\/","title":{"rendered":"Blog"},"content":{"rendered":"\n<div style=\"height:200px\" aria-hidden=\"true\" class=\"wp-block-spacer\"><\/div>\n\n\n\n<div class=\"wp-block-group has-background\" style=\"background-color:#f4ede5\"><div class=\"wp-block-group__inner-container is-layout-constrained wp-block-group-is-layout-constrained\">\n<div class=\"wp-block-group container\"><div class=\"wp-block-group__inner-container is-layout-constrained wp-block-group-is-layout-constrained\">\n<div style=\"height:100px\" aria-hidden=\"true\" class=\"wp-block-spacer\"><\/div>\n\n\n\n<h1 class=\"wp-block-heading has-text-align-left h2 puce-right puce-orange\">Willkommen auf Lulus Blog<\/h1>\n\n\n\n<div style=\"height:30px\" aria-hidden=\"true\" class=\"wp-block-spacer\"><\/div>\n\n\n\n<div class=\"wp-block-media-text has-media-on-the-right is-stacked-on-mobile le-concept\" style=\"grid-template-columns:auto 24%\"><div class=\"wp-block-media-text__content\">\n<p>Entdecken Sie eine neue Art, Honfleur und die Normandie mit der Familie zu erkunden. Hier ist jeder Artikel eine Einladung zum Abenteuer, bei dem Jung und Alt Ideen finden, um ihre Ausfl\u00fcge einzigartig und unvergesslich zu gestalten.<\/p>\n\n\n\n<p>Suchen Sie nach unterhaltsamen Aktivit\u00e4ten, unverzichtbaren Veranstaltungen oder Tipps, wie Sie entspannt mit Kindern reisen k\u00f6nnen? Dieser Blog ist genau das Richtige f\u00fcr Sie! Zwischen kulturellen Entdeckungen, Naturmomenten und praktischen Ratschl\u00e4gen begleitet Sie Lulu mit Inhalten, die Ihre Besuche in echte Familienabenteuer verwandeln.<\/p>\n\n\n\n<p>Bereit zum Einsteigen? Entdecken Sie unsere Kategorien, um Ihre n\u00e4chste Expedition zu planen. Und nicht vergessen: Mit En piste Lulu wird jeder Ausflug zum Spiel!<\/p>\n<\/div><figure class=\"wp-block-media-text__media\"><img decoding=\"async\" src=\"https:\/\/enpistelulu.com\/wp-content\/uploads\/2025\/05\/img-accueil2-992x1024.png\" alt=\"\" class=\"wp-image-1483 size-full\" \/><\/figure><\/div>\n\n\n\n<div style=\"height:30px\" aria-hidden=\"true\" class=\"wp-block-spacer\"><\/div>\n\n\n<div id=\"grid-actualite-liste-blog\"><div class=\"article-blog-liste\">\n                <a href=\"https:\/\/enpistelulu.com\/de\/blog\/honfleur-mit-kindern-eine-entdeckung-auf-augenhoehe\/\">\n                    <figure class=\"wp-block-image size-full\">\n                        <img loading=\"lazy\" decoding=\"async\" src=\"https:\/\/enpistelulu.com\/de\/wp-content\/uploads\/sites\/3\/2026\/02\/vignette7.jpg\" alt=\"Honfleur mit Kindern: eine Entdeckung auf Augenh\u00f6he\">\n                    <\/figure>\n                    <div class=\"contenu\">\n                        <h2>Honfleur mit Kindern: eine Entdeckung auf Augenh\u00f6he<\/h2>\n                    <\/div>\n                <\/a>\n            <\/div><div class=\"article-blog-liste\">\n                <a href=\"https:\/\/enpistelulu.com\/de\/blog\/was-man-in-honfleur-mit-kindern-bei-regen-unternehmen-kann\/\">\n                    <figure class=\"wp-block-image size-full\">\n                        <img loading=\"lazy\" decoding=\"async\" src=\"https:\/\/enpistelulu.com\/de\/wp-content\/uploads\/sites\/3\/2025\/10\/5.jpg\" alt=\"Was man in Honfleur mit Kindern bei Regen unternehmen kann\">\n                    <\/figure>\n                    <div class=\"contenu\">\n                        <h2>Was man in Honfleur mit Kindern bei Regen unternehmen kann<\/h2>\n                    <\/div>\n                <\/a>\n            <\/div><div class=\"article-blog-liste\">\n                <a href=\"https:\/\/enpistelulu.com\/de\/blog\/was-kann-man-im-september-in-honfleur-machen-meine-6-lieblingsaktivitaeten\/\">\n                    <figure class=\"wp-block-image size-full\">\n                        <img loading=\"lazy\" decoding=\"async\" src=\"https:\/\/enpistelulu.com\/de\/wp-content\/uploads\/sites\/3\/2025\/09\/4vignette.jpg\" alt=\"Was kann man im September in Honfleur machen? Meine 6 Lieblingsaktivit\u00e4ten\">\n                    <\/figure>\n                    <div class=\"contenu\">\n                        <h2>Was kann man im September in Honfleur machen? Meine 6 Lieblingsaktivit\u00e4ten<\/h2>\n                    <\/div>\n                <\/a>\n            <\/div><div class=\"article-blog-liste\">\n                <a href=\"https:\/\/enpistelulu.com\/de\/blog\/honfleur-mit-kindern-die-besten-familienaktivitaeten\/\">\n                    <figure class=\"wp-block-image size-full\">\n                        <img loading=\"lazy\" decoding=\"async\" src=\"https:\/\/enpistelulu.com\/de\/wp-content\/uploads\/sites\/3\/2025\/06\/3vignette-.png\" alt=\"Honfleur mit Kindern: die besten Familienaktivit\u00e4ten\">\n                    <\/figure>\n                    <div class=\"contenu\">\n                        <h2>Honfleur mit Kindern: die besten Familienaktivit\u00e4ten<\/h2>\n                    <\/div>\n                <\/a>\n            <\/div><div class=\"article-blog-liste\">\n                <a href=\"https:\/\/enpistelulu.com\/de\/blog\/honfleur-spielerisch-entdecken-digitale-rundgaenge-fuer-familienabenteuer\/\">\n                    <figure class=\"wp-block-image size-full\">\n                        <img loading=\"lazy\" decoding=\"async\" src=\"https:\/\/enpistelulu.com\/de\/wp-content\/uploads\/sites\/3\/2025\/06\/2vignette-.png\" alt=\"Honfleur spielerisch entdecken: Digitale Rundg\u00e4nge f\u00fcr Familienabenteuer\">\n                    <\/figure>\n                    <div class=\"contenu\">\n                        <h2>Honfleur spielerisch entdecken: Digitale Rundg\u00e4nge f\u00fcr Familienabenteuer<\/h2>\n                    <\/div>\n                <\/a>\n            <\/div><div class=\"article-blog-liste\">\n                <a href=\"https:\/\/enpistelulu.com\/de\/blog\/warum-honfleur-das-perfekte-reiseziel-fuer-familien-ist\/\">\n                    <figure class=\"wp-block-image size-full\">\n                        <img loading=\"lazy\" decoding=\"async\" src=\"https:\/\/enpistelulu.com\/de\/wp-content\/uploads\/sites\/3\/2025\/06\/1vignette-.png\" alt=\"Warum Honfleur das perfekte Reiseziel f\u00fcr Familien ist\">\n                    <\/figure>\n                    <div class=\"contenu\">\n                        <h2>Warum Honfleur das perfekte Reiseziel f\u00fcr Familien ist<\/h2>\n                    <\/div>\n                <\/a>\n            <\/div><\/div>\n<\/div><\/div>\n\n\n\n<div style=\"height:60px\" aria-hidden=\"true\" class=\"wp-block-spacer\"><\/div>\n<\/div><\/div>\n","protected":false},"excerpt":{"rendered":"<p>Willkommen auf Lulus Blog Entdecken Sie eine neue Art, Honfleur und die Normandie mit der Familie zu erkunden. Hier ist jeder Artikel eine Einladung zum Abenteuer, bei dem Jung und Alt Ideen finden, um ihre Ausfl\u00fcge einzigartig und unvergesslich zu gestalten. Suchen Sie nach unterhaltsamen Aktivit\u00e4ten, unverzichtbaren Veranstaltungen oder Tipps, wie Sie entspannt mit Kindern [&hellip;]<\/p>\n","protected":false},"author":2,"featured_media":0,"parent":0,"menu_order":0,"comment_status":"closed","ping_status":"closed","template":"","meta":{"footnotes":""},"class_list":["post-478","page","type-page","status-publish","hentry"],"yoast_head":"<!-- This site is optimized with the Yoast SEO plugin v27.3 - https:\/\/yoast.com\/product\/yoast-seo-wordpress\/ -->\n<title>Blog - enpistelulu.com<\/title>\n<meta name=\"robots\" content=\"index, follow, max-snippet:-1, max-image-preview:large, max-video-preview:-1\" \/>\n<link rel=\"canonical\" href=\"https:\/\/enpistelulu.com\/de\/blog\/\" \/>\n<meta property=\"og:locale\" content=\"de_DE\" \/>\n<meta property=\"og:type\" content=\"article\" \/>\n<meta property=\"og:title\" content=\"Blog - enpistelulu.com\" \/>\n<meta property=\"og:description\" content=\"Willkommen auf Lulus Blog Entdecken Sie eine neue Art, Honfleur und die Normandie mit der Familie zu erkunden. Hier ist jeder Artikel eine Einladung zum Abenteuer, bei dem Jung und Alt Ideen finden, um ihre Ausfl\u00fcge einzigartig und unvergesslich zu gestalten. Suchen Sie nach unterhaltsamen Aktivit\u00e4ten, unverzichtbaren Veranstaltungen oder Tipps, wie Sie entspannt mit Kindern [&hellip;]\" \/>\n<meta property=\"og:url\" content=\"https:\/\/enpistelulu.com\/de\/blog\/\" \/>\n<meta property=\"og:site_name\" content=\"enpistelulu.com\" \/>\n<meta property=\"article:modified_time\" content=\"2025-06-23T20:54:15+00:00\" \/>\n<meta property=\"og:image\" content=\"https:\/\/enpistelulu.com\/wp-content\/uploads\/2025\/05\/img-accueil2-992x1024.png\" \/>\n<meta name=\"twitter:card\" content=\"summary_large_image\" \/>\n<meta name=\"twitter:label1\" content=\"Gesch\u00e4tzte Lesezeit\" \/>\n\t<meta name=\"twitter:data1\" content=\"1\u00a0Minute\" \/>\n<script type=\"application\/ld+json\" class=\"yoast-schema-graph\">{\"@context\":\"https:\\\/\\\/schema.org\",\"@graph\":[{\"@type\":\"WebPage\",\"@id\":\"https:\\\/\\\/enpistelulu.com\\\/de\\\/blog\\\/\",\"url\":\"https:\\\/\\\/enpistelulu.com\\\/de\\\/blog\\\/\",\"name\":\"Blog - enpistelulu.com\",\"isPartOf\":{\"@id\":\"https:\\\/\\\/enpistelulu.com\\\/de\\\/#website\"},\"primaryImageOfPage\":{\"@id\":\"https:\\\/\\\/enpistelulu.com\\\/de\\\/blog\\\/#primaryimage\"},\"image\":{\"@id\":\"https:\\\/\\\/enpistelulu.com\\\/de\\\/blog\\\/#primaryimage\"},\"thumbnailUrl\":\"https:\\\/\\\/enpistelulu.com\\\/wp-content\\\/uploads\\\/2025\\\/05\\\/img-accueil2-992x1024.png\",\"datePublished\":\"2025-06-19T09:36:37+00:00\",\"dateModified\":\"2025-06-23T20:54:15+00:00\",\"inLanguage\":\"de\",\"potentialAction\":[{\"@type\":\"ReadAction\",\"target\":[\"https:\\\/\\\/enpistelulu.com\\\/de\\\/blog\\\/\"]}]},{\"@type\":\"ImageObject\",\"inLanguage\":\"de\",\"@id\":\"https:\\\/\\\/enpistelulu.com\\\/de\\\/blog\\\/#primaryimage\",\"url\":\"https:\\\/\\\/enpistelulu.com\\\/wp-content\\\/uploads\\\/2025\\\/05\\\/img-accueil2-992x1024.png\",\"contentUrl\":\"https:\\\/\\\/enpistelulu.com\\\/wp-content\\\/uploads\\\/2025\\\/05\\\/img-accueil2-992x1024.png\"},{\"@type\":\"WebSite\",\"@id\":\"https:\\\/\\\/enpistelulu.com\\\/de\\\/#website\",\"url\":\"https:\\\/\\\/enpistelulu.com\\\/de\\\/\",\"name\":\"enpistelulu.com\",\"description\":\"\",\"potentialAction\":[{\"@type\":\"SearchAction\",\"target\":{\"@type\":\"EntryPoint\",\"urlTemplate\":\"https:\\\/\\\/enpistelulu.com\\\/de\\\/?s={search_term_string}\"},\"query-input\":{\"@type\":\"PropertyValueSpecification\",\"valueRequired\":true,\"valueName\":\"search_term_string\"}}],\"inLanguage\":\"de\"}]}<\/script>\n<!-- \/ Yoast SEO plugin. -->","yoast_head_json":{"title":"Blog - enpistelulu.com","robots":{"index":"index","follow":"follow","max-snippet":"max-snippet:-1","max-image-preview":"max-image-preview:large","max-video-preview":"max-video-preview:-1"},"canonical":"https:\/\/enpistelulu.com\/de\/blog\/","og_locale":"de_DE","og_type":"article","og_title":"Blog - enpistelulu.com","og_description":"Willkommen auf Lulus Blog Entdecken Sie eine neue Art, Honfleur und die Normandie mit der Familie zu erkunden. Hier ist jeder Artikel eine Einladung zum Abenteuer, bei dem Jung und Alt Ideen finden, um ihre Ausfl\u00fcge einzigartig und unvergesslich zu gestalten. Suchen Sie nach unterhaltsamen Aktivit\u00e4ten, unverzichtbaren Veranstaltungen oder Tipps, wie Sie entspannt mit Kindern [&hellip;]","og_url":"https:\/\/enpistelulu.com\/de\/blog\/","og_site_name":"enpistelulu.com","article_modified_time":"2025-06-23T20:54:15+00:00","og_image":[{"url":"https:\/\/enpistelulu.com\/wp-content\/uploads\/2025\/05\/img-accueil2-992x1024.png","type":"","width":"","height":""}],"twitter_card":"summary_large_image","twitter_misc":{"Gesch\u00e4tzte Lesezeit":"1\u00a0Minute"},"schema":{"@context":"https:\/\/schema.org","@graph":[{"@type":"WebPage","@id":"https:\/\/enpistelulu.com\/de\/blog\/","url":"https:\/\/enpistelulu.com\/de\/blog\/","name":"Blog - enpistelulu.com","isPartOf":{"@id":"https:\/\/enpistelulu.com\/de\/#website"},"primaryImageOfPage":{"@id":"https:\/\/enpistelulu.com\/de\/blog\/#primaryimage"},"image":{"@id":"https:\/\/enpistelulu.com\/de\/blog\/#primaryimage"},"thumbnailUrl":"https:\/\/enpistelulu.com\/wp-content\/uploads\/2025\/05\/img-accueil2-992x1024.png","datePublished":"2025-06-19T09:36:37+00:00","dateModified":"2025-06-23T20:54:15+00:00","inLanguage":"de","potentialAction":[{"@type":"ReadAction","target":["https:\/\/enpistelulu.com\/de\/blog\/"]}]},{"@type":"ImageObject","inLanguage":"de","@id":"https:\/\/enpistelulu.com\/de\/blog\/#primaryimage","url":"https:\/\/enpistelulu.com\/wp-content\/uploads\/2025\/05\/img-accueil2-992x1024.png","contentUrl":"https:\/\/enpistelulu.com\/wp-content\/uploads\/2025\/05\/img-accueil2-992x1024.png"},{"@type":"WebSite","@id":"https:\/\/enpistelulu.com\/de\/#website","url":"https:\/\/enpistelulu.com\/de\/","name":"enpistelulu.com","description":"","potentialAction":[{"@type":"SearchAction","target":{"@type":"EntryPoint","urlTemplate":"https:\/\/enpistelulu.com\/de\/?s={search_term_string}"},"query-input":{"@type":"PropertyValueSpecification","valueRequired":true,"valueName":"search_term_string"}}],"inLanguage":"de"}]}},"_links":{"self":[{"href":"https:\/\/enpistelulu.com\/de\/wp-json\/wp\/v2\/pages\/478","targetHints":{"allow":["GET"]}}],"collection":[{"href":"https:\/\/enpistelulu.com\/de\/wp-json\/wp\/v2\/pages"}],"about":[{"href":"https:\/\/enpistelulu.com\/de\/wp-json\/wp\/v2\/types\/page"}],"author":[{"embeddable":true,"href":"https:\/\/enpistelulu.com\/de\/wp-json\/wp\/v2\/users\/2"}],"replies":[{"embeddable":true,"href":"https:\/\/enpistelulu.com\/de\/wp-json\/wp\/v2\/comments?post=478"}],"version-history":[{"count":2,"href":"https:\/\/enpistelulu.com\/de\/wp-json\/wp\/v2\/pages\/478\/revisions"}],"predecessor-version":[{"id":495,"href":"https:\/\/enpistelulu.com\/de\/wp-json\/wp\/v2\/pages\/478\/revisions\/495"}],"wp:attachment":[{"href":"https:\/\/enpistelulu.com\/de\/wp-json\/wp\/v2\/media?parent=478"}],"curies":[{"name":"wp","href":"https:\/\/api.w.org\/{rel}","templated":true}]}}