










{"id":480,"date":"2025-06-19T12:04:18","date_gmt":"2025-06-19T10:04:18","guid":{"rendered":"https:\/\/enpistelulu.com\/de\/?page_id=480"},"modified":"2025-10-27T09:24:07","modified_gmt":"2025-10-27T08:24:07","slug":"warum-honfleur-das-perfekte-reiseziel-fuer-familien-ist","status":"publish","type":"page","link":"https:\/\/enpistelulu.com\/de\/blog\/warum-honfleur-das-perfekte-reiseziel-fuer-familien-ist\/","title":{"rendered":"Warum Honfleur das perfekte Reiseziel f\u00fcr Familien ist"},"content":{"rendered":"\n<div class=\"wp-block-group has-background\" style=\"background-color:#f4ede5\"><div class=\"wp-block-group__inner-container is-layout-constrained wp-block-group-is-layout-constrained\">\n<div style=\"height:250px\" aria-hidden=\"true\" class=\"wp-block-spacer mobile-170\"><\/div>\n\n\n\n<div class=\"wp-block-group container\"><div class=\"wp-block-group__inner-container is-layout-constrained wp-block-group-is-layout-constrained\">\n<div class=\"wp-block-media-text alignwide is-stacked-on-mobile le-concept\"><figure class=\"wp-block-media-text__media\"><img decoding=\"async\" src=\"https:\/\/enpistelulu.com\/wp-content\/uploads\/2025\/05\/1-1024x429.jpg\" alt=\"\" class=\"wp-image-1330 size-full\"\/><\/figure><div class=\"wp-block-media-text__content\">\n<h1 class=\"wp-block-heading h2 puce-right puce-orange\">Warum Honfleur das perfekte Reiseziel f\u00fcr Familien ist<\/h1>\n<\/div><\/div>\n<\/div><\/div>\n\n\n\n<div class=\"wp-block-group container\"><div class=\"wp-block-group__inner-container is-layout-constrained wp-block-group-is-layout-constrained\">\n<div style=\"height:30px\" aria-hidden=\"true\" class=\"wp-block-spacer\"><\/div>\n\n\n\n<p>Lust auf eine Auszeit mit der Familie, ohne weit zu verreisen? F\u00fcr ein Wochenende oder ein paar entspannte Tage ist Honfleur das perfekte Ziel f\u00fcr Familien, jedes Jahr aufs Neue.<\/p>\n\n\n\n<p>Ob Bummeln durch enge Gassen, entspannen am Strand, spazieren im riesigen Parc des Personnalit\u00e9s oder Museumsbesuche, hier ist f\u00fcr alle etwas dabei. Ganz entspannt, autofrei und auf menschlicher Gr\u00f6\u00dfe.<\/p>\n<\/div><\/div>\n\n\n\n<div style=\"height:100px\" aria-hidden=\"true\" class=\"wp-block-spacer\"><\/div>\n<\/div><\/div>\n\n\n\n<div class=\"wp-block-group faq-lulu\"><div class=\"wp-block-group__inner-container is-layout-constrained wp-block-group-is-layout-constrained\">\n<div style=\"height:100px\" aria-hidden=\"true\" id=\"faq\" class=\"wp-block-spacer\"><\/div>\n\n\n\n<div class=\"wp-block-group container\"><div class=\"wp-block-group__inner-container is-layout-constrained wp-block-group-is-layout-constrained\">\n<h2 class=\"wp-block-heading\">Altstadtflair genie\u00dfen<\/h2>\n\n\n\n<p>Der Zauber von Honfleur? Kopfsteinpflaster, nostalgisches Ambiente und nat\u00fcrlich das ber\u00fchmte Vieux Bassin. Diese Orte geh\u00f6ren auf jede Postkarte und verzaubern Gro\u00df und Klein.<\/p>\n\n\n\n<p>Die Altstadt ist zum Teil autofrei, Kinder k\u00f6nnen sich sicher bewegen. Und es ist einfach wundersch\u00f6n! Schiefe Fassaden, alte Schilder, versteckte Details\u2026 Gemeinsam danach suchen macht den Spaziergang zur Schatzsuche.<\/p>\n\n\n\n<div style=\"height:30px\" aria-hidden=\"true\" class=\"wp-block-spacer\"><\/div>\n\n\n\n<h2 class=\"wp-block-heading\">Durchatmen: Strand &amp; Pers\u00f6nlichkeitenpark<\/h2>\n\n\n\n<p>Lust auf Weite? Der Strand Plage du Butin ist \u00fcber einen sch\u00f6nen Weg am Damm entlang erreichbar mit Meerblick, gro\u00dfen Schiffen in der Ferne und dem Pont de Normandie am Horizont.<\/p>\n\n\n\n<p>Am Ende: Muscheln, Wellenrauschen und Sandspiele. Hier k\u00f6nnen Familien stundenlang verweilen.<\/p>\n\n\n\n<p>Ganz in der N\u00e4he liegt der Eingang zum Parc des Personnalit\u00e9s. Hier gibt\u2019s viel Platz und Ruhe, perfekt zum Abschalten. Am Teich: Augen auf f\u00fcr Schw\u00e4ne und Fr\u00f6sche zwischen Seerosen!<\/p>\n\n\n\n<p>Einzigartig: die B\u00fcsten ber\u00fchmter Pers\u00f6nlichkeiten aus Honfleur, versteckt zwischen Hecken, ideal f\u00fcr ein Versteckspiel!<\/p>\n\n\n\n<div style=\"height:30px\" aria-hidden=\"true\" class=\"wp-block-spacer\"><\/div>\n\n\n\n<h2 class=\"wp-block-heading\">Kulturelle Highlights f\u00fcr Gro\u00df &amp; Klein<\/h2>\n\n\n\n<p>Auch Lust auf Kultur? In Honfleur kein Problem! Die Kirche Sainte-Catherine mit ihrer Bootsform und dem Duft alten Holzes ist beeindruckend.<\/p>\n\n\n\n<p>Im Mus\u00e9e Eug\u00e8ne Boudin erwarten euch impressionistische Meisterwerke und ein atemberaubender Ausblick durch riesige Fenster.<\/p>\n\n\n\n<p>Kreativ und \u00fcberraschend: die Satie H\u00e4user, schr\u00e4ge Installationen und spannende Erlebnisse f\u00fcr die ganze Familie.<\/p>\n\n\n\n<div style=\"height:30px\" aria-hidden=\"true\" class=\"wp-block-spacer\"><\/div>\n\n\n\n<h2 class=\"wp-block-heading\">Noch spielerischer entdecken?<\/h2>\n\n\n\n<p>Warum nicht die Stadt spielerisch erkunden? Mit unseren En piste Lulu-Routen wird der Spaziergang zum Abenteuer, perfekt f\u00fcr Familien.<\/p>\n\n\n\n<p>Ohne Karte, ganz einfach mit dem Smartphone: Lulu f\u00fchrt euch zu den Highlights und versteckten Ecken von Honfleur. Ihr geht in eurem Tempo, pausiert nach Lust und beantwortet unterwegs Lulus Fragen. <\/p>\n\n\n\n<p><a href=\"https:\/\/enpistelulu.com\/de\/touristische-rundgange\/honfleur-entdecken\/\">Erst mal testen?<\/a> Unser kostenloser Parcours wartet auf euch!<\/p>\n\n\n\n<div style=\"height:60px\" aria-hidden=\"true\" class=\"wp-block-spacer\"><\/div>\n\n\n\n<h2 class=\"wp-block-heading h2 puce-left puce-jaune\">Tipps f\u00fcr euren Familienausflug<\/h2>\n\n\n\n<div class=\"wp-block-columns is-layout-flex wp-container-core-columns-is-layout-9d6595d7 wp-block-columns-is-layout-flex\">\n<div class=\"wp-block-column is-layout-flow wp-block-column-is-layout-flow\" style=\"flex-basis:60%\">\n<div style=\"height:60px\" aria-hidden=\"true\" class=\"wp-block-spacer\"><\/div>\n\n\n\n<div class=\"wp-block-group faq\"><div class=\"wp-block-group__inner-container is-layout-constrained wp-block-group-is-layout-constrained\"><style>#sp-ea-482 .spcollapsing { height: 0; overflow: hidden; transition-property: height;transition-duration: 300ms;}#sp-ea-482.sp-easy-accordion>.sp-ea-single {margin-bottom: 10px; border: 1px solid #e2e2e2; }#sp-ea-482.sp-easy-accordion>.sp-ea-single>.ea-header a {color: #444;}#sp-ea-482.sp-easy-accordion>.sp-ea-single>.sp-collapse>.ea-body {background: #fff; color: #444;}#sp-ea-482.sp-easy-accordion>.sp-ea-single {background: #eee;}#sp-ea-482.sp-easy-accordion>.sp-ea-single>.ea-header a .ea-expand-icon { float: left; color: #444;font-size: 16px;}<\/style><div id=\"sp_easy_accordion-1750327126\"><div id=\"sp-ea-482\" class=\"sp-ea-one sp-easy-accordion\" data-ea-active=\"ea-click\" data-ea-mode=\"vertical\" data-preloader=\"\" data-scroll-active-item=\"\" data-offset-to-scroll=\"0\"><div class=\"ea-card sp-ea-single\"><h3 class=\"ea-header\"><a class=\"collapsed\" id=\"ea-header-4820\" role=\"button\" data-sptoggle=\"spcollapse\" data-sptarget=\"#collapse4820\" aria-controls=\"collapse4820\" href=\"#\" aria-expanded=\"false\" tabindex=\"0\"><i aria-hidden=\"true\" role=\"presentation\" class=\"ea-expand-icon eap-icon-ea-expand-plus\"><\/i> Wann ist die beste Zeit f\u00fcr Honfleur mit Kindern?<\/a><\/h3><div class=\"sp-collapse spcollapse spcollapse\" id=\"collapse4820\" data-parent=\"#sp-ea-482\" role=\"region\" aria-labelledby=\"ea-header-4820\"> <div class=\"ea-body\"><p>Ganzj\u00e4hrig sch\u00f6n aber Fr\u00fchling und Herbst sind besonders angenehm und weniger \u00fcberlaufen.<\/p><\/div><\/div><\/div><div class=\"ea-card sp-ea-single\"><h3 class=\"ea-header\"><a class=\"collapsed\" id=\"ea-header-4821\" role=\"button\" data-sptoggle=\"spcollapse\" data-sptarget=\"#collapse4821\" aria-controls=\"collapse4821\" href=\"#\" aria-expanded=\"false\" tabindex=\"0\"><i aria-hidden=\"true\" role=\"presentation\" class=\"ea-expand-icon eap-icon-ea-expand-plus\"><\/i> Was tun mit Kindern in Honfleur?<\/a><\/h3><div class=\"sp-collapse spcollapse spcollapse\" id=\"collapse4821\" data-parent=\"#sp-ea-482\" role=\"region\" aria-labelledby=\"ea-header-4821\"> <div class=\"ea-body\"><p>Drau\u00dfen: Spiel &amp; Spa\u00df am Strand oder im Park. Drinnen: Das Mus\u00e9e Boudin und die Satie-H\u00e4user begeistern auch junge Entdecker.<\/p><\/div><\/div><\/div><div class=\"ea-card sp-ea-single\"><h3 class=\"ea-header\"><a class=\"collapsed\" id=\"ea-header-4822\" role=\"button\" data-sptoggle=\"spcollapse\" data-sptarget=\"#collapse4822\" aria-controls=\"collapse4822\" href=\"#\" aria-expanded=\"false\" tabindex=\"0\"><i aria-hidden=\"true\" role=\"presentation\" class=\"ea-expand-icon eap-icon-ea-expand-plus\"><\/i> Wo essen mit Kindern?<\/a><\/h3><div class=\"sp-collapse spcollapse spcollapse\" id=\"collapse4822\" data-parent=\"#sp-ea-482\" role=\"region\" aria-labelledby=\"ea-header-4822\"> <div class=\"ea-body\"><p>Cr\u00eaperien sind immer eine gute Wahl und f\u00fcr ein s\u00fc\u00dfes Highlight: Eis von der Ferme du Bois Louvet!<\/p><\/div><\/div><\/div><\/div><\/div>\n<\/div><\/div>\n<\/div>\n\n\n\n<div class=\"wp-block-column is-vertically-aligned-center text-center is-layout-flow wp-block-column-is-layout-flow\"><div class=\"wp-block-image\">\n<figure class=\"aligncenter size-full\"><img decoding=\"async\" src=\"https:\/\/enpistelulu.com\/wp-content\/uploads\/2023\/06\/Pirate-FAQ.png\" alt=\"\" class=\"wp-image-167\"\/><\/figure>\n<\/div><\/div>\n<\/div>\n<\/div><\/div>\n\n\n\n<div style=\"height:100px\" aria-hidden=\"true\" class=\"wp-block-spacer\"><\/div>\n<\/div><\/div>\n\n\n\n<div class=\"wp-block-group page_blog_article has-background\" style=\"background-color:#f4ede5\"><div class=\"wp-block-group__inner-container is-layout-constrained wp-block-group-is-layout-constrained\">\n<div style=\"height:100px\" aria-hidden=\"true\" id=\"qui-est-lulu\" class=\"wp-block-spacer\"><\/div>\n\n\n\n<div class=\"wp-block-group container\"><div class=\"wp-block-group__inner-container is-layout-constrained wp-block-group-is-layout-constrained\">\n<h2 class=\"wp-block-heading h2 puce-right puce-bleu puce-right-decalage mlr-auto\" id=\"qui-est\">Bereit f\u00fcr ein Familienabenteuer in Honfleur?<\/h2>\n\n\n\n<div style=\"height:30px\" aria-hidden=\"true\" class=\"wp-block-spacer\"><\/div>\n\n\n\n<p class=\"has-text-align-center\">Mit Kultur, Natur, Spiel &amp; Spa\u00df ist Honfleur ein ideales Ziel f\u00fcr euren n\u00e4chsten Familienurlaub.<\/p>\n\n\n\n<div style=\"height:40px\" aria-hidden=\"true\" class=\"wp-block-spacer\"><\/div>\n\n\n\n<p class=\"has-text-align-center btn-lulu-transparent\"><a href=\"https:\/\/enpistelulu.com\/de\/touristische-rundgange\/\">&#x1f4cd; Entdeckt alle unsere Routens<\/a><\/p>\n<\/div><\/div>\n\n\n\n<div style=\"height:100px\" aria-hidden=\"true\" class=\"wp-block-spacer\"><\/div>\n<\/div><\/div>\n\n\n\n<div class=\"wp-block-group faq-lulu\"><div class=\"wp-block-group__inner-container is-layout-constrained wp-block-group-is-layout-constrained\">\n<div style=\"height:100px\" aria-hidden=\"true\" id=\"faq\" class=\"wp-block-spacer\"><\/div>\n\n\n\n<div class=\"wp-block-group container\"><div class=\"wp-block-group__inner-container is-layout-constrained wp-block-group-is-layout-constrained\">\n<h2 class=\"wp-block-heading h2 puce-left puce-jaune\">Ein bisschen mehr Lesestoff<\/h2>\n\n\n\n<div style=\"height:30px\" aria-hidden=\"true\" class=\"wp-block-spacer\"><\/div>\n\n\n<div id=\"grid-actualite-liste-blog\"><div class=\"article-blog-liste\">\n                <a href=\"https:\/\/enpistelulu.com\/de\/blog\/honfleur-mit-kindern-eine-entdeckung-auf-augenhoehe\/\">\n                    <figure class=\"wp-block-image size-full\">\n                        <img loading=\"lazy\" decoding=\"async\" src=\"https:\/\/enpistelulu.com\/de\/wp-content\/uploads\/sites\/3\/2026\/02\/vignette7.jpg\" alt=\"Honfleur mit Kindern: eine Entdeckung auf Augenh\u00f6he\">\n                    <\/figure>\n                    <div class=\"contenu\">\n                        <h2>Honfleur mit Kindern: eine Entdeckung auf Augenh\u00f6he<\/h2>\n                    <\/div>\n                <\/a>\n            <\/div><div class=\"article-blog-liste\">\n                <a href=\"https:\/\/enpistelulu.com\/de\/blog\/was-man-in-honfleur-mit-kindern-bei-regen-unternehmen-kann\/\">\n                    <figure class=\"wp-block-image size-full\">\n                        <img loading=\"lazy\" decoding=\"async\" src=\"https:\/\/enpistelulu.com\/de\/wp-content\/uploads\/sites\/3\/2025\/10\/5.jpg\" alt=\"Was man in Honfleur mit Kindern bei Regen unternehmen kann\">\n                    <\/figure>\n                    <div class=\"contenu\">\n                        <h2>Was man in Honfleur mit Kindern bei Regen unternehmen kann<\/h2>\n                    <\/div>\n                <\/a>\n            <\/div><div class=\"article-blog-liste\">\n                <a href=\"https:\/\/enpistelulu.com\/de\/blog\/was-kann-man-im-september-in-honfleur-machen-meine-6-lieblingsaktivitaeten\/\">\n                    <figure class=\"wp-block-image size-full\">\n                        <img loading=\"lazy\" decoding=\"async\" src=\"https:\/\/enpistelulu.com\/de\/wp-content\/uploads\/sites\/3\/2025\/09\/4vignette.jpg\" alt=\"Was kann man im September in Honfleur machen? Meine 6 Lieblingsaktivit\u00e4ten\">\n                    <\/figure>\n                    <div class=\"contenu\">\n                        <h2>Was kann man im September in Honfleur machen? Meine 6 Lieblingsaktivit\u00e4ten<\/h2>\n                    <\/div>\n                <\/a>\n            <\/div><\/div>\n<\/div><\/div>\n\n\n\n<div style=\"height:100px\" aria-hidden=\"true\" class=\"wp-block-spacer\"><\/div>\n<\/div><\/div>\n","protected":false},"excerpt":{"rendered":"<p>Warum Honfleur das perfekte Reiseziel f\u00fcr Familien ist Lust auf eine Auszeit mit der Familie, ohne weit zu verreisen? F\u00fcr ein Wochenende oder ein paar entspannte Tage ist Honfleur das perfekte Ziel f\u00fcr Familien, jedes Jahr aufs Neue. Ob Bummeln durch enge Gassen, entspannen am Strand, spazieren im riesigen Parc des Personnalit\u00e9s oder Museumsbesuche, hier [&hellip;]<\/p>\n","protected":false},"author":2,"featured_media":488,"parent":478,"menu_order":0,"comment_status":"closed","ping_status":"closed","template":"","meta":{"footnotes":""},"class_list":["post-480","page","type-page","status-publish","has-post-thumbnail","hentry"],"yoast_head":"<!-- This site is optimized with the Yoast SEO plugin v27.3 - https:\/\/yoast.com\/product\/yoast-seo-wordpress\/ -->\n<title>Warum Honfleur das perfekte Reiseziel f\u00fcr Familien ist - enpistelulu.com<\/title>\n<meta name=\"robots\" content=\"index, follow, max-snippet:-1, max-image-preview:large, max-video-preview:-1\" \/>\n<link rel=\"canonical\" href=\"https:\/\/enpistelulu.com\/de\/blog\/warum-honfleur-das-perfekte-reiseziel-fuer-familien-ist\/\" \/>\n<meta property=\"og:locale\" content=\"de_DE\" \/>\n<meta property=\"og:type\" content=\"article\" \/>\n<meta property=\"og:title\" content=\"Warum Honfleur das perfekte Reiseziel f\u00fcr Familien ist - enpistelulu.com\" \/>\n<meta property=\"og:description\" content=\"Warum Honfleur das perfekte Reiseziel f\u00fcr Familien ist Lust auf eine Auszeit mit der Familie, ohne weit zu verreisen? F\u00fcr ein Wochenende oder ein paar entspannte Tage ist Honfleur das perfekte Ziel f\u00fcr Familien, jedes Jahr aufs Neue. Ob Bummeln durch enge Gassen, entspannen am Strand, spazieren im riesigen Parc des Personnalit\u00e9s oder Museumsbesuche, hier [&hellip;]\" \/>\n<meta property=\"og:url\" content=\"https:\/\/enpistelulu.com\/de\/blog\/warum-honfleur-das-perfekte-reiseziel-fuer-familien-ist\/\" \/>\n<meta property=\"og:site_name\" content=\"enpistelulu.com\" \/>\n<meta property=\"article:modified_time\" content=\"2025-10-27T08:24:07+00:00\" \/>\n<meta property=\"og:image\" content=\"https:\/\/enpistelulu.com\/de\/wp-content\/uploads\/sites\/3\/2025\/06\/1vignette--1024x672.png\" \/>\n\t<meta property=\"og:image:width\" content=\"1024\" \/>\n\t<meta property=\"og:image:height\" content=\"672\" \/>\n\t<meta property=\"og:image:type\" content=\"image\/png\" \/>\n<meta name=\"twitter:card\" content=\"summary_large_image\" \/>\n<meta name=\"twitter:label1\" content=\"Gesch\u00e4tzte Lesezeit\" \/>\n\t<meta name=\"twitter:data1\" content=\"3\u00a0Minuten\" \/>\n<script type=\"application\/ld+json\" class=\"yoast-schema-graph\">{\"@context\":\"https:\\\/\\\/schema.org\",\"@graph\":[{\"@type\":\"WebPage\",\"@id\":\"https:\\\/\\\/enpistelulu.com\\\/de\\\/blog\\\/warum-honfleur-das-perfekte-reiseziel-fuer-familien-ist\\\/\",\"url\":\"https:\\\/\\\/enpistelulu.com\\\/de\\\/blog\\\/warum-honfleur-das-perfekte-reiseziel-fuer-familien-ist\\\/\",\"name\":\"Warum Honfleur das perfekte Reiseziel f\u00fcr Familien ist - enpistelulu.com\",\"isPartOf\":{\"@id\":\"https:\\\/\\\/enpistelulu.com\\\/de\\\/#website\"},\"primaryImageOfPage\":{\"@id\":\"https:\\\/\\\/enpistelulu.com\\\/de\\\/blog\\\/warum-honfleur-das-perfekte-reiseziel-fuer-familien-ist\\\/#primaryimage\"},\"image\":{\"@id\":\"https:\\\/\\\/enpistelulu.com\\\/de\\\/blog\\\/warum-honfleur-das-perfekte-reiseziel-fuer-familien-ist\\\/#primaryimage\"},\"thumbnailUrl\":\"https:\\\/\\\/enpistelulu.com\\\/de\\\/wp-content\\\/uploads\\\/sites\\\/3\\\/2025\\\/06\\\/1vignette-.png\",\"datePublished\":\"2025-06-19T10:04:18+00:00\",\"dateModified\":\"2025-10-27T08:24:07+00:00\",\"breadcrumb\":{\"@id\":\"https:\\\/\\\/enpistelulu.com\\\/de\\\/blog\\\/warum-honfleur-das-perfekte-reiseziel-fuer-familien-ist\\\/#breadcrumb\"},\"inLanguage\":\"de\",\"potentialAction\":[{\"@type\":\"ReadAction\",\"target\":[\"https:\\\/\\\/enpistelulu.com\\\/de\\\/blog\\\/warum-honfleur-das-perfekte-reiseziel-fuer-familien-ist\\\/\"]}]},{\"@type\":\"ImageObject\",\"inLanguage\":\"de\",\"@id\":\"https:\\\/\\\/enpistelulu.com\\\/de\\\/blog\\\/warum-honfleur-das-perfekte-reiseziel-fuer-familien-ist\\\/#primaryimage\",\"url\":\"https:\\\/\\\/enpistelulu.com\\\/de\\\/wp-content\\\/uploads\\\/sites\\\/3\\\/2025\\\/06\\\/1vignette-.png\",\"contentUrl\":\"https:\\\/\\\/enpistelulu.com\\\/de\\\/wp-content\\\/uploads\\\/sites\\\/3\\\/2025\\\/06\\\/1vignette-.png\",\"width\":1854,\"height\":1217},{\"@type\":\"BreadcrumbList\",\"@id\":\"https:\\\/\\\/enpistelulu.com\\\/de\\\/blog\\\/warum-honfleur-das-perfekte-reiseziel-fuer-familien-ist\\\/#breadcrumb\",\"itemListElement\":[{\"@type\":\"ListItem\",\"position\":1,\"name\":\"Blog\",\"item\":\"https:\\\/\\\/enpistelulu.com\\\/de\\\/blog\\\/\"},{\"@type\":\"ListItem\",\"position\":2,\"name\":\"Warum Honfleur das perfekte Reiseziel f\u00fcr Familien ist\"}]},{\"@type\":\"WebSite\",\"@id\":\"https:\\\/\\\/enpistelulu.com\\\/de\\\/#website\",\"url\":\"https:\\\/\\\/enpistelulu.com\\\/de\\\/\",\"name\":\"enpistelulu.com\",\"description\":\"\",\"potentialAction\":[{\"@type\":\"SearchAction\",\"target\":{\"@type\":\"EntryPoint\",\"urlTemplate\":\"https:\\\/\\\/enpistelulu.com\\\/de\\\/?s={search_term_string}\"},\"query-input\":{\"@type\":\"PropertyValueSpecification\",\"valueRequired\":true,\"valueName\":\"search_term_string\"}}],\"inLanguage\":\"de\"}]}<\/script>\n<!-- \/ Yoast SEO plugin. -->","yoast_head_json":{"title":"Warum Honfleur das perfekte Reiseziel f\u00fcr Familien ist - enpistelulu.com","robots":{"index":"index","follow":"follow","max-snippet":"max-snippet:-1","max-image-preview":"max-image-preview:large","max-video-preview":"max-video-preview:-1"},"canonical":"https:\/\/enpistelulu.com\/de\/blog\/warum-honfleur-das-perfekte-reiseziel-fuer-familien-ist\/","og_locale":"de_DE","og_type":"article","og_title":"Warum Honfleur das perfekte Reiseziel f\u00fcr Familien ist - enpistelulu.com","og_description":"Warum Honfleur das perfekte Reiseziel f\u00fcr Familien ist Lust auf eine Auszeit mit der Familie, ohne weit zu verreisen? F\u00fcr ein Wochenende oder ein paar entspannte Tage ist Honfleur das perfekte Ziel f\u00fcr Familien, jedes Jahr aufs Neue. Ob Bummeln durch enge Gassen, entspannen am Strand, spazieren im riesigen Parc des Personnalit\u00e9s oder Museumsbesuche, hier [&hellip;]","og_url":"https:\/\/enpistelulu.com\/de\/blog\/warum-honfleur-das-perfekte-reiseziel-fuer-familien-ist\/","og_site_name":"enpistelulu.com","article_modified_time":"2025-10-27T08:24:07+00:00","og_image":[{"width":1024,"height":672,"url":"https:\/\/enpistelulu.com\/de\/wp-content\/uploads\/sites\/3\/2025\/06\/1vignette--1024x672.png","type":"image\/png"}],"twitter_card":"summary_large_image","twitter_misc":{"Gesch\u00e4tzte Lesezeit":"3\u00a0Minuten"},"schema":{"@context":"https:\/\/schema.org","@graph":[{"@type":"WebPage","@id":"https:\/\/enpistelulu.com\/de\/blog\/warum-honfleur-das-perfekte-reiseziel-fuer-familien-ist\/","url":"https:\/\/enpistelulu.com\/de\/blog\/warum-honfleur-das-perfekte-reiseziel-fuer-familien-ist\/","name":"Warum Honfleur das perfekte Reiseziel f\u00fcr Familien ist - enpistelulu.com","isPartOf":{"@id":"https:\/\/enpistelulu.com\/de\/#website"},"primaryImageOfPage":{"@id":"https:\/\/enpistelulu.com\/de\/blog\/warum-honfleur-das-perfekte-reiseziel-fuer-familien-ist\/#primaryimage"},"image":{"@id":"https:\/\/enpistelulu.com\/de\/blog\/warum-honfleur-das-perfekte-reiseziel-fuer-familien-ist\/#primaryimage"},"thumbnailUrl":"https:\/\/enpistelulu.com\/de\/wp-content\/uploads\/sites\/3\/2025\/06\/1vignette-.png","datePublished":"2025-06-19T10:04:18+00:00","dateModified":"2025-10-27T08:24:07+00:00","breadcrumb":{"@id":"https:\/\/enpistelulu.com\/de\/blog\/warum-honfleur-das-perfekte-reiseziel-fuer-familien-ist\/#breadcrumb"},"inLanguage":"de","potentialAction":[{"@type":"ReadAction","target":["https:\/\/enpistelulu.com\/de\/blog\/warum-honfleur-das-perfekte-reiseziel-fuer-familien-ist\/"]}]},{"@type":"ImageObject","inLanguage":"de","@id":"https:\/\/enpistelulu.com\/de\/blog\/warum-honfleur-das-perfekte-reiseziel-fuer-familien-ist\/#primaryimage","url":"https:\/\/enpistelulu.com\/de\/wp-content\/uploads\/sites\/3\/2025\/06\/1vignette-.png","contentUrl":"https:\/\/enpistelulu.com\/de\/wp-content\/uploads\/sites\/3\/2025\/06\/1vignette-.png","width":1854,"height":1217},{"@type":"BreadcrumbList","@id":"https:\/\/enpistelulu.com\/de\/blog\/warum-honfleur-das-perfekte-reiseziel-fuer-familien-ist\/#breadcrumb","itemListElement":[{"@type":"ListItem","position":1,"name":"Blog","item":"https:\/\/enpistelulu.com\/de\/blog\/"},{"@type":"ListItem","position":2,"name":"Warum Honfleur das perfekte Reiseziel f\u00fcr Familien ist"}]},{"@type":"WebSite","@id":"https:\/\/enpistelulu.com\/de\/#website","url":"https:\/\/enpistelulu.com\/de\/","name":"enpistelulu.com","description":"","potentialAction":[{"@type":"SearchAction","target":{"@type":"EntryPoint","urlTemplate":"https:\/\/enpistelulu.com\/de\/?s={search_term_string}"},"query-input":{"@type":"PropertyValueSpecification","valueRequired":true,"valueName":"search_term_string"}}],"inLanguage":"de"}]}},"_links":{"self":[{"href":"https:\/\/enpistelulu.com\/de\/wp-json\/wp\/v2\/pages\/480","targetHints":{"allow":["GET"]}}],"collection":[{"href":"https:\/\/enpistelulu.com\/de\/wp-json\/wp\/v2\/pages"}],"about":[{"href":"https:\/\/enpistelulu.com\/de\/wp-json\/wp\/v2\/types\/page"}],"author":[{"embeddable":true,"href":"https:\/\/enpistelulu.com\/de\/wp-json\/wp\/v2\/users\/2"}],"replies":[{"embeddable":true,"href":"https:\/\/enpistelulu.com\/de\/wp-json\/wp\/v2\/comments?post=480"}],"version-history":[{"count":4,"href":"https:\/\/enpistelulu.com\/de\/wp-json\/wp\/v2\/pages\/480\/revisions"}],"predecessor-version":[{"id":524,"href":"https:\/\/enpistelulu.com\/de\/wp-json\/wp\/v2\/pages\/480\/revisions\/524"}],"up":[{"embeddable":true,"href":"https:\/\/enpistelulu.com\/de\/wp-json\/wp\/v2\/pages\/478"}],"wp:featuredmedia":[{"embeddable":true,"href":"https:\/\/enpistelulu.com\/de\/wp-json\/wp\/v2\/media\/488"}],"wp:attachment":[{"href":"https:\/\/enpistelulu.com\/de\/wp-json\/wp\/v2\/media?parent=480"}],"curies":[{"name":"wp","href":"https:\/\/api.w.org\/{rel}","templated":true}]}}