










{"id":484,"date":"2025-06-19T13:55:29","date_gmt":"2025-06-19T11:55:29","guid":{"rendered":"https:\/\/enpistelulu.com\/de\/?page_id=484"},"modified":"2025-10-27T09:24:00","modified_gmt":"2025-10-27T08:24:00","slug":"honfleur-spielerisch-entdecken-digitale-rundgaenge-fuer-familienabenteuer","status":"publish","type":"page","link":"https:\/\/enpistelulu.com\/de\/blog\/honfleur-spielerisch-entdecken-digitale-rundgaenge-fuer-familienabenteuer\/","title":{"rendered":"Honfleur spielerisch entdecken: Digitale Rundg\u00e4nge f\u00fcr Familienabenteuer"},"content":{"rendered":"\n<div class=\"wp-block-group has-background\" style=\"background-color:#f4ede5\"><div class=\"wp-block-group__inner-container is-layout-constrained wp-block-group-is-layout-constrained\">\n<div style=\"height:250px\" aria-hidden=\"true\" class=\"wp-block-spacer mobile-170\"><\/div>\n\n\n\n<div class=\"wp-block-group container\"><div class=\"wp-block-group__inner-container is-layout-constrained wp-block-group-is-layout-constrained\">\n<div class=\"wp-block-media-text alignwide is-stacked-on-mobile le-concept\"><figure class=\"wp-block-media-text__media\"><img decoding=\"async\" src=\"https:\/\/enpistelulu.com\/wp-content\/uploads\/2025\/05\/2-1024x578.png\" alt=\"\" class=\"wp-image-1337 size-full\"\/><\/figure><div class=\"wp-block-media-text__content\">\n<h1 class=\"wp-block-heading h2 puce-right puce-orange\">Honfleur spielerisch entdecken: Digitale Rundg\u00e4nge f\u00fcr Familienabenteuer<\/h1>\n<\/div><\/div>\n<\/div><\/div>\n\n\n\n<div class=\"wp-block-group container\"><div class=\"wp-block-group__inner-container is-layout-constrained wp-block-group-is-layout-constrained\">\n<div style=\"height:30px\" aria-hidden=\"true\" class=\"wp-block-spacer\"><\/div>\n\n\n\n<p>Du denkst, du kennst Honfleur schon in- und auswendig? Dann entdecke die Stadt doch mal anders mit einem spielerischen Abenteuer f\u00fcr die ganze Familie!<\/p>\n\n\n\n<p>Mit En piste Lulu werden eure Spazierg\u00e4nge zu echten Erkundungstouren. Schluss mit langweiligen Besichtigungen: hier wird gespielt, gestaunt und entdeckt. Mit dem Smartphone in der Hand folgt ihr einem Rundgang, der Gro\u00df und Klein neugierig macht. Jede Stra\u00dfe, jeder Platz, jede Fassade wird zur Entdeckungsreise.<\/p>\n<\/div><\/div>\n\n\n\n<div style=\"height:100px\" aria-hidden=\"true\" class=\"wp-block-spacer\"><\/div>\n<\/div><\/div>\n\n\n\n<div class=\"wp-block-group faq-lulu\"><div class=\"wp-block-group__inner-container is-layout-constrained wp-block-group-is-layout-constrained\">\n<div style=\"height:100px\" aria-hidden=\"true\" id=\"faq\" class=\"wp-block-spacer\"><\/div>\n\n\n\n<div class=\"wp-block-group container\"><div class=\"wp-block-group__inner-container is-layout-constrained wp-block-group-is-layout-constrained\">\n<h2 class=\"wp-block-heading\">Warum eine interaktive Tour w\u00e4hlen?<\/h2>\n\n\n\n<p>Digitale Rundg\u00e4nge bieten eine neue Art, Honfleur zu entdecken: einfach, flexibel und vor allem spielerisch! Lulu f\u00fchrt euch Schritt f\u00fcr Schritt \u00fcber das Smartphone. Ganz ohne Zeitdruck, ihr bestimmt das Tempo. <\/p>\n\n\n\n<p>\u00dcberall auf dem Weg hat Lulu kleine Fragen versteckt. Haltet die Augen offen und beantwortet sie gemeinsam. Die Aufgaben sind f\u00fcr alle verst\u00e4ndlich, Kinder machen begeistert mit\u2026 und laufen ganz von allein!<\/p>\n\n\n\n<div style=\"height:30px\" aria-hidden=\"true\" class=\"wp-block-spacer\"><\/div>\n\n\n\n<h2 class=\"wp-block-heading\">Eine Schnitzeljagd in Lebensgr\u00f6\u00dfe<\/h2>\n\n\n\n<p>Jeder Rundgang ist so konzipiert, dass ihr aktiv mitmacht. Entdeckt ein verstecktes Tier, nehmt eine geheime Abk\u00fcrzung oder achtet auf Details, die euch sonst entgehen w\u00fcrden. Mit Lulu als Guide schaut ihr mit ganz neuen Augen auf Honfleur.<\/p>\n\n\n\n<p>Jede Tour hat ihr eigenes Thema: ein Pirat auf Schatzsuche, eine tierliebe Garnele oder eine geheimnisvolle F\u00fcchsin.<\/p>\n\n\n\n<div style=\"height:30px\" aria-hidden=\"true\" class=\"wp-block-spacer\"><\/div>\n\n\n\n<h2 class=\"wp-block-heading\">Wie funktioniert eine Tour?<\/h2>\n\n\n\n<p>App, kein Download: einfach Smartphone und Internet, und los geht\u2019s!<\/p>\n\n\n\n<ul class=\"wp-block-list\">\n<li>W\u00e4hlt euren Rundgang nach Alter, Lust und verf\u00fcgbarer Zeit.<\/li>\n\n\n\n<li>Startet das Abenteuer: folgt den Anweisungen und beantwortet die Fragen.<\/li>\n\n\n\n<li>Beobachtet, spielt, entdeckt: jede Station bringt neue \u00dcberraschungen!<\/li>\n<\/ul>\n\n\n\n<p>&#x1f4cc; &nbsp;Gut zu wissen: Alle Touren sind leicht verst\u00e4ndlich und klar aufgebaut. Ihr k\u00f6nnt euch nicht verlaufen! Und Fehler sind erlaubt, das Spiel geht trotzdem weiter.<\/p>\n\n\n\n<div style=\"height:30px\" aria-hidden=\"true\" class=\"wp-block-spacer\"><\/div>\n\n\n\n<h2 class=\"wp-block-heading\">Erst mal ausprobieren?<\/h2>\n\n\n\n<p><a href=\"https:\/\/enpistelulu.com\/nl\/onze-toeristische-routes\/honfleur-ontdekking\/\">Es gibt eine kostenlose Mini-Tour !<\/a> In nur 10 Minuten bekommt ihr einen Vorgeschmack auf das, was euch erwartet.<\/p>\n\n\n\n<div style=\"height:60px\" aria-hidden=\"true\" class=\"wp-block-spacer\"><\/div>\n\n\n\n<h2 class=\"wp-block-heading h2 puce-left puce-jaune\">Das solltet ihr vor dem Start wissen!<\/h2>\n\n\n\n<div class=\"wp-block-columns is-layout-flex wp-container-core-columns-is-layout-9d6595d7 wp-block-columns-is-layout-flex\">\n<div class=\"wp-block-column is-layout-flow wp-block-column-is-layout-flow\" style=\"flex-basis:60%\">\n<div style=\"height:60px\" aria-hidden=\"true\" class=\"wp-block-spacer\"><\/div>\n\n\n\n<div class=\"wp-block-group faq\"><div class=\"wp-block-group__inner-container is-layout-constrained wp-block-group-is-layout-constrained\"><style>#sp-ea-486 .spcollapsing { height: 0; overflow: hidden; transition-property: height;transition-duration: 300ms;}#sp-ea-486.sp-easy-accordion>.sp-ea-single {margin-bottom: 10px; border: 1px solid #e2e2e2; }#sp-ea-486.sp-easy-accordion>.sp-ea-single>.ea-header a {color: #444;}#sp-ea-486.sp-easy-accordion>.sp-ea-single>.sp-collapse>.ea-body {background: #fff; color: #444;}#sp-ea-486.sp-easy-accordion>.sp-ea-single {background: #eee;}#sp-ea-486.sp-easy-accordion>.sp-ea-single>.ea-header a .ea-expand-icon { float: left; color: #444;font-size: 16px;}<\/style><div id=\"sp_easy_accordion-1750333909\"><div id=\"sp-ea-486\" class=\"sp-ea-one sp-easy-accordion\" data-ea-active=\"ea-click\" data-ea-mode=\"vertical\" data-preloader=\"\" data-scroll-active-item=\"\" data-offset-to-scroll=\"0\"><div class=\"ea-card sp-ea-single\"><h3 class=\"ea-header\"><a class=\"collapsed\" id=\"ea-header-4860\" role=\"button\" data-sptoggle=\"spcollapse\" data-sptarget=\"#collapse4860\" aria-controls=\"collapse4860\" href=\"#\" aria-expanded=\"false\" tabindex=\"0\"><i aria-hidden=\"true\" role=\"presentation\" class=\"ea-expand-icon eap-icon-ea-expand-plus\"><\/i> Wie komme ich zu den En Piste Lulu Rundg\u00e4ngen?<\/a><\/h3><div class=\"sp-collapse spcollapse spcollapse\" id=\"collapse4860\" data-parent=\"#sp-ea-486\" role=\"region\" aria-labelledby=\"ea-header-4860\"> <div class=\"ea-body\"><p>Einfach \u00fcber den Browser, keine App n\u00f6tig! Nach dem Kauf auf der Website bekommt ihr einen Link per Mail.<\/p><\/div><\/div><\/div><div class=\"ea-card sp-ea-single\"><h3 class=\"ea-header\"><a class=\"collapsed\" id=\"ea-header-4861\" role=\"button\" data-sptoggle=\"spcollapse\" data-sptarget=\"#collapse4861\" aria-controls=\"collapse4861\" href=\"#\" aria-expanded=\"false\" tabindex=\"0\"><i aria-hidden=\"true\" role=\"presentation\" class=\"ea-expand-icon eap-icon-ea-expand-plus\"><\/i> Was braucht man?<\/a><\/h3><div class=\"sp-collapse spcollapse spcollapse\" id=\"collapse4861\" data-parent=\"#sp-ea-486\" role=\"region\" aria-labelledby=\"ea-header-4861\"> <div class=\"ea-body\"><p>Ein geladenes Smartphone und Internet, mehr nicht.<\/p><\/div><\/div><\/div><div class=\"ea-card sp-ea-single\"><h3 class=\"ea-header\"><a class=\"collapsed\" id=\"ea-header-4862\" role=\"button\" data-sptoggle=\"spcollapse\" data-sptarget=\"#collapse4862\" aria-controls=\"collapse4862\" href=\"#\" aria-expanded=\"false\" tabindex=\"0\"><i aria-hidden=\"true\" role=\"presentation\" class=\"ea-expand-icon eap-icon-ea-expand-plus\"><\/i> Ab welchem Alter k\u00f6nnen Kinder mitmachen?<\/a><\/h3><div class=\"sp-collapse spcollapse spcollapse\" id=\"collapse4862\" data-parent=\"#sp-ea-486\" role=\"region\" aria-labelledby=\"ea-header-4862\"> <div class=\"ea-body\"><p>Lulu die Garnele ist f\u00fcr die Kleinsten bis etwa 6 Jahre. F\u00fcr Lulu der Pirate sollten die Kinder schon gut zu Fu\u00df sein.<\/p><\/div><\/div><\/div><div class=\"ea-card sp-ea-single\"><h3 class=\"ea-header\"><a class=\"collapsed\" id=\"ea-header-4863\" role=\"button\" data-sptoggle=\"spcollapse\" data-sptarget=\"#collapse4863\" aria-controls=\"collapse4863\" href=\"#\" aria-expanded=\"false\" tabindex=\"0\"><i aria-hidden=\"true\" role=\"presentation\" class=\"ea-expand-icon eap-icon-ea-expand-plus\"><\/i> Wie lange dauert eine Tour?<\/a><\/h3><div class=\"sp-collapse spcollapse spcollapse\" id=\"collapse4863\" data-parent=\"#sp-ea-486\" role=\"region\" aria-labelledby=\"ea-header-4863\"> <div class=\"ea-body\"><p>Am St\u00fcck etwa 1h15 f\u00fcr Lulu die Garnele und 2h30 f\u00fcr Lulu der Pirate. Ihr k\u00f6nnt jederzeit pausieren, ganz ohne Zeitdruck. Zeit f\u00fcr ein Karussell oder ein Eis bleibt immer!<\/p><\/div><\/div><\/div><div class=\"ea-card sp-ea-single\"><h3 class=\"ea-header\"><a class=\"collapsed\" id=\"ea-header-4864\" role=\"button\" data-sptoggle=\"spcollapse\" data-sptarget=\"#collapse4864\" aria-controls=\"collapse4864\" href=\"#\" aria-expanded=\"false\" tabindex=\"0\"><i aria-hidden=\"true\" role=\"presentation\" class=\"ea-expand-icon eap-icon-ea-expand-plus\"><\/i> Und wenn es regnet?<\/a><\/h3><div class=\"sp-collapse spcollapse spcollapse\" id=\"collapse4864\" data-parent=\"#sp-ea-486\" role=\"region\" aria-labelledby=\"ea-header-4864\"> <div class=\"ea-body\"><p>Kein Problem, in der Normandie scheint die Sonne mehrmals am Tag! Mit Regenjacke und Gummistiefeln wird es ein echtes Abenteuer. Und wenn\u2019s zu nass wird, geht\u2019s einfach ins Naturospace.<\/p><\/div><\/div><\/div><\/div><\/div>\n<\/div><\/div>\n<\/div>\n\n\n\n<div class=\"wp-block-column is-vertically-aligned-center text-center is-layout-flow wp-block-column-is-layout-flow\"><div class=\"wp-block-image\">\n<figure class=\"aligncenter size-full\"><img decoding=\"async\" src=\"https:\/\/enpistelulu.com\/wp-content\/uploads\/2023\/06\/Pirate-FAQ.png\" alt=\"\" class=\"wp-image-167\"\/><\/figure>\n<\/div><\/div>\n<\/div>\n<\/div><\/div>\n\n\n\n<div style=\"height:100px\" aria-hidden=\"true\" class=\"wp-block-spacer\"><\/div>\n<\/div><\/div>\n\n\n\n<div class=\"wp-block-group page_blog_article has-background\" style=\"background-color:#f4ede5\"><div class=\"wp-block-group__inner-container is-layout-constrained wp-block-group-is-layout-constrained\">\n<div style=\"height:100px\" aria-hidden=\"true\" id=\"qui-est-lulu\" class=\"wp-block-spacer\"><\/div>\n\n\n\n<div class=\"wp-block-group container\"><div class=\"wp-block-group__inner-container is-layout-constrained wp-block-group-is-layout-constrained\">\n<h2 class=\"wp-block-heading has-text-align-center h2 puce-right puce-bleu puce-right-decalage mlr-auto\" id=\"qui-est\">Bereit, eure Entdeckungstour in ein Spiel zu verwandeln?<\/h2>\n\n\n\n<div style=\"height:30px\" aria-hidden=\"true\" class=\"wp-block-spacer\"><\/div>\n\n\n\n<p class=\"has-text-align-center\">Mit En piste Lulu entdeckt ihr Honfleur neu, ideal f\u00fcr neugierige Familien.<\/p>\n\n\n\n<div style=\"height:40px\" aria-hidden=\"true\" class=\"wp-block-spacer\"><\/div>\n\n\n\n<p class=\"has-text-align-center btn-lulu-transparent\"><a href=\"https:\/\/enpistelulu.com\/de\/touristische-rundgange\/\">&#x1f4cd; Jetzt starten und Honfleur anders erleben!<\/a><\/p>\n<\/div><\/div>\n\n\n\n<div style=\"height:100px\" aria-hidden=\"true\" class=\"wp-block-spacer\"><\/div>\n<\/div><\/div>\n\n\n\n<div class=\"wp-block-group faq-lulu\"><div class=\"wp-block-group__inner-container is-layout-constrained wp-block-group-is-layout-constrained\">\n<div style=\"height:100px\" aria-hidden=\"true\" id=\"faq\" class=\"wp-block-spacer\"><\/div>\n\n\n\n<div class=\"wp-block-group container\"><div class=\"wp-block-group__inner-container is-layout-constrained wp-block-group-is-layout-constrained\">\n<h2 class=\"wp-block-heading h2 puce-left puce-jaune\">Ein bisschen mehr Lesestoff<\/h2>\n\n\n\n<div style=\"height:30px\" aria-hidden=\"true\" class=\"wp-block-spacer\"><\/div>\n\n\n<div id=\"grid-actualite-liste-blog\"><div class=\"article-blog-liste\">\n                <a href=\"https:\/\/enpistelulu.com\/de\/blog\/honfleur-mit-kindern-eine-entdeckung-auf-augenhoehe\/\">\n                    <figure class=\"wp-block-image size-full\">\n                        <img loading=\"lazy\" decoding=\"async\" src=\"https:\/\/enpistelulu.com\/de\/wp-content\/uploads\/sites\/3\/2026\/02\/vignette7.jpg\" alt=\"Honfleur mit Kindern: eine Entdeckung auf Augenh\u00f6he\">\n                    <\/figure>\n                    <div class=\"contenu\">\n                        <h2>Honfleur mit Kindern: eine Entdeckung auf Augenh\u00f6he<\/h2>\n                    <\/div>\n                <\/a>\n            <\/div><div class=\"article-blog-liste\">\n                <a href=\"https:\/\/enpistelulu.com\/de\/blog\/was-man-in-honfleur-mit-kindern-bei-regen-unternehmen-kann\/\">\n                    <figure class=\"wp-block-image size-full\">\n                        <img loading=\"lazy\" decoding=\"async\" src=\"https:\/\/enpistelulu.com\/de\/wp-content\/uploads\/sites\/3\/2025\/10\/5.jpg\" alt=\"Was man in Honfleur mit Kindern bei Regen unternehmen kann\">\n                    <\/figure>\n                    <div class=\"contenu\">\n                        <h2>Was man in Honfleur mit Kindern bei Regen unternehmen kann<\/h2>\n                    <\/div>\n                <\/a>\n            <\/div><div class=\"article-blog-liste\">\n                <a href=\"https:\/\/enpistelulu.com\/de\/blog\/was-kann-man-im-september-in-honfleur-machen-meine-6-lieblingsaktivitaeten\/\">\n                    <figure class=\"wp-block-image size-full\">\n                        <img loading=\"lazy\" decoding=\"async\" src=\"https:\/\/enpistelulu.com\/de\/wp-content\/uploads\/sites\/3\/2025\/09\/4vignette.jpg\" alt=\"Was kann man im September in Honfleur machen? Meine 6 Lieblingsaktivit\u00e4ten\">\n                    <\/figure>\n                    <div class=\"contenu\">\n                        <h2>Was kann man im September in Honfleur machen? Meine 6 Lieblingsaktivit\u00e4ten<\/h2>\n                    <\/div>\n                <\/a>\n            <\/div><\/div>\n<\/div><\/div>\n\n\n\n<div style=\"height:100px\" aria-hidden=\"true\" class=\"wp-block-spacer\"><\/div>\n<\/div><\/div>\n","protected":false},"excerpt":{"rendered":"<p>Honfleur spielerisch entdecken: Digitale Rundg\u00e4nge f\u00fcr Familienabenteuer Du denkst, du kennst Honfleur schon in- und auswendig? Dann entdecke die Stadt doch mal anders mit einem spielerischen Abenteuer f\u00fcr die ganze Familie! Mit En piste Lulu werden eure Spazierg\u00e4nge zu echten Erkundungstouren. Schluss mit langweiligen Besichtigungen: hier wird gespielt, gestaunt und entdeckt. Mit dem Smartphone in [&hellip;]<\/p>\n","protected":false},"author":2,"featured_media":485,"parent":478,"menu_order":0,"comment_status":"closed","ping_status":"closed","template":"","meta":{"footnotes":""},"class_list":["post-484","page","type-page","status-publish","has-post-thumbnail","hentry"],"yoast_head":"<!-- This site is optimized with the Yoast SEO plugin v27.3 - https:\/\/yoast.com\/product\/yoast-seo-wordpress\/ -->\n<title>Honfleur spielerisch entdecken: Digitale Rundg\u00e4nge f\u00fcr Familienabenteuer - enpistelulu.com<\/title>\n<meta name=\"robots\" content=\"index, follow, max-snippet:-1, max-image-preview:large, max-video-preview:-1\" \/>\n<link rel=\"canonical\" href=\"https:\/\/enpistelulu.com\/de\/blog\/honfleur-spielerisch-entdecken-digitale-rundgaenge-fuer-familienabenteuer\/\" \/>\n<meta property=\"og:locale\" content=\"de_DE\" \/>\n<meta property=\"og:type\" content=\"article\" \/>\n<meta property=\"og:title\" content=\"Honfleur spielerisch entdecken: Digitale Rundg\u00e4nge f\u00fcr Familienabenteuer - enpistelulu.com\" \/>\n<meta property=\"og:description\" content=\"Honfleur spielerisch entdecken: Digitale Rundg\u00e4nge f\u00fcr Familienabenteuer Du denkst, du kennst Honfleur schon in- und auswendig? Dann entdecke die Stadt doch mal anders mit einem spielerischen Abenteuer f\u00fcr die ganze Familie! Mit En piste Lulu werden eure Spazierg\u00e4nge zu echten Erkundungstouren. Schluss mit langweiligen Besichtigungen: hier wird gespielt, gestaunt und entdeckt. Mit dem Smartphone in [&hellip;]\" \/>\n<meta property=\"og:url\" content=\"https:\/\/enpistelulu.com\/de\/blog\/honfleur-spielerisch-entdecken-digitale-rundgaenge-fuer-familienabenteuer\/\" \/>\n<meta property=\"og:site_name\" content=\"enpistelulu.com\" \/>\n<meta property=\"article:modified_time\" content=\"2025-10-27T08:24:00+00:00\" \/>\n<meta property=\"og:image\" content=\"https:\/\/enpistelulu.com\/de\/wp-content\/uploads\/sites\/3\/2025\/06\/2vignette-.png\" \/>\n\t<meta property=\"og:image:width\" content=\"1854\" \/>\n\t<meta property=\"og:image:height\" content=\"1217\" \/>\n\t<meta property=\"og:image:type\" content=\"image\/png\" \/>\n<meta name=\"twitter:card\" content=\"summary_large_image\" \/>\n<meta name=\"twitter:label1\" content=\"Gesch\u00e4tzte Lesezeit\" \/>\n\t<meta name=\"twitter:data1\" content=\"3\u00a0Minuten\" \/>\n<script type=\"application\/ld+json\" class=\"yoast-schema-graph\">{\"@context\":\"https:\\\/\\\/schema.org\",\"@graph\":[{\"@type\":\"WebPage\",\"@id\":\"https:\\\/\\\/enpistelulu.com\\\/de\\\/blog\\\/honfleur-spielerisch-entdecken-digitale-rundgaenge-fuer-familienabenteuer\\\/\",\"url\":\"https:\\\/\\\/enpistelulu.com\\\/de\\\/blog\\\/honfleur-spielerisch-entdecken-digitale-rundgaenge-fuer-familienabenteuer\\\/\",\"name\":\"Honfleur spielerisch entdecken: Digitale Rundg\u00e4nge f\u00fcr Familienabenteuer - enpistelulu.com\",\"isPartOf\":{\"@id\":\"https:\\\/\\\/enpistelulu.com\\\/de\\\/#website\"},\"primaryImageOfPage\":{\"@id\":\"https:\\\/\\\/enpistelulu.com\\\/de\\\/blog\\\/honfleur-spielerisch-entdecken-digitale-rundgaenge-fuer-familienabenteuer\\\/#primaryimage\"},\"image\":{\"@id\":\"https:\\\/\\\/enpistelulu.com\\\/de\\\/blog\\\/honfleur-spielerisch-entdecken-digitale-rundgaenge-fuer-familienabenteuer\\\/#primaryimage\"},\"thumbnailUrl\":\"https:\\\/\\\/enpistelulu.com\\\/de\\\/wp-content\\\/uploads\\\/sites\\\/3\\\/2025\\\/06\\\/2vignette-.png\",\"datePublished\":\"2025-06-19T11:55:29+00:00\",\"dateModified\":\"2025-10-27T08:24:00+00:00\",\"breadcrumb\":{\"@id\":\"https:\\\/\\\/enpistelulu.com\\\/de\\\/blog\\\/honfleur-spielerisch-entdecken-digitale-rundgaenge-fuer-familienabenteuer\\\/#breadcrumb\"},\"inLanguage\":\"de\",\"potentialAction\":[{\"@type\":\"ReadAction\",\"target\":[\"https:\\\/\\\/enpistelulu.com\\\/de\\\/blog\\\/honfleur-spielerisch-entdecken-digitale-rundgaenge-fuer-familienabenteuer\\\/\"]}]},{\"@type\":\"ImageObject\",\"inLanguage\":\"de\",\"@id\":\"https:\\\/\\\/enpistelulu.com\\\/de\\\/blog\\\/honfleur-spielerisch-entdecken-digitale-rundgaenge-fuer-familienabenteuer\\\/#primaryimage\",\"url\":\"https:\\\/\\\/enpistelulu.com\\\/de\\\/wp-content\\\/uploads\\\/sites\\\/3\\\/2025\\\/06\\\/2vignette-.png\",\"contentUrl\":\"https:\\\/\\\/enpistelulu.com\\\/de\\\/wp-content\\\/uploads\\\/sites\\\/3\\\/2025\\\/06\\\/2vignette-.png\",\"width\":1854,\"height\":1217},{\"@type\":\"BreadcrumbList\",\"@id\":\"https:\\\/\\\/enpistelulu.com\\\/de\\\/blog\\\/honfleur-spielerisch-entdecken-digitale-rundgaenge-fuer-familienabenteuer\\\/#breadcrumb\",\"itemListElement\":[{\"@type\":\"ListItem\",\"position\":1,\"name\":\"Blog\",\"item\":\"https:\\\/\\\/enpistelulu.com\\\/de\\\/blog\\\/\"},{\"@type\":\"ListItem\",\"position\":2,\"name\":\"Honfleur spielerisch entdecken: Digitale Rundg\u00e4nge f\u00fcr Familienabenteuer\"}]},{\"@type\":\"WebSite\",\"@id\":\"https:\\\/\\\/enpistelulu.com\\\/de\\\/#website\",\"url\":\"https:\\\/\\\/enpistelulu.com\\\/de\\\/\",\"name\":\"enpistelulu.com\",\"description\":\"\",\"potentialAction\":[{\"@type\":\"SearchAction\",\"target\":{\"@type\":\"EntryPoint\",\"urlTemplate\":\"https:\\\/\\\/enpistelulu.com\\\/de\\\/?s={search_term_string}\"},\"query-input\":{\"@type\":\"PropertyValueSpecification\",\"valueRequired\":true,\"valueName\":\"search_term_string\"}}],\"inLanguage\":\"de\"}]}<\/script>\n<!-- \/ Yoast SEO plugin. -->","yoast_head_json":{"title":"Honfleur spielerisch entdecken: Digitale Rundg\u00e4nge f\u00fcr Familienabenteuer - enpistelulu.com","robots":{"index":"index","follow":"follow","max-snippet":"max-snippet:-1","max-image-preview":"max-image-preview:large","max-video-preview":"max-video-preview:-1"},"canonical":"https:\/\/enpistelulu.com\/de\/blog\/honfleur-spielerisch-entdecken-digitale-rundgaenge-fuer-familienabenteuer\/","og_locale":"de_DE","og_type":"article","og_title":"Honfleur spielerisch entdecken: Digitale Rundg\u00e4nge f\u00fcr Familienabenteuer - enpistelulu.com","og_description":"Honfleur spielerisch entdecken: Digitale Rundg\u00e4nge f\u00fcr Familienabenteuer Du denkst, du kennst Honfleur schon in- und auswendig? Dann entdecke die Stadt doch mal anders mit einem spielerischen Abenteuer f\u00fcr die ganze Familie! Mit En piste Lulu werden eure Spazierg\u00e4nge zu echten Erkundungstouren. Schluss mit langweiligen Besichtigungen: hier wird gespielt, gestaunt und entdeckt. Mit dem Smartphone in [&hellip;]","og_url":"https:\/\/enpistelulu.com\/de\/blog\/honfleur-spielerisch-entdecken-digitale-rundgaenge-fuer-familienabenteuer\/","og_site_name":"enpistelulu.com","article_modified_time":"2025-10-27T08:24:00+00:00","og_image":[{"width":1854,"height":1217,"url":"https:\/\/enpistelulu.com\/de\/wp-content\/uploads\/sites\/3\/2025\/06\/2vignette-.png","type":"image\/png"}],"twitter_card":"summary_large_image","twitter_misc":{"Gesch\u00e4tzte Lesezeit":"3\u00a0Minuten"},"schema":{"@context":"https:\/\/schema.org","@graph":[{"@type":"WebPage","@id":"https:\/\/enpistelulu.com\/de\/blog\/honfleur-spielerisch-entdecken-digitale-rundgaenge-fuer-familienabenteuer\/","url":"https:\/\/enpistelulu.com\/de\/blog\/honfleur-spielerisch-entdecken-digitale-rundgaenge-fuer-familienabenteuer\/","name":"Honfleur spielerisch entdecken: Digitale Rundg\u00e4nge f\u00fcr Familienabenteuer - enpistelulu.com","isPartOf":{"@id":"https:\/\/enpistelulu.com\/de\/#website"},"primaryImageOfPage":{"@id":"https:\/\/enpistelulu.com\/de\/blog\/honfleur-spielerisch-entdecken-digitale-rundgaenge-fuer-familienabenteuer\/#primaryimage"},"image":{"@id":"https:\/\/enpistelulu.com\/de\/blog\/honfleur-spielerisch-entdecken-digitale-rundgaenge-fuer-familienabenteuer\/#primaryimage"},"thumbnailUrl":"https:\/\/enpistelulu.com\/de\/wp-content\/uploads\/sites\/3\/2025\/06\/2vignette-.png","datePublished":"2025-06-19T11:55:29+00:00","dateModified":"2025-10-27T08:24:00+00:00","breadcrumb":{"@id":"https:\/\/enpistelulu.com\/de\/blog\/honfleur-spielerisch-entdecken-digitale-rundgaenge-fuer-familienabenteuer\/#breadcrumb"},"inLanguage":"de","potentialAction":[{"@type":"ReadAction","target":["https:\/\/enpistelulu.com\/de\/blog\/honfleur-spielerisch-entdecken-digitale-rundgaenge-fuer-familienabenteuer\/"]}]},{"@type":"ImageObject","inLanguage":"de","@id":"https:\/\/enpistelulu.com\/de\/blog\/honfleur-spielerisch-entdecken-digitale-rundgaenge-fuer-familienabenteuer\/#primaryimage","url":"https:\/\/enpistelulu.com\/de\/wp-content\/uploads\/sites\/3\/2025\/06\/2vignette-.png","contentUrl":"https:\/\/enpistelulu.com\/de\/wp-content\/uploads\/sites\/3\/2025\/06\/2vignette-.png","width":1854,"height":1217},{"@type":"BreadcrumbList","@id":"https:\/\/enpistelulu.com\/de\/blog\/honfleur-spielerisch-entdecken-digitale-rundgaenge-fuer-familienabenteuer\/#breadcrumb","itemListElement":[{"@type":"ListItem","position":1,"name":"Blog","item":"https:\/\/enpistelulu.com\/de\/blog\/"},{"@type":"ListItem","position":2,"name":"Honfleur spielerisch entdecken: Digitale Rundg\u00e4nge f\u00fcr Familienabenteuer"}]},{"@type":"WebSite","@id":"https:\/\/enpistelulu.com\/de\/#website","url":"https:\/\/enpistelulu.com\/de\/","name":"enpistelulu.com","description":"","potentialAction":[{"@type":"SearchAction","target":{"@type":"EntryPoint","urlTemplate":"https:\/\/enpistelulu.com\/de\/?s={search_term_string}"},"query-input":{"@type":"PropertyValueSpecification","valueRequired":true,"valueName":"search_term_string"}}],"inLanguage":"de"}]}},"_links":{"self":[{"href":"https:\/\/enpistelulu.com\/de\/wp-json\/wp\/v2\/pages\/484","targetHints":{"allow":["GET"]}}],"collection":[{"href":"https:\/\/enpistelulu.com\/de\/wp-json\/wp\/v2\/pages"}],"about":[{"href":"https:\/\/enpistelulu.com\/de\/wp-json\/wp\/v2\/types\/page"}],"author":[{"embeddable":true,"href":"https:\/\/enpistelulu.com\/de\/wp-json\/wp\/v2\/users\/2"}],"replies":[{"embeddable":true,"href":"https:\/\/enpistelulu.com\/de\/wp-json\/wp\/v2\/comments?post=484"}],"version-history":[{"count":2,"href":"https:\/\/enpistelulu.com\/de\/wp-json\/wp\/v2\/pages\/484\/revisions"}],"predecessor-version":[{"id":523,"href":"https:\/\/enpistelulu.com\/de\/wp-json\/wp\/v2\/pages\/484\/revisions\/523"}],"up":[{"embeddable":true,"href":"https:\/\/enpistelulu.com\/de\/wp-json\/wp\/v2\/pages\/478"}],"wp:featuredmedia":[{"embeddable":true,"href":"https:\/\/enpistelulu.com\/de\/wp-json\/wp\/v2\/media\/485"}],"wp:attachment":[{"href":"https:\/\/enpistelulu.com\/de\/wp-json\/wp\/v2\/media?parent=484"}],"curies":[{"name":"wp","href":"https:\/\/api.w.org\/{rel}","templated":true}]}}