










{"id":490,"date":"2025-06-19T16:08:22","date_gmt":"2025-06-19T14:08:22","guid":{"rendered":"https:\/\/enpistelulu.com\/de\/?page_id=490"},"modified":"2025-10-27T09:23:54","modified_gmt":"2025-10-27T08:23:54","slug":"honfleur-mit-kindern-die-besten-familienaktivitaeten","status":"publish","type":"page","link":"https:\/\/enpistelulu.com\/de\/blog\/honfleur-mit-kindern-die-besten-familienaktivitaeten\/","title":{"rendered":"Honfleur mit Kindern: die besten Familienaktivit\u00e4ten"},"content":{"rendered":"\n<div class=\"wp-block-group has-background\" style=\"background-color:#f4ede5\"><div class=\"wp-block-group__inner-container is-layout-constrained wp-block-group-is-layout-constrained\">\n<div style=\"height:250px\" aria-hidden=\"true\" class=\"wp-block-spacer mobile-170\"><\/div>\n\n\n\n<div class=\"wp-block-group container\"><div class=\"wp-block-group__inner-container is-layout-constrained wp-block-group-is-layout-constrained\">\n<div class=\"wp-block-media-text alignwide is-stacked-on-mobile le-concept\"><figure class=\"wp-block-media-text__media\"><img decoding=\"async\" src=\"https:\/\/enpistelulu.com\/wp-content\/uploads\/2025\/05\/3-1024x576.png\" alt=\"\" class=\"wp-image-1501 size-full\"\/><\/figure><div class=\"wp-block-media-text__content\">\n<h1 class=\"wp-block-heading h2 puce-right puce-orange\">Honfleur mit Kindern: die besten Familienaktivit\u00e4ten<\/h1>\n<\/div><\/div>\n<\/div><\/div>\n\n\n\n<div class=\"wp-block-group container\"><div class=\"wp-block-group__inner-container is-layout-constrained wp-block-group-is-layout-constrained\">\n<div style=\"height:30px\" aria-hidden=\"true\" class=\"wp-block-spacer\"><\/div>\n\n\n\n<p>Suchst du ein Reiseziel, bei dem Gro\u00df und Klein gemeinsam Spa\u00df haben? Honfleur ist ein wahres Abenteuerland f\u00fcr Familien! Mit seinen malerischen Gassen, der intakten Natur und spielerischen Entdeckungen bietet die Stadt viele Aktivit\u00e4ten f\u00fcr Kinder. Was kann man in Honfleur mit Kindern unternehmen? Hier sind unsere Favoriten!<\/p>\n<\/div><\/div>\n\n\n\n<div style=\"height:100px\" aria-hidden=\"true\" class=\"wp-block-spacer\"><\/div>\n<\/div><\/div>\n\n\n\n<div class=\"wp-block-group faq-lulu\"><div class=\"wp-block-group__inner-container is-layout-constrained wp-block-group-is-layout-constrained\">\n<div style=\"height:100px\" aria-hidden=\"true\" id=\"faq\" class=\"wp-block-spacer\"><\/div>\n\n\n\n<div class=\"wp-block-group container\"><div class=\"wp-block-group__inner-container is-layout-constrained wp-block-group-is-layout-constrained\">\n<h2 class=\"wp-block-heading\">Sehensw\u00fcrdigkeiten, die man mit Kindern nicht verpassen sollte<\/h2>\n\n\n\n<p>Ein Besuch in Honfleur ist ohne den Vieux Bassin nicht komplett. Die bunten H\u00e4user, die Spiegelungen im Wasser und die besondere Atmosph\u00e4re, wie aus einer Postkarte. Gleich daneben steht das Karussell. Von oben habt ihr einen herrlichen Blick auf den Hafen! Ein weiteres Highlight: die Kirche Sainte-Catherine. Ihre Holzkonstruktion in Schiffsform fasziniert Kinder immer wieder. Wer gerne bummelt, kann die mittelalterlichen Gassen erkunden. Achtung: nicht alle sind kinderwagentauglich.<\/p>\n\n\n\n<div style=\"height:30px\" aria-hidden=\"true\" class=\"wp-block-spacer\"><\/div>\n\n\n\n<h2 class=\"wp-block-heading\">Toben und Durchatmen: Naturpausen in Honfleur<\/h2>\n\n\n\n<p>Die Mole ist ideal zum Entspannen. Auf der einen Seite das Meer, riesige Frachtschiffe und die Pont de Normandie, auf der anderen der Jardin des Personnalit\u00e9s: viel Platz zum Rennen, Rufen und Verschnaufen.<\/p>\n\n\n\n<p>F\u00fcr Spiel und Spa\u00df: ab in den Stadtpark! Hier k\u00f6nnen Kinder rutschen und toben, w\u00e4hrend die Eltern einen Moment der Ruhe genie\u00dfen.<\/p>\n\n\n\n<p>Lust auf ein besonderes Erlebnis? Im Naturospace fliegen Schmetterlinge frei durch eine tropische Pflanzenwelt. Ein echtes M\u00e4rchen, aber denk dran: dort ist es feucht und warm. Leichte Kleidung empfohlen!<\/p>\n\n\n\n<div style=\"height:30px\" aria-hidden=\"true\" class=\"wp-block-spacer\"><\/div>\n\n\n\n<h2 class=\"wp-block-heading\">Macht euren Spaziergang zum Spiel mit En piste Lulu<\/h2>\n\n\n\n<p>Was w\u00e4re, wenn der Stadtbummel zu einem echten Abenteuer w\u00fcrde? Mit Lulu entdeckt ihr Honfleur spielerisch: digital, flexibel und spannend f\u00fcr die ganze Familie.<\/p>\n\n\n\n<p>Kein Plan, kein Guide: einfach Smartphone an, und los geht\u2019s! Lulu f\u00fchrt euch ganz in eurem Tempo von Station zu Station. Eine Pause f\u00fcrs Eis, ein Karussell oder etwas Zeit im Park? Alles ist m\u00f6glich!<\/p>\n\n\n\n<p>Ein sprechender Guide in Form einer Garnele? Na klar. Lulu stellt Fragen, zeigt euch versteckte Details und macht aus dem Spaziergang ein Erlebnis f\u00fcr alle Altersgruppen. Mit Kinderwagen unterwegs? Es gibt eine route ohne Treppen. Teste unsere kostenlose Tour und schnuppere hinein.<\/p>\n\n\n\n<div style=\"height:30px\" aria-hidden=\"true\" class=\"wp-block-spacer\"><\/div>\n\n\n\n<h2 class=\"wp-block-heading\">Weitere tolle Ideen f\u00fcr Familien in Honfleur<\/h2>\n\n\n\n<p>&#x1f6a2; Bootstour: aufs Meer hinaus und den Pont de Normandie vom Wasser aus bewundern<\/p>\n\n\n\n<p>&#x1f40e; Kutschfahrt: die Stadt mal anders und ganz entspannt entdecken<\/p>\n\n\n\n<p>&#x1f3a8; Kreativ-Workshop: Museen bieten regelm\u00e4\u00dfig Programme f\u00fcr Kinder<\/p>\n\n\n\n<div style=\"height:60px\" aria-hidden=\"true\" class=\"wp-block-spacer\"><\/div>\n\n\n\n<h2 class=\"wp-block-heading h2 puce-left puce-jaune\">Alles, was du vor dem Familienbesuch wissen solltest<\/h2>\n\n\n\n<div class=\"wp-block-columns is-layout-flex wp-container-core-columns-is-layout-9d6595d7 wp-block-columns-is-layout-flex\">\n<div class=\"wp-block-column is-layout-flow wp-block-column-is-layout-flow\" style=\"flex-basis:60%\">\n<div style=\"height:60px\" aria-hidden=\"true\" class=\"wp-block-spacer\"><\/div>\n\n\n\n<div class=\"wp-block-group faq\"><div class=\"wp-block-group__inner-container is-layout-constrained wp-block-group-is-layout-constrained\"><style>#sp-ea-492 .spcollapsing { height: 0; overflow: hidden; transition-property: height;transition-duration: 300ms;}#sp-ea-492.sp-easy-accordion>.sp-ea-single {margin-bottom: 10px; border: 1px solid #e2e2e2; }#sp-ea-492.sp-easy-accordion>.sp-ea-single>.ea-header a {color: #444;}#sp-ea-492.sp-easy-accordion>.sp-ea-single>.sp-collapse>.ea-body {background: #fff; color: #444;}#sp-ea-492.sp-easy-accordion>.sp-ea-single {background: #eee;}#sp-ea-492.sp-easy-accordion>.sp-ea-single>.ea-header a .ea-expand-icon { float: left; color: #444;font-size: 16px;}<\/style><div id=\"sp_easy_accordion-1750341088\"><div id=\"sp-ea-492\" class=\"sp-ea-one sp-easy-accordion\" data-ea-active=\"ea-click\" data-ea-mode=\"vertical\" data-preloader=\"\" data-scroll-active-item=\"\" data-offset-to-scroll=\"0\"><div class=\"ea-card sp-ea-single\"><h3 class=\"ea-header\"><a class=\"collapsed\" id=\"ea-header-4920\" role=\"button\" data-sptoggle=\"spcollapse\" data-sptarget=\"#collapse4920\" aria-controls=\"collapse4920\" href=\"#\" aria-expanded=\"false\" tabindex=\"0\"><i aria-hidden=\"true\" role=\"presentation\" class=\"ea-expand-icon eap-icon-ea-expand-plus\"><\/i> Wie viel Zeit braucht man?<\/a><\/h3><div class=\"sp-collapse spcollapse spcollapse\" id=\"collapse4920\" data-parent=\"#sp-ea-492\" role=\"region\" aria-labelledby=\"ea-header-4920\"> <div class=\"ea-body\"><p>Honfleur ist klein: ein ganzer Tag reicht gut, aber ein Wochenende ist perfekt, um alles in Ruhe zu erkunden.<\/p><\/div><\/div><\/div><div class=\"ea-card sp-ea-single\"><h3 class=\"ea-header\"><a class=\"collapsed\" id=\"ea-header-4921\" role=\"button\" data-sptoggle=\"spcollapse\" data-sptarget=\"#collapse4921\" aria-controls=\"collapse4921\" href=\"#\" aria-expanded=\"false\" tabindex=\"0\"><i aria-hidden=\"true\" role=\"presentation\" class=\"ea-expand-icon eap-icon-ea-expand-plus\"><\/i> Wo kann man mit Kindern picknicken?<\/a><\/h3><div class=\"sp-collapse spcollapse spcollapse\" id=\"collapse4921\" data-parent=\"#sp-ea-492\" role=\"region\" aria-labelledby=\"ea-header-4921\"> <div class=\"ea-body\"><p>Im Jardin des Personnalit\u00e9s oder am Strand von Butin, ideal f\u00fcr eine entspannte Pause.<\/p><\/div><\/div><\/div><div class=\"ea-card sp-ea-single\"><h3 class=\"ea-header\"><a class=\"collapsed\" id=\"ea-header-4922\" role=\"button\" data-sptoggle=\"spcollapse\" data-sptarget=\"#collapse4922\" aria-controls=\"collapse4922\" href=\"#\" aria-expanded=\"false\" tabindex=\"0\"><i aria-hidden=\"true\" role=\"presentation\" class=\"ea-expand-icon eap-icon-ea-expand-plus\"><\/i> Was tun bei Regen?<\/a><\/h3><div class=\"sp-collapse spcollapse spcollapse\" id=\"collapse4922\" data-parent=\"#sp-ea-492\" role=\"region\" aria-labelledby=\"ea-header-4922\"> <div class=\"ea-body\"><p>Ab ins Naturospace, ins Mus\u00e9e Eug\u00e8ne Boudin oder in die lichtdurchflutete Mediathek.<\/p><\/div><\/div><\/div><div class=\"ea-card sp-ea-single\"><h3 class=\"ea-header\"><a class=\"collapsed\" id=\"ea-header-4923\" role=\"button\" data-sptoggle=\"spcollapse\" data-sptarget=\"#collapse4923\" aria-controls=\"collapse4923\" href=\"#\" aria-expanded=\"false\" tabindex=\"0\"><i aria-hidden=\"true\" role=\"presentation\" class=\"ea-expand-icon eap-icon-ea-expand-plus\"><\/i> Wie bleibt man \u00fcber Events informiert?<\/a><\/h3><div class=\"sp-collapse spcollapse spcollapse\" id=\"collapse4923\" data-parent=\"#sp-ea-492\" role=\"region\" aria-labelledby=\"ea-header-4923\"> <div class=\"ea-body\"><p><a href=\"https:\/\/www.ot-honfleur.fr\/de\/evenements\/agenda\/tout-lagenda\/\" target=\"_blank\">Im Veranstaltungskalender des Tourismusb\u00fcros<\/a><\/p><\/div><\/div><\/div><\/div><\/div>\n<\/div><\/div>\n<\/div>\n\n\n\n<div class=\"wp-block-column is-vertically-aligned-center text-center is-layout-flow wp-block-column-is-layout-flow\"><div class=\"wp-block-image\">\n<figure class=\"aligncenter size-full\"><img decoding=\"async\" src=\"https:\/\/enpistelulu.com\/wp-content\/uploads\/2023\/06\/Pirate-FAQ.png\" alt=\"\" class=\"wp-image-167\"\/><\/figure>\n<\/div><\/div>\n<\/div>\n<\/div><\/div>\n\n\n\n<div style=\"height:100px\" aria-hidden=\"true\" class=\"wp-block-spacer\"><\/div>\n<\/div><\/div>\n\n\n\n<div class=\"wp-block-group page_blog_article has-background\" style=\"background-color:#f4ede5\"><div class=\"wp-block-group__inner-container is-layout-constrained wp-block-group-is-layout-constrained\">\n<div style=\"height:100px\" aria-hidden=\"true\" id=\"qui-est-lulu\" class=\"wp-block-spacer\"><\/div>\n\n\n\n<div class=\"wp-block-group container\"><div class=\"wp-block-group__inner-container is-layout-constrained wp-block-group-is-layout-constrained\">\n<h2 class=\"wp-block-heading h2 puce-right puce-bleu puce-right-decalage mlr-auto\" id=\"qui-est\">Bereit f\u00fcr ein unvergessliches Abenteuer in Honfleur?<\/h2>\n\n\n\n<div style=\"height:30px\" aria-hidden=\"true\" class=\"wp-block-spacer\"><\/div>\n\n\n\n<p class=\"has-text-align-center\">Ob Natur, Kultur oder spielerische Entdeckungen, Honfleur bietet Aktivit\u00e4ten f\u00fcr die ganze Familie. <br>Probiert unsere En piste Lulu Touren und macht euren Besuch zum Spiel!<\/p>\n\n\n\n<div style=\"height:40px\" aria-hidden=\"true\" class=\"wp-block-spacer\"><\/div>\n\n\n\n<p class=\"has-text-align-center btn-lulu-transparent\"><a href=\"https:\/\/enpistelulu.com\/de\/touristische-rundgange\/\">&#x1f4cd; Entdeckt alle Touren<\/a><\/p>\n<\/div><\/div>\n\n\n\n<div style=\"height:100px\" aria-hidden=\"true\" class=\"wp-block-spacer\"><\/div>\n<\/div><\/div>\n\n\n\n<div class=\"wp-block-group faq-lulu\"><div class=\"wp-block-group__inner-container is-layout-constrained wp-block-group-is-layout-constrained\">\n<div style=\"height:100px\" aria-hidden=\"true\" id=\"faq\" class=\"wp-block-spacer\"><\/div>\n\n\n\n<div class=\"wp-block-group container\"><div class=\"wp-block-group__inner-container is-layout-constrained wp-block-group-is-layout-constrained\">\n<h2 class=\"wp-block-heading h2 puce-left puce-jaune\">Ein bisschen mehr Lesestoff<\/h2>\n\n\n\n<div style=\"height:30px\" aria-hidden=\"true\" class=\"wp-block-spacer\"><\/div>\n\n\n<div id=\"grid-actualite-liste-blog\"><div class=\"article-blog-liste\">\n                <a href=\"https:\/\/enpistelulu.com\/de\/blog\/honfleur-mit-kindern-eine-entdeckung-auf-augenhoehe\/\">\n                    <figure class=\"wp-block-image size-full\">\n                        <img loading=\"lazy\" decoding=\"async\" src=\"https:\/\/enpistelulu.com\/de\/wp-content\/uploads\/sites\/3\/2026\/02\/vignette7.jpg\" alt=\"Honfleur mit Kindern: eine Entdeckung auf Augenh\u00f6he\">\n                    <\/figure>\n                    <div class=\"contenu\">\n                        <h2>Honfleur mit Kindern: eine Entdeckung auf Augenh\u00f6he<\/h2>\n                    <\/div>\n                <\/a>\n            <\/div><div class=\"article-blog-liste\">\n                <a href=\"https:\/\/enpistelulu.com\/de\/blog\/was-man-in-honfleur-mit-kindern-bei-regen-unternehmen-kann\/\">\n                    <figure class=\"wp-block-image size-full\">\n                        <img loading=\"lazy\" decoding=\"async\" src=\"https:\/\/enpistelulu.com\/de\/wp-content\/uploads\/sites\/3\/2025\/10\/5.jpg\" alt=\"Was man in Honfleur mit Kindern bei Regen unternehmen kann\">\n                    <\/figure>\n                    <div class=\"contenu\">\n                        <h2>Was man in Honfleur mit Kindern bei Regen unternehmen kann<\/h2>\n                    <\/div>\n                <\/a>\n            <\/div><div class=\"article-blog-liste\">\n                <a href=\"https:\/\/enpistelulu.com\/de\/blog\/was-kann-man-im-september-in-honfleur-machen-meine-6-lieblingsaktivitaeten\/\">\n                    <figure class=\"wp-block-image size-full\">\n                        <img loading=\"lazy\" decoding=\"async\" src=\"https:\/\/enpistelulu.com\/de\/wp-content\/uploads\/sites\/3\/2025\/09\/4vignette.jpg\" alt=\"Was kann man im September in Honfleur machen? Meine 6 Lieblingsaktivit\u00e4ten\">\n                    <\/figure>\n                    <div class=\"contenu\">\n                        <h2>Was kann man im September in Honfleur machen? Meine 6 Lieblingsaktivit\u00e4ten<\/h2>\n                    <\/div>\n                <\/a>\n            <\/div><\/div>\n<\/div><\/div>\n\n\n\n<div style=\"height:100px\" aria-hidden=\"true\" class=\"wp-block-spacer\"><\/div>\n<\/div><\/div>\n","protected":false},"excerpt":{"rendered":"<p>Honfleur mit Kindern: die besten Familienaktivit\u00e4ten Suchst du ein Reiseziel, bei dem Gro\u00df und Klein gemeinsam Spa\u00df haben? Honfleur ist ein wahres Abenteuerland f\u00fcr Familien! Mit seinen malerischen Gassen, der intakten Natur und spielerischen Entdeckungen bietet die Stadt viele Aktivit\u00e4ten f\u00fcr Kinder. Was kann man in Honfleur mit Kindern unternehmen? Hier sind unsere Favoriten! Sehensw\u00fcrdigkeiten, [&hellip;]<\/p>\n","protected":false},"author":2,"featured_media":491,"parent":478,"menu_order":0,"comment_status":"closed","ping_status":"closed","template":"","meta":{"footnotes":""},"class_list":["post-490","page","type-page","status-publish","has-post-thumbnail","hentry"],"yoast_head":"<!-- This site is optimized with the Yoast SEO plugin v27.5 - https:\/\/yoast.com\/product\/yoast-seo-wordpress\/ -->\n<title>Honfleur mit Kindern: die besten Familienaktivit\u00e4ten - enpistelulu.com<\/title>\n<meta name=\"robots\" content=\"index, follow, max-snippet:-1, max-image-preview:large, max-video-preview:-1\" \/>\n<link rel=\"canonical\" href=\"https:\/\/enpistelulu.com\/de\/blog\/honfleur-mit-kindern-die-besten-familienaktivitaeten\/\" \/>\n<meta property=\"og:locale\" content=\"de_DE\" \/>\n<meta property=\"og:type\" content=\"article\" \/>\n<meta property=\"og:title\" content=\"Honfleur mit Kindern: die besten Familienaktivit\u00e4ten - enpistelulu.com\" \/>\n<meta property=\"og:description\" content=\"Honfleur mit Kindern: die besten Familienaktivit\u00e4ten Suchst du ein Reiseziel, bei dem Gro\u00df und Klein gemeinsam Spa\u00df haben? Honfleur ist ein wahres Abenteuerland f\u00fcr Familien! Mit seinen malerischen Gassen, der intakten Natur und spielerischen Entdeckungen bietet die Stadt viele Aktivit\u00e4ten f\u00fcr Kinder. Was kann man in Honfleur mit Kindern unternehmen? Hier sind unsere Favoriten! Sehensw\u00fcrdigkeiten, [&hellip;]\" \/>\n<meta property=\"og:url\" content=\"https:\/\/enpistelulu.com\/de\/blog\/honfleur-mit-kindern-die-besten-familienaktivitaeten\/\" \/>\n<meta property=\"og:site_name\" content=\"enpistelulu.com\" \/>\n<meta property=\"article:modified_time\" content=\"2025-10-27T08:23:54+00:00\" \/>\n<meta property=\"og:image\" content=\"https:\/\/enpistelulu.com\/de\/wp-content\/uploads\/sites\/3\/2025\/06\/3vignette--1024x672.png\" \/>\n\t<meta property=\"og:image:width\" content=\"1024\" \/>\n\t<meta property=\"og:image:height\" content=\"672\" \/>\n\t<meta property=\"og:image:type\" content=\"image\/png\" \/>\n<meta name=\"twitter:card\" content=\"summary_large_image\" \/>\n<meta name=\"twitter:label1\" content=\"Gesch\u00e4tzte Lesezeit\" \/>\n\t<meta name=\"twitter:data1\" content=\"3\u00a0Minuten\" \/>\n<script type=\"application\/ld+json\" class=\"yoast-schema-graph\">{\"@context\":\"https:\\\/\\\/schema.org\",\"@graph\":[{\"@type\":\"WebPage\",\"@id\":\"https:\\\/\\\/enpistelulu.com\\\/de\\\/blog\\\/honfleur-mit-kindern-die-besten-familienaktivitaeten\\\/\",\"url\":\"https:\\\/\\\/enpistelulu.com\\\/de\\\/blog\\\/honfleur-mit-kindern-die-besten-familienaktivitaeten\\\/\",\"name\":\"Honfleur mit Kindern: die besten Familienaktivit\u00e4ten - enpistelulu.com\",\"isPartOf\":{\"@id\":\"https:\\\/\\\/enpistelulu.com\\\/de\\\/#website\"},\"primaryImageOfPage\":{\"@id\":\"https:\\\/\\\/enpistelulu.com\\\/de\\\/blog\\\/honfleur-mit-kindern-die-besten-familienaktivitaeten\\\/#primaryimage\"},\"image\":{\"@id\":\"https:\\\/\\\/enpistelulu.com\\\/de\\\/blog\\\/honfleur-mit-kindern-die-besten-familienaktivitaeten\\\/#primaryimage\"},\"thumbnailUrl\":\"https:\\\/\\\/enpistelulu.com\\\/de\\\/wp-content\\\/uploads\\\/sites\\\/3\\\/2025\\\/06\\\/3vignette-.png\",\"datePublished\":\"2025-06-19T14:08:22+00:00\",\"dateModified\":\"2025-10-27T08:23:54+00:00\",\"breadcrumb\":{\"@id\":\"https:\\\/\\\/enpistelulu.com\\\/de\\\/blog\\\/honfleur-mit-kindern-die-besten-familienaktivitaeten\\\/#breadcrumb\"},\"inLanguage\":\"de\",\"potentialAction\":[{\"@type\":\"ReadAction\",\"target\":[\"https:\\\/\\\/enpistelulu.com\\\/de\\\/blog\\\/honfleur-mit-kindern-die-besten-familienaktivitaeten\\\/\"]}]},{\"@type\":\"ImageObject\",\"inLanguage\":\"de\",\"@id\":\"https:\\\/\\\/enpistelulu.com\\\/de\\\/blog\\\/honfleur-mit-kindern-die-besten-familienaktivitaeten\\\/#primaryimage\",\"url\":\"https:\\\/\\\/enpistelulu.com\\\/de\\\/wp-content\\\/uploads\\\/sites\\\/3\\\/2025\\\/06\\\/3vignette-.png\",\"contentUrl\":\"https:\\\/\\\/enpistelulu.com\\\/de\\\/wp-content\\\/uploads\\\/sites\\\/3\\\/2025\\\/06\\\/3vignette-.png\",\"width\":1854,\"height\":1217},{\"@type\":\"BreadcrumbList\",\"@id\":\"https:\\\/\\\/enpistelulu.com\\\/de\\\/blog\\\/honfleur-mit-kindern-die-besten-familienaktivitaeten\\\/#breadcrumb\",\"itemListElement\":[{\"@type\":\"ListItem\",\"position\":1,\"name\":\"Blog\",\"item\":\"https:\\\/\\\/enpistelulu.com\\\/de\\\/blog\\\/\"},{\"@type\":\"ListItem\",\"position\":2,\"name\":\"Honfleur mit Kindern: die besten Familienaktivit\u00e4ten\"}]},{\"@type\":\"WebSite\",\"@id\":\"https:\\\/\\\/enpistelulu.com\\\/de\\\/#website\",\"url\":\"https:\\\/\\\/enpistelulu.com\\\/de\\\/\",\"name\":\"enpistelulu.com\",\"description\":\"\",\"potentialAction\":[{\"@type\":\"SearchAction\",\"target\":{\"@type\":\"EntryPoint\",\"urlTemplate\":\"https:\\\/\\\/enpistelulu.com\\\/de\\\/?s={search_term_string}\"},\"query-input\":{\"@type\":\"PropertyValueSpecification\",\"valueRequired\":true,\"valueName\":\"search_term_string\"}}],\"inLanguage\":\"de\"}]}<\/script>\n<!-- \/ Yoast SEO plugin. -->","yoast_head_json":{"title":"Honfleur mit Kindern: die besten Familienaktivit\u00e4ten - enpistelulu.com","robots":{"index":"index","follow":"follow","max-snippet":"max-snippet:-1","max-image-preview":"max-image-preview:large","max-video-preview":"max-video-preview:-1"},"canonical":"https:\/\/enpistelulu.com\/de\/blog\/honfleur-mit-kindern-die-besten-familienaktivitaeten\/","og_locale":"de_DE","og_type":"article","og_title":"Honfleur mit Kindern: die besten Familienaktivit\u00e4ten - enpistelulu.com","og_description":"Honfleur mit Kindern: die besten Familienaktivit\u00e4ten Suchst du ein Reiseziel, bei dem Gro\u00df und Klein gemeinsam Spa\u00df haben? Honfleur ist ein wahres Abenteuerland f\u00fcr Familien! Mit seinen malerischen Gassen, der intakten Natur und spielerischen Entdeckungen bietet die Stadt viele Aktivit\u00e4ten f\u00fcr Kinder. Was kann man in Honfleur mit Kindern unternehmen? Hier sind unsere Favoriten! Sehensw\u00fcrdigkeiten, [&hellip;]","og_url":"https:\/\/enpistelulu.com\/de\/blog\/honfleur-mit-kindern-die-besten-familienaktivitaeten\/","og_site_name":"enpistelulu.com","article_modified_time":"2025-10-27T08:23:54+00:00","og_image":[{"width":1024,"height":672,"url":"https:\/\/enpistelulu.com\/de\/wp-content\/uploads\/sites\/3\/2025\/06\/3vignette--1024x672.png","type":"image\/png"}],"twitter_card":"summary_large_image","twitter_misc":{"Gesch\u00e4tzte Lesezeit":"3\u00a0Minuten"},"schema":{"@context":"https:\/\/schema.org","@graph":[{"@type":"WebPage","@id":"https:\/\/enpistelulu.com\/de\/blog\/honfleur-mit-kindern-die-besten-familienaktivitaeten\/","url":"https:\/\/enpistelulu.com\/de\/blog\/honfleur-mit-kindern-die-besten-familienaktivitaeten\/","name":"Honfleur mit Kindern: die besten Familienaktivit\u00e4ten - enpistelulu.com","isPartOf":{"@id":"https:\/\/enpistelulu.com\/de\/#website"},"primaryImageOfPage":{"@id":"https:\/\/enpistelulu.com\/de\/blog\/honfleur-mit-kindern-die-besten-familienaktivitaeten\/#primaryimage"},"image":{"@id":"https:\/\/enpistelulu.com\/de\/blog\/honfleur-mit-kindern-die-besten-familienaktivitaeten\/#primaryimage"},"thumbnailUrl":"https:\/\/enpistelulu.com\/de\/wp-content\/uploads\/sites\/3\/2025\/06\/3vignette-.png","datePublished":"2025-06-19T14:08:22+00:00","dateModified":"2025-10-27T08:23:54+00:00","breadcrumb":{"@id":"https:\/\/enpistelulu.com\/de\/blog\/honfleur-mit-kindern-die-besten-familienaktivitaeten\/#breadcrumb"},"inLanguage":"de","potentialAction":[{"@type":"ReadAction","target":["https:\/\/enpistelulu.com\/de\/blog\/honfleur-mit-kindern-die-besten-familienaktivitaeten\/"]}]},{"@type":"ImageObject","inLanguage":"de","@id":"https:\/\/enpistelulu.com\/de\/blog\/honfleur-mit-kindern-die-besten-familienaktivitaeten\/#primaryimage","url":"https:\/\/enpistelulu.com\/de\/wp-content\/uploads\/sites\/3\/2025\/06\/3vignette-.png","contentUrl":"https:\/\/enpistelulu.com\/de\/wp-content\/uploads\/sites\/3\/2025\/06\/3vignette-.png","width":1854,"height":1217},{"@type":"BreadcrumbList","@id":"https:\/\/enpistelulu.com\/de\/blog\/honfleur-mit-kindern-die-besten-familienaktivitaeten\/#breadcrumb","itemListElement":[{"@type":"ListItem","position":1,"name":"Blog","item":"https:\/\/enpistelulu.com\/de\/blog\/"},{"@type":"ListItem","position":2,"name":"Honfleur mit Kindern: die besten Familienaktivit\u00e4ten"}]},{"@type":"WebSite","@id":"https:\/\/enpistelulu.com\/de\/#website","url":"https:\/\/enpistelulu.com\/de\/","name":"enpistelulu.com","description":"","potentialAction":[{"@type":"SearchAction","target":{"@type":"EntryPoint","urlTemplate":"https:\/\/enpistelulu.com\/de\/?s={search_term_string}"},"query-input":{"@type":"PropertyValueSpecification","valueRequired":true,"valueName":"search_term_string"}}],"inLanguage":"de"}]}},"_links":{"self":[{"href":"https:\/\/enpistelulu.com\/de\/wp-json\/wp\/v2\/pages\/490","targetHints":{"allow":["GET"]}}],"collection":[{"href":"https:\/\/enpistelulu.com\/de\/wp-json\/wp\/v2\/pages"}],"about":[{"href":"https:\/\/enpistelulu.com\/de\/wp-json\/wp\/v2\/types\/page"}],"author":[{"embeddable":true,"href":"https:\/\/enpistelulu.com\/de\/wp-json\/wp\/v2\/users\/2"}],"replies":[{"embeddable":true,"href":"https:\/\/enpistelulu.com\/de\/wp-json\/wp\/v2\/comments?post=490"}],"version-history":[{"count":2,"href":"https:\/\/enpistelulu.com\/de\/wp-json\/wp\/v2\/pages\/490\/revisions"}],"predecessor-version":[{"id":522,"href":"https:\/\/enpistelulu.com\/de\/wp-json\/wp\/v2\/pages\/490\/revisions\/522"}],"up":[{"embeddable":true,"href":"https:\/\/enpistelulu.com\/de\/wp-json\/wp\/v2\/pages\/478"}],"wp:featuredmedia":[{"embeddable":true,"href":"https:\/\/enpistelulu.com\/de\/wp-json\/wp\/v2\/media\/491"}],"wp:attachment":[{"href":"https:\/\/enpistelulu.com\/de\/wp-json\/wp\/v2\/media?parent=490"}],"curies":[{"name":"wp","href":"https:\/\/api.w.org\/{rel}","templated":true}]}}