










{"id":506,"date":"2025-09-10T11:28:05","date_gmt":"2025-09-10T09:28:05","guid":{"rendered":"https:\/\/enpistelulu.com\/de\/?page_id=506"},"modified":"2025-10-27T09:23:48","modified_gmt":"2025-10-27T08:23:48","slug":"was-kann-man-im-september-in-honfleur-machen-meine-6-lieblingsaktivitaeten","status":"publish","type":"page","link":"https:\/\/enpistelulu.com\/de\/blog\/was-kann-man-im-september-in-honfleur-machen-meine-6-lieblingsaktivitaeten\/","title":{"rendered":"Was kann man im September in Honfleur machen? Meine 6 Lieblingsaktivit\u00e4ten"},"content":{"rendered":"\n<div class=\"wp-block-group has-background\" style=\"background-color:#f4ede5\"><div class=\"wp-block-group__inner-container is-layout-constrained wp-block-group-is-layout-constrained\">\n<div style=\"height:250px\" aria-hidden=\"true\" class=\"wp-block-spacer mobile-170\"><\/div>\n\n\n\n<div class=\"wp-block-group container\"><div class=\"wp-block-group__inner-container is-layout-constrained wp-block-group-is-layout-constrained\">\n<div class=\"wp-block-media-text alignwide is-stacked-on-mobile le-concept\" style=\"grid-template-columns:30% auto\"><figure class=\"wp-block-media-text__media\"><img decoding=\"async\" src=\"https:\/\/enpistelulu.com\/wp-content\/uploads\/2025\/09\/apples-6633550_640.jpg\" alt=\"\" class=\"wp-image-1566 size-full\"\/><\/figure><div class=\"wp-block-media-text__content\">\n<h1 class=\"wp-block-heading h2 puce-right puce-orange\">Was kann man im September in Honfleur machen?<br>Meine 6 Lieblingsaktivit\u00e4ten<\/h1>\n<\/div><\/div>\n<\/div><\/div>\n\n\n\n<div class=\"wp-block-group container\"><div class=\"wp-block-group__inner-container is-layout-constrained wp-block-group-is-layout-constrained\">\n<div style=\"height:30px\" aria-hidden=\"true\" class=\"wp-block-spacer\"><\/div>\n\n\n\n<p>September ist der Monat des Schulanfangs: Termine f\u00fcllen sich, Aktivit\u00e4ten beginnen, der Alltag wird streng getaktet. In Honfleur hingegen ist der September die Zeit, in der die Stadt nach dem Sommertrubel wieder zur Ruhe kommt. Die K\u00fcste von \u00c9quemauville br\u00e4unt bereits, das Licht wird weicher, die Tage bleiben angenehm, und es gibt unz\u00e4hlige M\u00f6glichkeiten, diese besondere Zeit zu genie\u00dfen.<\/p>\n\n\n\n<p>Hier sind sechs Aktivit\u00e4ten, die ich im September in Honfleur liebe (und unbedingt empfehle!).<\/p>\n<\/div><\/div>\n\n\n\n<div style=\"height:30px\" aria-hidden=\"true\" class=\"wp-block-spacer\"><\/div>\n<\/div><\/div>\n\n\n\n<div class=\"wp-block-group faq-lulu\"><div class=\"wp-block-group__inner-container is-layout-constrained wp-block-group-is-layout-constrained\">\n<div style=\"height:30px\" aria-hidden=\"true\" class=\"wp-block-spacer\"><\/div>\n\n\n\n<div class=\"wp-block-group container\"><div class=\"wp-block-group__inner-container is-layout-constrained wp-block-group-is-layout-constrained\">\n<h2 class=\"wp-block-heading\">1. Honfleur in Ruhe genie\u00dfen<\/h2>\n\n\n\n<p>Im September sind die Stra\u00dfen leerer, die Terrassen entspannter und einen Parkplatz zu finden ist kein Abenteuer mehr. Die perfekte Zeit, die Stadt neu zu entdecken: entspannt am Vieux Bassin entlang schlendern, in ein Gesch\u00e4ft ohne Gedr\u00e4nge gehen oder einfach sitzen und das ruhige Leben beobachten.<\/p>\n\n\n\n<div style=\"height:30px\" aria-hidden=\"true\" class=\"wp-block-spacer\"><\/div>\n\n\n\n<h2 class=\"wp-block-heading\">2. Garnelen bei Ebbe beobachten<\/h2>\n\n\n\n<p>Wenn das Meer sich zur\u00fcckzieht, verwandelt sich der Strand in einen riesigen Spielplatz. In den kleinen Wasserbecken entdeckt man Mini-Garnelen und andere Meeresbewohner. Kinder lieben es, und Erwachsene machen schnell begeistert mit. Eine einfache, kostenlose Aktivit\u00e4t, die zur\u00fcck zum Wesentlichen f\u00fchrt.<\/p>\n\n\n\n<div style=\"height:30px\" aria-hidden=\"true\" class=\"wp-block-spacer\"><\/div>\n\n\n\n<h2 class=\"wp-block-heading\">3. \u00c4pfel im Obstgarten pfl\u00fccken<\/h2>\n\n\n\n<p>September ist Apfelzeit! Im Obstgarten Alleaume kann man K\u00f6rbe mit lokalen Sorten f\u00fcllen, zwischen den B\u00e4umen spazieren und mit allem nach Hause gehen, was man f\u00fcr ein Kompott oder einen spontanen Kuchen braucht. Echter Herbstgenuss.<\/p>\n\n\n\n<div style=\"height:30px\" aria-hidden=\"true\" class=\"wp-block-spacer\"><\/div>\n\n\n\n<h2 class=\"wp-block-heading\">4. Lachen in den Greniers \u00e0 sel beim Festival Estuaire d\u2019en rire<\/h2>\n\n\n\n<p>Im September findet auch das Comedy-Festival Estuaire d\u2019en rire statt. Der beeindruckende Saal Greniers \u00e0 sel empf\u00e4ngt jedes Jahr bekannte K\u00fcnstler und neue Talente. Die Stimmung ist herzlich, und man geht mit einem leichten Herzen nach Hause. Achtung: Karten sind schnell ausverkauft, also rechtzeitig buchen!<\/p>\n\n\n\n<div style=\"height:30px\" aria-hidden=\"true\" class=\"wp-block-spacer\"><\/div>\n\n\n\n<div class=\"wp-block-media-text is-stacked-on-mobile\" style=\"grid-template-columns:19% auto\"><figure class=\"wp-block-media-text__media\"><img decoding=\"async\" src=\"https:\/\/enpistelulu.com\/wp-content\/uploads\/2025\/09\/IMG_20250830_193310-1024x890.jpg\" alt=\"Tarte aux m\u00fbres faite maison\" class=\"wp-image-1558 size-full\"\/><\/figure><div class=\"wp-block-media-text__content\">\n<h2 class=\"wp-block-heading\">5. Die letzten Brombeeren am Wegesrand pfl\u00fccken<\/h2>\n\n\n\n<p>Ein Ritual am Sommerende: durch die kleinen Wege spazieren und Str\u00e4ucher mit den letzten Brombeeren finden. Mit einer Schale in der Hand, schwarzen Fingern und mehr essen als pfl\u00fccken! &#x1f469;&#x200d;&#x1f373; meine hausgemachte Brombeer\u2013Wei\u00dfe-Schokolade-Tarte (noch nicht ganz bereit f\u00fcr <em>Das perfekte Dinner<\/em>)<\/p>\n<\/div><\/div>\n\n\n\n<div style=\"height:30px\" aria-hidden=\"true\" class=\"wp-block-spacer\"><\/div>\n\n\n\n<h2 class=\"wp-block-heading\">6. Genuss-Bonus: die Messe Saveurs d\u2019automne<\/h2>\n\n\n\n<p>Wenn Sie Ende September in Honfleur sind, sollten Sie die Messe Saveurs d\u2019automne nicht verpassen. Probieren Sie lokale Produkte, treffen Sie Produzenten und f\u00fcllen Sie Ihren Korb mit regionalen Spezialit\u00e4ten. K\u00e4se, Cidre, S\u00fc\u00dfes\u2026 Gl\u00fccksmomente an jedem Stand.<\/p>\n\n\n\n<div style=\"height:30px\" aria-hidden=\"true\" class=\"wp-block-spacer\"><\/div>\n\n\n\n<h2 class=\"wp-block-heading h2 puce-left puce-jaune\">Honfleur im September<\/h2>\n\n\n\n<div class=\"wp-block-columns is-layout-flex wp-container-core-columns-is-layout-9d6595d7 wp-block-columns-is-layout-flex\">\n<div class=\"wp-block-column is-layout-flow wp-block-column-is-layout-flow\" style=\"flex-basis:60%\">\n<div style=\"height:60px\" aria-hidden=\"true\" class=\"wp-block-spacer\"><\/div>\n\n\n\n<div class=\"wp-block-group faq\"><div class=\"wp-block-group__inner-container is-layout-constrained wp-block-group-is-layout-constrained\"><style>#sp-ea-509 .spcollapsing { height: 0; overflow: hidden; transition-property: height;transition-duration: 300ms;}#sp-ea-509.sp-easy-accordion>.sp-ea-single {margin-bottom: 10px; border: 1px solid #e2e2e2; }#sp-ea-509.sp-easy-accordion>.sp-ea-single>.ea-header a {color: #444;}#sp-ea-509.sp-easy-accordion>.sp-ea-single>.sp-collapse>.ea-body {background: #fff; color: #444;}#sp-ea-509.sp-easy-accordion>.sp-ea-single {background: #eee;}#sp-ea-509.sp-easy-accordion>.sp-ea-single>.ea-header a .ea-expand-icon { float: left; color: #444;font-size: 16px;}<\/style><div id=\"sp_easy_accordion-1757496050\"><div id=\"sp-ea-509\" class=\"sp-ea-one sp-easy-accordion\" data-ea-active=\"ea-click\" data-ea-mode=\"vertical\" data-preloader=\"\" data-scroll-active-item=\"\" data-offset-to-scroll=\"0\"><div class=\"ea-card sp-ea-single\"><h3 class=\"ea-header\"><a class=\"collapsed\" id=\"ea-header-5090\" role=\"button\" data-sptoggle=\"spcollapse\" data-sptarget=\"#collapse5090\" aria-controls=\"collapse5090\" href=\"#\" aria-expanded=\"false\" tabindex=\"0\"><i aria-hidden=\"true\" role=\"presentation\" class=\"ea-expand-icon eap-icon-ea-expand-plus\"><\/i> Ist September eine gute Zeit, um Honfleur zu besuchen?<\/a><\/h3><div class=\"sp-collapse spcollapse spcollapse\" id=\"collapse5090\" data-parent=\"#sp-ea-509\" role=\"region\" aria-labelledby=\"ea-header-5090\"> <div class=\"ea-body\"><p>Ja, es ist sogar eine der besten Zeiten. Das Klima bleibt angenehm, die Stadt ist ruhiger als im Hochsommer, und viele Sehensw\u00fcrdigkeiten sind noch ge\u00f6ffnet.<\/p><\/div><\/div><\/div><div class=\"ea-card sp-ea-single\"><h3 class=\"ea-header\"><a class=\"collapsed\" id=\"ea-header-5091\" role=\"button\" data-sptoggle=\"spcollapse\" data-sptarget=\"#collapse5091\" aria-controls=\"collapse5091\" href=\"#\" aria-expanded=\"false\" tabindex=\"0\"><i aria-hidden=\"true\" role=\"presentation\" class=\"ea-expand-icon eap-icon-ea-expand-plus\"><\/i> Kann man im September den Strand in Honfleur genie\u00dfen?<\/a><\/h3><div class=\"sp-collapse spcollapse spcollapse\" id=\"collapse5091\" data-parent=\"#sp-ea-509\" role=\"region\" aria-labelledby=\"ea-header-5091\"> <div class=\"ea-body\"><p>Nat\u00fcrlich! Das Wasser ist k\u00fchler, aber Spazierg\u00e4nge am Meer und Spiele im Sand sind immer m\u00f6glich.<\/p><\/div><\/div><\/div><div class=\"ea-card sp-ea-single\"><h3 class=\"ea-header\"><a class=\"collapsed\" id=\"ea-header-5092\" role=\"button\" data-sptoggle=\"spcollapse\" data-sptarget=\"#collapse5092\" aria-controls=\"collapse5092\" href=\"#\" aria-expanded=\"false\" tabindex=\"0\"><i aria-hidden=\"true\" role=\"presentation\" class=\"ea-expand-icon eap-icon-ea-expand-plus\"><\/i> Gibt es besondere Veranstaltungen im September in Honfleur?<\/a><\/h3><div class=\"sp-collapse spcollapse spcollapse\" id=\"collapse5092\" data-parent=\"#sp-ea-509\" role=\"region\" aria-labelledby=\"ea-header-5092\"> <div class=\"ea-body\"><p>Ja: das Comedy-Festival Estuaire d\u2019en rire in den Greniers \u00e0 sel und die Messe Saveurs d\u2019automne. Zwei Highlights zum Start in den Herbst.<\/p><\/div><\/div><\/div><div class=\"ea-card sp-ea-single\"><h3 class=\"ea-header\"><a class=\"collapsed\" id=\"ea-header-5093\" role=\"button\" data-sptoggle=\"spcollapse\" data-sptarget=\"#collapse5093\" aria-controls=\"collapse5093\" href=\"#\" aria-expanded=\"false\" tabindex=\"0\"><i aria-hidden=\"true\" role=\"presentation\" class=\"ea-expand-icon eap-icon-ea-expand-plus\"><\/i> Was kann man im September mit Kindern in Honfleur machen?<\/a><\/h3><div class=\"sp-collapse spcollapse spcollapse\" id=\"collapse5093\" data-parent=\"#sp-ea-509\" role=\"region\" aria-labelledby=\"ea-header-5093\"> <div class=\"ea-body\"><p>Naturspazierg\u00e4nge sind ideal: Garnelen bei Ebbe beobachten, Brombeeren pfl\u00fccken oder Parks und G\u00e4rten entdecken. Und f\u00fcr kleine Abenteurer gibt es unsere spielerischen Familienrouten mit En Piste Lulu!<\/p><\/div><\/div><\/div><\/div><\/div>\n<\/div><\/div>\n<\/div>\n\n\n\n<div class=\"wp-block-column is-vertically-aligned-center text-center is-layout-flow wp-block-column-is-layout-flow\"><div class=\"wp-block-image\">\n<figure class=\"aligncenter size-full\"><img decoding=\"async\" src=\"https:\/\/enpistelulu.com\/wp-content\/uploads\/2023\/06\/Pirate-FAQ.png\" alt=\"\" class=\"wp-image-167\"\/><\/figure>\n<\/div><\/div>\n<\/div>\n<\/div><\/div>\n\n\n\n<div style=\"height:100px\" aria-hidden=\"true\" class=\"wp-block-spacer\"><\/div>\n<\/div><\/div>\n\n\n\n<div class=\"wp-block-group page_blog_article has-background\" style=\"background-color:#f4ede5\"><div class=\"wp-block-group__inner-container is-layout-constrained wp-block-group-is-layout-constrained\">\n<div style=\"height:100px\" aria-hidden=\"true\" id=\"qui-est-lulu\" class=\"wp-block-spacer\"><\/div>\n\n\n\n<div class=\"wp-block-group container\"><div class=\"wp-block-group__inner-container is-layout-constrained wp-block-group-is-layout-constrained\">\n<h2 class=\"wp-block-heading has-text-align-center h2 puce-right puce-bleu puce-right-decalage mlr-auto\" id=\"qui-est\">Besuchen Sie Honfleur im September?<\/h2>\n\n\n\n<div style=\"height:30px\" aria-hidden=\"true\" class=\"wp-block-spacer\"><\/div>\n\n\n\n<p class=\"has-text-align-center\">Lust auf einfache Freuden und Spazierg\u00e4nge durch die Gassen von Honfleur?<\/p>\n\n\n\n<p class=\"has-text-align-center\">Spielen Sie mit Lulu dem Piraten: Er f\u00fchrt Sie bis zum Strand und zeigt die versteckten Details der Stadt.<\/p>\n\n\n\n<div style=\"height:40px\" aria-hidden=\"true\" class=\"wp-block-spacer\"><\/div>\n\n\n\n<p class=\"has-text-align-center btn-lulu-transparent\"><a href=\"https:\/\/enpistelulu.com\/de\/touristische-rundgange\/honfleur-familien\/\">&#x1f43e; Auf nach Honfleur mit Lulu!<\/a><\/p>\n<\/div><\/div>\n\n\n\n<div style=\"height:100px\" aria-hidden=\"true\" class=\"wp-block-spacer\"><\/div>\n<\/div><\/div>\n\n\n\n<div class=\"wp-block-group faq-lulu\"><div class=\"wp-block-group__inner-container is-layout-constrained wp-block-group-is-layout-constrained\">\n<div style=\"height:100px\" aria-hidden=\"true\" id=\"faq\" class=\"wp-block-spacer\"><\/div>\n\n\n\n<div class=\"wp-block-group container\"><div class=\"wp-block-group__inner-container is-layout-constrained wp-block-group-is-layout-constrained\">\n<h2 class=\"wp-block-heading h2 puce-left puce-jaune\">Ein bisschen mehr Lesestoff<\/h2>\n\n\n\n<div style=\"height:30px\" aria-hidden=\"true\" class=\"wp-block-spacer\"><\/div>\n\n\n<div id=\"grid-actualite-liste-blog\"><div class=\"article-blog-liste\">\n                <a href=\"https:\/\/enpistelulu.com\/de\/blog\/honfleur-mit-kindern-eine-entdeckung-auf-augenhoehe\/\">\n                    <figure class=\"wp-block-image size-full\">\n                        <img loading=\"lazy\" decoding=\"async\" src=\"https:\/\/enpistelulu.com\/de\/wp-content\/uploads\/sites\/3\/2026\/02\/vignette7.jpg\" alt=\"Honfleur mit Kindern: eine Entdeckung auf Augenh\u00f6he\">\n                    <\/figure>\n                    <div class=\"contenu\">\n                        <h2>Honfleur mit Kindern: eine Entdeckung auf Augenh\u00f6he<\/h2>\n                    <\/div>\n                <\/a>\n            <\/div><div class=\"article-blog-liste\">\n                <a href=\"https:\/\/enpistelulu.com\/de\/blog\/was-man-in-honfleur-mit-kindern-bei-regen-unternehmen-kann\/\">\n                    <figure class=\"wp-block-image size-full\">\n                        <img loading=\"lazy\" decoding=\"async\" src=\"https:\/\/enpistelulu.com\/de\/wp-content\/uploads\/sites\/3\/2025\/10\/5.jpg\" alt=\"Was man in Honfleur mit Kindern bei Regen unternehmen kann\">\n                    <\/figure>\n                    <div class=\"contenu\">\n                        <h2>Was man in Honfleur mit Kindern bei Regen unternehmen kann<\/h2>\n                    <\/div>\n                <\/a>\n            <\/div><div class=\"article-blog-liste\">\n                <a href=\"https:\/\/enpistelulu.com\/de\/blog\/honfleur-mit-kindern-die-besten-familienaktivitaeten\/\">\n                    <figure class=\"wp-block-image size-full\">\n                        <img loading=\"lazy\" decoding=\"async\" src=\"https:\/\/enpistelulu.com\/de\/wp-content\/uploads\/sites\/3\/2025\/06\/3vignette-.png\" alt=\"Honfleur mit Kindern: die besten Familienaktivit\u00e4ten\">\n                    <\/figure>\n                    <div class=\"contenu\">\n                        <h2>Honfleur mit Kindern: die besten Familienaktivit\u00e4ten<\/h2>\n                    <\/div>\n                <\/a>\n            <\/div><\/div>\n<\/div><\/div>\n\n\n\n<div style=\"height:100px\" aria-hidden=\"true\" class=\"wp-block-spacer\"><\/div>\n<\/div><\/div>\n","protected":false},"excerpt":{"rendered":"<p>Was kann man im September in Honfleur machen?Meine 6 Lieblingsaktivit\u00e4ten September ist der Monat des Schulanfangs: Termine f\u00fcllen sich, Aktivit\u00e4ten beginnen, der Alltag wird streng getaktet. In Honfleur hingegen ist der September die Zeit, in der die Stadt nach dem Sommertrubel wieder zur Ruhe kommt. Die K\u00fcste von \u00c9quemauville br\u00e4unt bereits, das Licht wird weicher, [&hellip;]<\/p>\n","protected":false},"author":5,"featured_media":511,"parent":478,"menu_order":0,"comment_status":"closed","ping_status":"closed","template":"","meta":{"footnotes":""},"class_list":["post-506","page","type-page","status-publish","has-post-thumbnail","hentry"],"yoast_head":"<!-- This site is optimized with the Yoast SEO plugin v27.3 - https:\/\/yoast.com\/product\/yoast-seo-wordpress\/ -->\n<title>Was kann man im September in Honfleur machen? Meine 6 Lieblingsaktivit\u00e4ten - enpistelulu.com<\/title>\n<meta name=\"description\" content=\"Honfleur im September: ruhige Gassen, Naturspazierg\u00e4nge, Garnelen bei Ebbe, Apfelernte und einfache Familienfreuden genie\u00dfen.\" \/>\n<meta name=\"robots\" content=\"index, follow, max-snippet:-1, max-image-preview:large, max-video-preview:-1\" \/>\n<link rel=\"canonical\" href=\"https:\/\/enpistelulu.com\/de\/blog\/was-kann-man-im-september-in-honfleur-machen-meine-6-lieblingsaktivitaeten\/\" \/>\n<meta property=\"og:locale\" content=\"de_DE\" \/>\n<meta property=\"og:type\" content=\"article\" \/>\n<meta property=\"og:title\" content=\"Was kann man im September in Honfleur machen? Meine 6 Lieblingsaktivit\u00e4ten - enpistelulu.com\" \/>\n<meta property=\"og:description\" content=\"Honfleur im September: ruhige Gassen, Naturspazierg\u00e4nge, Garnelen bei Ebbe, Apfelernte und einfache Familienfreuden genie\u00dfen.\" \/>\n<meta property=\"og:url\" content=\"https:\/\/enpistelulu.com\/de\/blog\/was-kann-man-im-september-in-honfleur-machen-meine-6-lieblingsaktivitaeten\/\" \/>\n<meta property=\"og:site_name\" content=\"enpistelulu.com\" \/>\n<meta property=\"article:modified_time\" content=\"2025-10-27T08:23:48+00:00\" \/>\n<meta property=\"og:image\" content=\"https:\/\/enpistelulu.com\/de\/wp-content\/uploads\/sites\/3\/2025\/09\/4vignette.jpg\" \/>\n\t<meta property=\"og:image:width\" content=\"1853\" \/>\n\t<meta property=\"og:image:height\" content=\"1218\" \/>\n\t<meta property=\"og:image:type\" content=\"image\/jpeg\" \/>\n<meta name=\"twitter:card\" content=\"summary_large_image\" \/>\n<meta name=\"twitter:label1\" content=\"Gesch\u00e4tzte Lesezeit\" \/>\n\t<meta name=\"twitter:data1\" content=\"3\u00a0Minuten\" \/>\n<script type=\"application\/ld+json\" class=\"yoast-schema-graph\">{\"@context\":\"https:\\\/\\\/schema.org\",\"@graph\":[{\"@type\":\"WebPage\",\"@id\":\"https:\\\/\\\/enpistelulu.com\\\/de\\\/blog\\\/was-kann-man-im-september-in-honfleur-machen-meine-6-lieblingsaktivitaeten\\\/\",\"url\":\"https:\\\/\\\/enpistelulu.com\\\/de\\\/blog\\\/was-kann-man-im-september-in-honfleur-machen-meine-6-lieblingsaktivitaeten\\\/\",\"name\":\"Was kann man im September in Honfleur machen? Meine 6 Lieblingsaktivit\u00e4ten - enpistelulu.com\",\"isPartOf\":{\"@id\":\"https:\\\/\\\/enpistelulu.com\\\/de\\\/#website\"},\"primaryImageOfPage\":{\"@id\":\"https:\\\/\\\/enpistelulu.com\\\/de\\\/blog\\\/was-kann-man-im-september-in-honfleur-machen-meine-6-lieblingsaktivitaeten\\\/#primaryimage\"},\"image\":{\"@id\":\"https:\\\/\\\/enpistelulu.com\\\/de\\\/blog\\\/was-kann-man-im-september-in-honfleur-machen-meine-6-lieblingsaktivitaeten\\\/#primaryimage\"},\"thumbnailUrl\":\"https:\\\/\\\/enpistelulu.com\\\/de\\\/wp-content\\\/uploads\\\/sites\\\/3\\\/2025\\\/09\\\/4vignette.jpg\",\"datePublished\":\"2025-09-10T09:28:05+00:00\",\"dateModified\":\"2025-10-27T08:23:48+00:00\",\"description\":\"Honfleur im September: ruhige Gassen, Naturspazierg\u00e4nge, Garnelen bei Ebbe, Apfelernte und einfache Familienfreuden genie\u00dfen.\",\"breadcrumb\":{\"@id\":\"https:\\\/\\\/enpistelulu.com\\\/de\\\/blog\\\/was-kann-man-im-september-in-honfleur-machen-meine-6-lieblingsaktivitaeten\\\/#breadcrumb\"},\"inLanguage\":\"de\",\"potentialAction\":[{\"@type\":\"ReadAction\",\"target\":[\"https:\\\/\\\/enpistelulu.com\\\/de\\\/blog\\\/was-kann-man-im-september-in-honfleur-machen-meine-6-lieblingsaktivitaeten\\\/\"]}]},{\"@type\":\"ImageObject\",\"inLanguage\":\"de\",\"@id\":\"https:\\\/\\\/enpistelulu.com\\\/de\\\/blog\\\/was-kann-man-im-september-in-honfleur-machen-meine-6-lieblingsaktivitaeten\\\/#primaryimage\",\"url\":\"https:\\\/\\\/enpistelulu.com\\\/de\\\/wp-content\\\/uploads\\\/sites\\\/3\\\/2025\\\/09\\\/4vignette.jpg\",\"contentUrl\":\"https:\\\/\\\/enpistelulu.com\\\/de\\\/wp-content\\\/uploads\\\/sites\\\/3\\\/2025\\\/09\\\/4vignette.jpg\",\"width\":1853,\"height\":1218},{\"@type\":\"BreadcrumbList\",\"@id\":\"https:\\\/\\\/enpistelulu.com\\\/de\\\/blog\\\/was-kann-man-im-september-in-honfleur-machen-meine-6-lieblingsaktivitaeten\\\/#breadcrumb\",\"itemListElement\":[{\"@type\":\"ListItem\",\"position\":1,\"name\":\"Blog\",\"item\":\"https:\\\/\\\/enpistelulu.com\\\/de\\\/blog\\\/\"},{\"@type\":\"ListItem\",\"position\":2,\"name\":\"Was kann man im September in Honfleur machen? Meine 6 Lieblingsaktivit\u00e4ten\"}]},{\"@type\":\"WebSite\",\"@id\":\"https:\\\/\\\/enpistelulu.com\\\/de\\\/#website\",\"url\":\"https:\\\/\\\/enpistelulu.com\\\/de\\\/\",\"name\":\"enpistelulu.com\",\"description\":\"\",\"potentialAction\":[{\"@type\":\"SearchAction\",\"target\":{\"@type\":\"EntryPoint\",\"urlTemplate\":\"https:\\\/\\\/enpistelulu.com\\\/de\\\/?s={search_term_string}\"},\"query-input\":{\"@type\":\"PropertyValueSpecification\",\"valueRequired\":true,\"valueName\":\"search_term_string\"}}],\"inLanguage\":\"de\"}]}<\/script>\n<!-- \/ Yoast SEO plugin. -->","yoast_head_json":{"title":"Was kann man im September in Honfleur machen? Meine 6 Lieblingsaktivit\u00e4ten - enpistelulu.com","description":"Honfleur im September: ruhige Gassen, Naturspazierg\u00e4nge, Garnelen bei Ebbe, Apfelernte und einfache Familienfreuden genie\u00dfen.","robots":{"index":"index","follow":"follow","max-snippet":"max-snippet:-1","max-image-preview":"max-image-preview:large","max-video-preview":"max-video-preview:-1"},"canonical":"https:\/\/enpistelulu.com\/de\/blog\/was-kann-man-im-september-in-honfleur-machen-meine-6-lieblingsaktivitaeten\/","og_locale":"de_DE","og_type":"article","og_title":"Was kann man im September in Honfleur machen? Meine 6 Lieblingsaktivit\u00e4ten - enpistelulu.com","og_description":"Honfleur im September: ruhige Gassen, Naturspazierg\u00e4nge, Garnelen bei Ebbe, Apfelernte und einfache Familienfreuden genie\u00dfen.","og_url":"https:\/\/enpistelulu.com\/de\/blog\/was-kann-man-im-september-in-honfleur-machen-meine-6-lieblingsaktivitaeten\/","og_site_name":"enpistelulu.com","article_modified_time":"2025-10-27T08:23:48+00:00","og_image":[{"width":1853,"height":1218,"url":"https:\/\/enpistelulu.com\/de\/wp-content\/uploads\/sites\/3\/2025\/09\/4vignette.jpg","type":"image\/jpeg"}],"twitter_card":"summary_large_image","twitter_misc":{"Gesch\u00e4tzte Lesezeit":"3\u00a0Minuten"},"schema":{"@context":"https:\/\/schema.org","@graph":[{"@type":"WebPage","@id":"https:\/\/enpistelulu.com\/de\/blog\/was-kann-man-im-september-in-honfleur-machen-meine-6-lieblingsaktivitaeten\/","url":"https:\/\/enpistelulu.com\/de\/blog\/was-kann-man-im-september-in-honfleur-machen-meine-6-lieblingsaktivitaeten\/","name":"Was kann man im September in Honfleur machen? Meine 6 Lieblingsaktivit\u00e4ten - enpistelulu.com","isPartOf":{"@id":"https:\/\/enpistelulu.com\/de\/#website"},"primaryImageOfPage":{"@id":"https:\/\/enpistelulu.com\/de\/blog\/was-kann-man-im-september-in-honfleur-machen-meine-6-lieblingsaktivitaeten\/#primaryimage"},"image":{"@id":"https:\/\/enpistelulu.com\/de\/blog\/was-kann-man-im-september-in-honfleur-machen-meine-6-lieblingsaktivitaeten\/#primaryimage"},"thumbnailUrl":"https:\/\/enpistelulu.com\/de\/wp-content\/uploads\/sites\/3\/2025\/09\/4vignette.jpg","datePublished":"2025-09-10T09:28:05+00:00","dateModified":"2025-10-27T08:23:48+00:00","description":"Honfleur im September: ruhige Gassen, Naturspazierg\u00e4nge, Garnelen bei Ebbe, Apfelernte und einfache Familienfreuden genie\u00dfen.","breadcrumb":{"@id":"https:\/\/enpistelulu.com\/de\/blog\/was-kann-man-im-september-in-honfleur-machen-meine-6-lieblingsaktivitaeten\/#breadcrumb"},"inLanguage":"de","potentialAction":[{"@type":"ReadAction","target":["https:\/\/enpistelulu.com\/de\/blog\/was-kann-man-im-september-in-honfleur-machen-meine-6-lieblingsaktivitaeten\/"]}]},{"@type":"ImageObject","inLanguage":"de","@id":"https:\/\/enpistelulu.com\/de\/blog\/was-kann-man-im-september-in-honfleur-machen-meine-6-lieblingsaktivitaeten\/#primaryimage","url":"https:\/\/enpistelulu.com\/de\/wp-content\/uploads\/sites\/3\/2025\/09\/4vignette.jpg","contentUrl":"https:\/\/enpistelulu.com\/de\/wp-content\/uploads\/sites\/3\/2025\/09\/4vignette.jpg","width":1853,"height":1218},{"@type":"BreadcrumbList","@id":"https:\/\/enpistelulu.com\/de\/blog\/was-kann-man-im-september-in-honfleur-machen-meine-6-lieblingsaktivitaeten\/#breadcrumb","itemListElement":[{"@type":"ListItem","position":1,"name":"Blog","item":"https:\/\/enpistelulu.com\/de\/blog\/"},{"@type":"ListItem","position":2,"name":"Was kann man im September in Honfleur machen? Meine 6 Lieblingsaktivit\u00e4ten"}]},{"@type":"WebSite","@id":"https:\/\/enpistelulu.com\/de\/#website","url":"https:\/\/enpistelulu.com\/de\/","name":"enpistelulu.com","description":"","potentialAction":[{"@type":"SearchAction","target":{"@type":"EntryPoint","urlTemplate":"https:\/\/enpistelulu.com\/de\/?s={search_term_string}"},"query-input":{"@type":"PropertyValueSpecification","valueRequired":true,"valueName":"search_term_string"}}],"inLanguage":"de"}]}},"_links":{"self":[{"href":"https:\/\/enpistelulu.com\/de\/wp-json\/wp\/v2\/pages\/506","targetHints":{"allow":["GET"]}}],"collection":[{"href":"https:\/\/enpistelulu.com\/de\/wp-json\/wp\/v2\/pages"}],"about":[{"href":"https:\/\/enpistelulu.com\/de\/wp-json\/wp\/v2\/types\/page"}],"author":[{"embeddable":true,"href":"https:\/\/enpistelulu.com\/de\/wp-json\/wp\/v2\/users\/5"}],"replies":[{"embeddable":true,"href":"https:\/\/enpistelulu.com\/de\/wp-json\/wp\/v2\/comments?post=506"}],"version-history":[{"count":4,"href":"https:\/\/enpistelulu.com\/de\/wp-json\/wp\/v2\/pages\/506\/revisions"}],"predecessor-version":[{"id":521,"href":"https:\/\/enpistelulu.com\/de\/wp-json\/wp\/v2\/pages\/506\/revisions\/521"}],"up":[{"embeddable":true,"href":"https:\/\/enpistelulu.com\/de\/wp-json\/wp\/v2\/pages\/478"}],"wp:featuredmedia":[{"embeddable":true,"href":"https:\/\/enpistelulu.com\/de\/wp-json\/wp\/v2\/media\/511"}],"wp:attachment":[{"href":"https:\/\/enpistelulu.com\/de\/wp-json\/wp\/v2\/media?parent=506"}],"curies":[{"name":"wp","href":"https:\/\/api.w.org\/{rel}","templated":true}]}}