










{"id":513,"date":"2025-10-20T19:05:02","date_gmt":"2025-10-20T17:05:02","guid":{"rendered":"https:\/\/enpistelulu.com\/de\/?page_id=513"},"modified":"2025-10-27T09:23:41","modified_gmt":"2025-10-27T08:23:41","slug":"was-man-in-honfleur-mit-kindern-bei-regen-unternehmen-kann","status":"publish","type":"page","link":"https:\/\/enpistelulu.com\/de\/blog\/was-man-in-honfleur-mit-kindern-bei-regen-unternehmen-kann\/","title":{"rendered":"Was man in Honfleur mit Kindern bei Regen unternehmen kann"},"content":{"rendered":"\n<div class=\"wp-block-group has-background\" style=\"background-color:#f4ede5\"><div class=\"wp-block-group__inner-container is-layout-constrained wp-block-group-is-layout-constrained\">\n<div style=\"height:250px\" aria-hidden=\"true\" class=\"wp-block-spacer mobile-170\"><\/div>\n\n\n\n<div class=\"wp-block-group container\"><div class=\"wp-block-group__inner-container is-layout-constrained wp-block-group-is-layout-constrained\">\n<div class=\"wp-block-media-text alignwide is-stacked-on-mobile le-concept\" style=\"grid-template-columns:30% auto\"><figure class=\"wp-block-media-text__media\"><img loading=\"lazy\" decoding=\"async\" width=\"1024\" height=\"682\" src=\"https:\/\/enpistelulu.com\/de\/wp-content\/uploads\/sites\/3\/2025\/10\/sculpture-668378_1280-1024x682.jpg\" alt=\"\" class=\"wp-image-517 size-full\" srcset=\"https:\/\/enpistelulu.com\/de\/wp-content\/uploads\/sites\/3\/2025\/10\/sculpture-668378_1280-1024x682.jpg 1024w, https:\/\/enpistelulu.com\/de\/wp-content\/uploads\/sites\/3\/2025\/10\/sculpture-668378_1280-300x200.jpg 300w, https:\/\/enpistelulu.com\/de\/wp-content\/uploads\/sites\/3\/2025\/10\/sculpture-668378_1280-768x512.jpg 768w, https:\/\/enpistelulu.com\/de\/wp-content\/uploads\/sites\/3\/2025\/10\/sculpture-668378_1280-720x480.jpg 720w, https:\/\/enpistelulu.com\/de\/wp-content\/uploads\/sites\/3\/2025\/10\/sculpture-668378_1280-810x540.jpg 810w, https:\/\/enpistelulu.com\/de\/wp-content\/uploads\/sites\/3\/2025\/10\/sculpture-668378_1280-570x380.jpg 570w, https:\/\/enpistelulu.com\/de\/wp-content\/uploads\/sites\/3\/2025\/10\/sculpture-668378_1280-360x240.jpg 360w, https:\/\/enpistelulu.com\/de\/wp-content\/uploads\/sites\/3\/2025\/10\/sculpture-668378_1280-240x160.jpg 240w, https:\/\/enpistelulu.com\/de\/wp-content\/uploads\/sites\/3\/2025\/10\/sculpture-668378_1280-600x400.jpg 600w, https:\/\/enpistelulu.com\/de\/wp-content\/uploads\/sites\/3\/2025\/10\/sculpture-668378_1280.jpg 1280w\" sizes=\"auto, (max-width: 1024px) 100vw, 1024px\" \/><\/figure><div class=\"wp-block-media-text__content\">\n<h1 class=\"wp-block-heading h2 puce-right puce-orange\">Was man in Honfleur mit Kindern bei Regen unternehmen kann<\/h1>\n<\/div><\/div>\n<\/div><\/div>\n\n\n\n<div class=\"wp-block-group container\"><div class=\"wp-block-group__inner-container is-layout-constrained wp-block-group-is-layout-constrained\">\n<div style=\"height:30px\" aria-hidden=\"true\" class=\"wp-block-spacer\"><\/div>\n\n\n\n<p>Regen in der Normandie? Kein Problem! Das ist kein Grund, zu Hause zu bleiben. Auch bei grauem Himmel bietet Honfleur viele tolle Aktivit\u00e4ten f\u00fcr Familien. Also rein in die Gummistiefel, Kapuze auf und los geht\u2019s \u2013 entdeckt ein warmes, neugieriges und charmantes Honfleur, ganz ohne Sonnenschein.<\/p>\n\n\n\n<p>Hier sind einige Ideen, wie ihr mit Kindern in Honfleur einen Regentag fr\u00f6hlich und spannend gestalten k\u00f6nnt.<\/p>\n<\/div><\/div>\n\n\n\n<div style=\"height:30px\" aria-hidden=\"true\" class=\"wp-block-spacer\"><\/div>\n<\/div><\/div>\n\n\n\n<div class=\"wp-block-group faq-lulu\"><div class=\"wp-block-group__inner-container is-layout-constrained wp-block-group-is-layout-constrained\">\n<div style=\"height:30px\" aria-hidden=\"true\" class=\"wp-block-spacer\"><\/div>\n\n\n\n<div class=\"wp-block-group container\"><div class=\"wp-block-group__inner-container is-layout-constrained wp-block-group-is-layout-constrained\">\n<h2 class=\"wp-block-heading\">1. Den Tropen ganz nah im Naturospace<\/h2>\n\n\n\n<p>Wenn es drau\u00dfen regnet, scheint drinnen die Sonne! Im Naturospace, dem tropischen Gew\u00e4chshaus von Honfleur, herrscht das ganze Jahr \u00fcber Sommer. Zwischen exotischen Pflanzen, bunten V\u00f6geln und frei fliegenden Schmetterlingen gibt es f\u00fcr Kinder jede Menge zu entdecken \u2013 ein echtes kleines Paradies mitten in der Normandie.<\/p>\n\n\n\n<div style=\"height:30px\" aria-hidden=\"true\" class=\"wp-block-spacer\"><\/div>\n\n\n\n<h2 class=\"wp-block-heading\">2. Kunst erleben im Eug\u00e8ne-Boudin-Museum und den Maisons Satie<\/h2>\n\n\n\n<p>Das Eug\u00e8ne-Boudin-Museum ist perfekt, um Kindern Kunst n\u00e4herzubringen. Sie k\u00f6nnen vertraute Ecken von Honfleur in den Gem\u00e4lden wiedererkennen, w\u00e4hrend Eltern die stillen Meereslandschaften genie\u00dfen.<\/p>\n\n\n\n<p>Ganz in der N\u00e4he bieten die Maisons Satie ein einzigartiges, humorvolles Erlebnis: Raum f\u00fcr Raum f\u00fchrt ein Audioguide durch Klang- und Lichteffekte \u2013 ein Vergn\u00fcgen f\u00fcr alle Sinne!<\/p>\n\n\n\n<div style=\"height:30px\" aria-hidden=\"true\" class=\"wp-block-spacer\"><\/div>\n\n\n\n<h2 class=\"wp-block-heading\">3. Wasserspa\u00df im Hallenbad<\/h2>\n\n\n\n<p>Wenn man sowieso nass wird, dann wenigstens freiwillig! Im Schwimmbad von Honfleur k\u00f6nnen Kinder planschen und spielen, w\u00e4hrend die Eltern ein paar Bahnen ziehen. Besonders angenehm: Freitags und samstags ist das Wasser am w\u00e4rmsten!<\/p>\n\n\n\n<p>Unbedingt vorher die \u00d6ffnungszeiten pr\u00fcfen \u2013 sie \u00e4ndern sich w\u00e4hrend der Schulferien.<\/p>\n\n\n\n<div style=\"height:30px\" aria-hidden=\"true\" class=\"wp-block-spacer\"><\/div>\n\n\n\n<h2 class=\"wp-block-heading\">4. Frische Luft am Strand<\/h2>\n\n\n\n<p>Schlechtes Wetter gibt es nicht, nur falsche Kleidung! Mit Regenjacke und Stiefeln wird der Strandspaziergang zu einem echten Abenteuer. Die Meeresluft ist belebend, und die Kinder lieben es, in Pf\u00fctzen zu springen oder bei Ebbe kleine Garnelen in den Wasserlachen zu entdecken.<\/p>\n\n\n\n<div style=\"height:30px\" aria-hidden=\"true\" class=\"wp-block-spacer\"><\/div>\n\n\n\n<h2 class=\"wp-block-heading\">5. S\u00fc\u00dfe Pause in der Keksfabrik<\/h2>\n\n\n\n<p>Nach so viel Entdeckungstour ist es Zeit f\u00fcr eine Belohnung! In der Biscuit-Fabrik von Honfleur kann man durch gro\u00dfe Scheiben die Maschinen beobachten, den Duft von Butter und Zucker genie\u00dfen \u2013 und nat\u00fcrlich probieren! Jeden Tag um 16 Uhr kommen die frischen Madeleines aus dem Ofen. Dazu passt perfekt ein hei\u00dfer Kakao aus dem nahegelegenen Lindt-Shop.<\/p>\n\n\n\n<div style=\"height:30px\" aria-hidden=\"true\" class=\"wp-block-spacer\"><\/div>\n\n\n\n<h2 class=\"wp-block-heading\">Bonus: Ein Spaziergang durch Honfleur im Regen<\/h2>\n\n\n\n<p>Warum nicht trotzdem rausgehen? Honfleur im Regen hat einen ganz besonderen Zauber: gl\u00e4nzende Fassaden, Spiegelungen im Alten Hafen und leere, kopfsteingepflasterte Gassen. Die Stadt wirkt ruhiger, fast geheimnisvoll. Die Farben ver\u00e4ndern sich \u2013 der Charme bleibt.<\/p>\n\n\n\n<p><a href=\"https:\/\/enpistelulu.com\/de\/touristische-rundgange\/honfleur-kinderwagen\/\">F\u00fcr die Mutigen gibt es den Rundgang mit Lulu der Garnele \u2013 eine 1h15-Familienroute, kinderwagenfreundlich!<\/a><\/p>\n\n\n\n<div style=\"height:30px\" aria-hidden=\"true\" class=\"wp-block-spacer\"><\/div>\n\n\n\n<h2 class=\"wp-block-heading h2 puce-left puce-jaune\">FAQ: Was kann man in Honfleur bei Regen machen?<\/h2>\n\n\n\n<div class=\"wp-block-columns is-layout-flex wp-container-core-columns-is-layout-9d6595d7 wp-block-columns-is-layout-flex\">\n<div class=\"wp-block-column is-layout-flow wp-block-column-is-layout-flow\" style=\"flex-basis:60%\">\n<div style=\"height:60px\" aria-hidden=\"true\" class=\"wp-block-spacer\"><\/div>\n\n\n\n<div class=\"wp-block-group faq\"><div class=\"wp-block-group__inner-container is-layout-constrained wp-block-group-is-layout-constrained\"><style>#sp-ea-515 .spcollapsing { height: 0; overflow: hidden; transition-property: height;transition-duration: 300ms;}#sp-ea-515.sp-easy-accordion>.sp-ea-single {margin-bottom: 10px; border: 1px solid #e2e2e2; }#sp-ea-515.sp-easy-accordion>.sp-ea-single>.ea-header a {color: #444;}#sp-ea-515.sp-easy-accordion>.sp-ea-single>.sp-collapse>.ea-body {background: #fff; color: #444;}#sp-ea-515.sp-easy-accordion>.sp-ea-single {background: #eee;}#sp-ea-515.sp-easy-accordion>.sp-ea-single>.ea-header a .ea-expand-icon { float: left; color: #444;font-size: 16px;}<\/style><div id=\"sp_easy_accordion-1760979623\"><div id=\"sp-ea-515\" class=\"sp-ea-one sp-easy-accordion\" data-ea-active=\"ea-click\" data-ea-mode=\"vertical\" data-preloader=\"\" data-scroll-active-item=\"\" data-offset-to-scroll=\"0\"><div class=\"ea-card sp-ea-single\"><h3 class=\"ea-header\"><a class=\"collapsed\" id=\"ea-header-5150\" role=\"button\" data-sptoggle=\"spcollapse\" data-sptarget=\"#collapse5150\" aria-controls=\"collapse5150\" href=\"#\" aria-expanded=\"false\" tabindex=\"0\"><i aria-hidden=\"true\" role=\"presentation\" class=\"ea-expand-icon eap-icon-ea-expand-plus\"><\/i> Lohnt sich Honfleur auch bei Regen?<\/a><\/h3><div class=\"sp-collapse spcollapse spcollapse\" id=\"collapse5150\" data-parent=\"#sp-ea-515\" role=\"region\" aria-labelledby=\"ea-header-5150\"> <div class=\"ea-body\"><p>Auf jeden Fall! Die Stadt beh\u00e4lt ihren ganzen Charme. Zwischen Museen, dem Naturospace, dem Schwimmbad und gem\u00fctlichen Caf\u00e9s gibt es genug zu entdecken.<\/p><\/div><\/div><\/div><div class=\"ea-card sp-ea-single\"><h3 class=\"ea-header\"><a class=\"collapsed\" id=\"ea-header-5151\" role=\"button\" data-sptoggle=\"spcollapse\" data-sptarget=\"#collapse5151\" aria-controls=\"collapse5151\" href=\"#\" aria-expanded=\"false\" tabindex=\"0\"><i aria-hidden=\"true\" role=\"presentation\" class=\"ea-expand-icon eap-icon-ea-expand-plus\"><\/i> Wo kann man bei Regen gut parken?<\/a><\/h3><div class=\"sp-collapse spcollapse spcollapse\" id=\"collapse5151\" data-parent=\"#sp-ea-515\" role=\"region\" aria-labelledby=\"ea-header-5151\"> <div class=\"ea-body\"><p>Der Parkplatz beim Naturospace (kostenlos) und der Parkplatz am Bassin de l\u2019Est (Tagestarif) sind beide praktisch, zentral und auch bei Regen leicht zug\u00e4nglich.<\/p><\/div><\/div><\/div><div class=\"ea-card sp-ea-single\"><h3 class=\"ea-header\"><a class=\"collapsed\" id=\"ea-header-5152\" role=\"button\" data-sptoggle=\"spcollapse\" data-sptarget=\"#collapse5152\" aria-controls=\"collapse5152\" href=\"#\" aria-expanded=\"false\" tabindex=\"0\"><i aria-hidden=\"true\" role=\"presentation\" class=\"ea-expand-icon eap-icon-ea-expand-plus\"><\/i> Muss man Aktivit\u00e4ten im Voraus buchen?<\/a><\/h3><div class=\"sp-collapse spcollapse spcollapse\" id=\"collapse5152\" data-parent=\"#sp-ea-515\" role=\"region\" aria-labelledby=\"ea-header-5152\"> <div class=\"ea-body\"><p>In der Regel nicht. Nur f\u00fcr bestimmte Museums-Workshops ist manchmal eine Anmeldung erforderlich.<\/p><\/div><\/div><\/div><\/div><\/div>\n<\/div><\/div>\n<\/div>\n\n\n\n<div class=\"wp-block-column is-vertically-aligned-center text-center is-layout-flow wp-block-column-is-layout-flow\"><div class=\"wp-block-image\">\n<figure class=\"aligncenter size-full\"><img decoding=\"async\" src=\"https:\/\/enpistelulu.com\/wp-content\/uploads\/2023\/06\/Pirate-FAQ.png\" alt=\"\" class=\"wp-image-167\"\/><\/figure>\n<\/div><\/div>\n<\/div>\n<\/div><\/div>\n\n\n\n<div style=\"height:100px\" aria-hidden=\"true\" class=\"wp-block-spacer\"><\/div>\n<\/div><\/div>\n\n\n\n<div class=\"wp-block-group page_blog_article has-background\" style=\"background-color:#f4ede5\"><div class=\"wp-block-group__inner-container is-layout-constrained wp-block-group-is-layout-constrained\">\n<div style=\"height:100px\" aria-hidden=\"true\" id=\"qui-est-lulu\" class=\"wp-block-spacer\"><\/div>\n\n\n\n<div class=\"wp-block-group container\"><div class=\"wp-block-group__inner-container is-layout-constrained wp-block-group-is-layout-constrained\">\n<h2 class=\"wp-block-heading has-text-align-center h2 puce-right puce-bleu puce-right-decalage mlr-auto\" id=\"qui-est\">Leg deinen Regenschirm noch nicht zu fr\u00fch weg!<\/h2>\n\n\n\n<div style=\"height:30px\" aria-hidden=\"true\" class=\"wp-block-spacer\"><\/div>\n\n\n\n<p class=\"has-text-align-center\">Zwischen tropischen Schmetterlingen, poetischen Museen und k\u00f6stlichen Leckereien kannst du eine ganz neue, noch liebenswertere Seite der Stadt entdecken.<\/p>\n\n\n\n<p class=\"has-text-align-center\">Warum l\u00e4sst du dich nicht einfach von Lulu durch all das f\u00fchren?<\/p>\n\n\n\n<div style=\"height:40px\" aria-hidden=\"true\" class=\"wp-block-spacer\"><\/div>\n\n\n\n<p class=\"has-text-align-center btn-lulu-transparent\"><a href=\"https:\/\/enpistelulu.com\/de\/touristische-rundgange\/\">Entdecke alle Rundg\u00e4nge<\/a><\/p>\n<\/div><\/div>\n\n\n\n<div style=\"height:100px\" aria-hidden=\"true\" class=\"wp-block-spacer\"><\/div>\n<\/div><\/div>\n\n\n\n<div class=\"wp-block-group faq-lulu\"><div class=\"wp-block-group__inner-container is-layout-constrained wp-block-group-is-layout-constrained\">\n<div style=\"height:100px\" aria-hidden=\"true\" id=\"faq\" class=\"wp-block-spacer\"><\/div>\n\n\n\n<div class=\"wp-block-group container\"><div class=\"wp-block-group__inner-container is-layout-constrained wp-block-group-is-layout-constrained\">\n<h2 class=\"wp-block-heading h2 puce-left puce-jaune\">Ein bisschen mehr Lesestoff<\/h2>\n\n\n\n<div style=\"height:30px\" aria-hidden=\"true\" class=\"wp-block-spacer\"><\/div>\n\n\n<div id=\"grid-actualite-liste-blog\"><div class=\"article-blog-liste\">\n                <a href=\"https:\/\/enpistelulu.com\/de\/blog\/honfleur-mit-kindern-eine-entdeckung-auf-augenhoehe\/\">\n                    <figure class=\"wp-block-image size-full\">\n                        <img loading=\"lazy\" decoding=\"async\" src=\"https:\/\/enpistelulu.com\/de\/wp-content\/uploads\/sites\/3\/2026\/02\/vignette7.jpg\" alt=\"Honfleur mit Kindern: eine Entdeckung auf Augenh\u00f6he\">\n                    <\/figure>\n                    <div class=\"contenu\">\n                        <h2>Honfleur mit Kindern: eine Entdeckung auf Augenh\u00f6he<\/h2>\n                    <\/div>\n                <\/a>\n            <\/div><div class=\"article-blog-liste\">\n                <a href=\"https:\/\/enpistelulu.com\/de\/blog\/was-kann-man-im-september-in-honfleur-machen-meine-6-lieblingsaktivitaeten\/\">\n                    <figure class=\"wp-block-image size-full\">\n                        <img loading=\"lazy\" decoding=\"async\" src=\"https:\/\/enpistelulu.com\/de\/wp-content\/uploads\/sites\/3\/2025\/09\/4vignette.jpg\" alt=\"Was kann man im September in Honfleur machen? Meine 6 Lieblingsaktivit\u00e4ten\">\n                    <\/figure>\n                    <div class=\"contenu\">\n                        <h2>Was kann man im September in Honfleur machen? Meine 6 Lieblingsaktivit\u00e4ten<\/h2>\n                    <\/div>\n                <\/a>\n            <\/div><div class=\"article-blog-liste\">\n                <a href=\"https:\/\/enpistelulu.com\/de\/blog\/honfleur-mit-kindern-die-besten-familienaktivitaeten\/\">\n                    <figure class=\"wp-block-image size-full\">\n                        <img loading=\"lazy\" decoding=\"async\" src=\"https:\/\/enpistelulu.com\/de\/wp-content\/uploads\/sites\/3\/2025\/06\/3vignette-.png\" alt=\"Honfleur mit Kindern: die besten Familienaktivit\u00e4ten\">\n                    <\/figure>\n                    <div class=\"contenu\">\n                        <h2>Honfleur mit Kindern: die besten Familienaktivit\u00e4ten<\/h2>\n                    <\/div>\n                <\/a>\n            <\/div><\/div>\n<\/div><\/div>\n\n\n\n<div style=\"height:100px\" aria-hidden=\"true\" class=\"wp-block-spacer\"><\/div>\n<\/div><\/div>\n","protected":false},"excerpt":{"rendered":"<p>Was man in Honfleur mit Kindern bei Regen unternehmen kann Regen in der Normandie? Kein Problem! Das ist kein Grund, zu Hause zu bleiben. Auch bei grauem Himmel bietet Honfleur viele tolle Aktivit\u00e4ten f\u00fcr Familien. Also rein in die Gummistiefel, Kapuze auf und los geht\u2019s \u2013 entdeckt ein warmes, neugieriges und charmantes Honfleur, ganz ohne [&hellip;]<\/p>\n","protected":false},"author":5,"featured_media":518,"parent":478,"menu_order":0,"comment_status":"closed","ping_status":"closed","template":"","meta":{"footnotes":""},"class_list":["post-513","page","type-page","status-publish","has-post-thumbnail","hentry"],"yoast_head":"<!-- This site is optimized with the Yoast SEO plugin v27.5 - https:\/\/yoast.com\/product\/yoast-seo-wordpress\/ -->\n<title>Was man in Honfleur mit Kindern bei Regen unternehmen kann - enpistelulu.com<\/title>\n<meta name=\"description\" content=\"Regen in Honfleur? Kein Problem! Entdeckt die besten Familienaktivit\u00e4ten: das tropische Naturospace, spannende Museen, das Schwimmbad, s\u00fc\u00dfe Leckereien und Spazierg\u00e4nge am Meer im Regen.\" \/>\n<meta name=\"robots\" content=\"index, follow, max-snippet:-1, max-image-preview:large, max-video-preview:-1\" \/>\n<link rel=\"canonical\" href=\"https:\/\/enpistelulu.com\/de\/blog\/was-man-in-honfleur-mit-kindern-bei-regen-unternehmen-kann\/\" \/>\n<meta property=\"og:locale\" content=\"de_DE\" \/>\n<meta property=\"og:type\" content=\"article\" \/>\n<meta property=\"og:title\" content=\"Was man in Honfleur mit Kindern bei Regen unternehmen kann - enpistelulu.com\" \/>\n<meta property=\"og:description\" content=\"Regen in Honfleur? Kein Problem! Entdeckt die besten Familienaktivit\u00e4ten: das tropische Naturospace, spannende Museen, das Schwimmbad, s\u00fc\u00dfe Leckereien und Spazierg\u00e4nge am Meer im Regen.\" \/>\n<meta property=\"og:url\" content=\"https:\/\/enpistelulu.com\/de\/blog\/was-man-in-honfleur-mit-kindern-bei-regen-unternehmen-kann\/\" \/>\n<meta property=\"og:site_name\" content=\"enpistelulu.com\" \/>\n<meta property=\"article:modified_time\" content=\"2025-10-27T08:23:41+00:00\" \/>\n<meta property=\"og:image\" content=\"https:\/\/enpistelulu.com\/de\/wp-content\/uploads\/sites\/3\/2025\/10\/5.jpg\" \/>\n\t<meta property=\"og:image:width\" content=\"1853\" \/>\n\t<meta property=\"og:image:height\" content=\"1218\" \/>\n\t<meta property=\"og:image:type\" content=\"image\/jpeg\" \/>\n<meta name=\"twitter:card\" content=\"summary_large_image\" \/>\n<meta name=\"twitter:label1\" content=\"Gesch\u00e4tzte Lesezeit\" \/>\n\t<meta name=\"twitter:data1\" content=\"3\u00a0Minuten\" \/>\n<script type=\"application\/ld+json\" class=\"yoast-schema-graph\">{\"@context\":\"https:\\\/\\\/schema.org\",\"@graph\":[{\"@type\":\"WebPage\",\"@id\":\"https:\\\/\\\/enpistelulu.com\\\/de\\\/blog\\\/was-man-in-honfleur-mit-kindern-bei-regen-unternehmen-kann\\\/\",\"url\":\"https:\\\/\\\/enpistelulu.com\\\/de\\\/blog\\\/was-man-in-honfleur-mit-kindern-bei-regen-unternehmen-kann\\\/\",\"name\":\"Was man in Honfleur mit Kindern bei Regen unternehmen kann - enpistelulu.com\",\"isPartOf\":{\"@id\":\"https:\\\/\\\/enpistelulu.com\\\/de\\\/#website\"},\"primaryImageOfPage\":{\"@id\":\"https:\\\/\\\/enpistelulu.com\\\/de\\\/blog\\\/was-man-in-honfleur-mit-kindern-bei-regen-unternehmen-kann\\\/#primaryimage\"},\"image\":{\"@id\":\"https:\\\/\\\/enpistelulu.com\\\/de\\\/blog\\\/was-man-in-honfleur-mit-kindern-bei-regen-unternehmen-kann\\\/#primaryimage\"},\"thumbnailUrl\":\"https:\\\/\\\/enpistelulu.com\\\/de\\\/wp-content\\\/uploads\\\/sites\\\/3\\\/2025\\\/10\\\/5.jpg\",\"datePublished\":\"2025-10-20T17:05:02+00:00\",\"dateModified\":\"2025-10-27T08:23:41+00:00\",\"description\":\"Regen in Honfleur? Kein Problem! Entdeckt die besten Familienaktivit\u00e4ten: das tropische Naturospace, spannende Museen, das Schwimmbad, s\u00fc\u00dfe Leckereien und Spazierg\u00e4nge am Meer im Regen.\",\"breadcrumb\":{\"@id\":\"https:\\\/\\\/enpistelulu.com\\\/de\\\/blog\\\/was-man-in-honfleur-mit-kindern-bei-regen-unternehmen-kann\\\/#breadcrumb\"},\"inLanguage\":\"de\",\"potentialAction\":[{\"@type\":\"ReadAction\",\"target\":[\"https:\\\/\\\/enpistelulu.com\\\/de\\\/blog\\\/was-man-in-honfleur-mit-kindern-bei-regen-unternehmen-kann\\\/\"]}]},{\"@type\":\"ImageObject\",\"inLanguage\":\"de\",\"@id\":\"https:\\\/\\\/enpistelulu.com\\\/de\\\/blog\\\/was-man-in-honfleur-mit-kindern-bei-regen-unternehmen-kann\\\/#primaryimage\",\"url\":\"https:\\\/\\\/enpistelulu.com\\\/de\\\/wp-content\\\/uploads\\\/sites\\\/3\\\/2025\\\/10\\\/5.jpg\",\"contentUrl\":\"https:\\\/\\\/enpistelulu.com\\\/de\\\/wp-content\\\/uploads\\\/sites\\\/3\\\/2025\\\/10\\\/5.jpg\",\"width\":1853,\"height\":1218},{\"@type\":\"BreadcrumbList\",\"@id\":\"https:\\\/\\\/enpistelulu.com\\\/de\\\/blog\\\/was-man-in-honfleur-mit-kindern-bei-regen-unternehmen-kann\\\/#breadcrumb\",\"itemListElement\":[{\"@type\":\"ListItem\",\"position\":1,\"name\":\"Blog\",\"item\":\"https:\\\/\\\/enpistelulu.com\\\/de\\\/blog\\\/\"},{\"@type\":\"ListItem\",\"position\":2,\"name\":\"Was man in Honfleur mit Kindern bei Regen unternehmen kann\"}]},{\"@type\":\"WebSite\",\"@id\":\"https:\\\/\\\/enpistelulu.com\\\/de\\\/#website\",\"url\":\"https:\\\/\\\/enpistelulu.com\\\/de\\\/\",\"name\":\"enpistelulu.com\",\"description\":\"\",\"potentialAction\":[{\"@type\":\"SearchAction\",\"target\":{\"@type\":\"EntryPoint\",\"urlTemplate\":\"https:\\\/\\\/enpistelulu.com\\\/de\\\/?s={search_term_string}\"},\"query-input\":{\"@type\":\"PropertyValueSpecification\",\"valueRequired\":true,\"valueName\":\"search_term_string\"}}],\"inLanguage\":\"de\"}]}<\/script>\n<!-- \/ Yoast SEO plugin. -->","yoast_head_json":{"title":"Was man in Honfleur mit Kindern bei Regen unternehmen kann - enpistelulu.com","description":"Regen in Honfleur? Kein Problem! Entdeckt die besten Familienaktivit\u00e4ten: das tropische Naturospace, spannende Museen, das Schwimmbad, s\u00fc\u00dfe Leckereien und Spazierg\u00e4nge am Meer im Regen.","robots":{"index":"index","follow":"follow","max-snippet":"max-snippet:-1","max-image-preview":"max-image-preview:large","max-video-preview":"max-video-preview:-1"},"canonical":"https:\/\/enpistelulu.com\/de\/blog\/was-man-in-honfleur-mit-kindern-bei-regen-unternehmen-kann\/","og_locale":"de_DE","og_type":"article","og_title":"Was man in Honfleur mit Kindern bei Regen unternehmen kann - enpistelulu.com","og_description":"Regen in Honfleur? Kein Problem! Entdeckt die besten Familienaktivit\u00e4ten: das tropische Naturospace, spannende Museen, das Schwimmbad, s\u00fc\u00dfe Leckereien und Spazierg\u00e4nge am Meer im Regen.","og_url":"https:\/\/enpistelulu.com\/de\/blog\/was-man-in-honfleur-mit-kindern-bei-regen-unternehmen-kann\/","og_site_name":"enpistelulu.com","article_modified_time":"2025-10-27T08:23:41+00:00","og_image":[{"width":1853,"height":1218,"url":"https:\/\/enpistelulu.com\/de\/wp-content\/uploads\/sites\/3\/2025\/10\/5.jpg","type":"image\/jpeg"}],"twitter_card":"summary_large_image","twitter_misc":{"Gesch\u00e4tzte Lesezeit":"3\u00a0Minuten"},"schema":{"@context":"https:\/\/schema.org","@graph":[{"@type":"WebPage","@id":"https:\/\/enpistelulu.com\/de\/blog\/was-man-in-honfleur-mit-kindern-bei-regen-unternehmen-kann\/","url":"https:\/\/enpistelulu.com\/de\/blog\/was-man-in-honfleur-mit-kindern-bei-regen-unternehmen-kann\/","name":"Was man in Honfleur mit Kindern bei Regen unternehmen kann - enpistelulu.com","isPartOf":{"@id":"https:\/\/enpistelulu.com\/de\/#website"},"primaryImageOfPage":{"@id":"https:\/\/enpistelulu.com\/de\/blog\/was-man-in-honfleur-mit-kindern-bei-regen-unternehmen-kann\/#primaryimage"},"image":{"@id":"https:\/\/enpistelulu.com\/de\/blog\/was-man-in-honfleur-mit-kindern-bei-regen-unternehmen-kann\/#primaryimage"},"thumbnailUrl":"https:\/\/enpistelulu.com\/de\/wp-content\/uploads\/sites\/3\/2025\/10\/5.jpg","datePublished":"2025-10-20T17:05:02+00:00","dateModified":"2025-10-27T08:23:41+00:00","description":"Regen in Honfleur? Kein Problem! Entdeckt die besten Familienaktivit\u00e4ten: das tropische Naturospace, spannende Museen, das Schwimmbad, s\u00fc\u00dfe Leckereien und Spazierg\u00e4nge am Meer im Regen.","breadcrumb":{"@id":"https:\/\/enpistelulu.com\/de\/blog\/was-man-in-honfleur-mit-kindern-bei-regen-unternehmen-kann\/#breadcrumb"},"inLanguage":"de","potentialAction":[{"@type":"ReadAction","target":["https:\/\/enpistelulu.com\/de\/blog\/was-man-in-honfleur-mit-kindern-bei-regen-unternehmen-kann\/"]}]},{"@type":"ImageObject","inLanguage":"de","@id":"https:\/\/enpistelulu.com\/de\/blog\/was-man-in-honfleur-mit-kindern-bei-regen-unternehmen-kann\/#primaryimage","url":"https:\/\/enpistelulu.com\/de\/wp-content\/uploads\/sites\/3\/2025\/10\/5.jpg","contentUrl":"https:\/\/enpistelulu.com\/de\/wp-content\/uploads\/sites\/3\/2025\/10\/5.jpg","width":1853,"height":1218},{"@type":"BreadcrumbList","@id":"https:\/\/enpistelulu.com\/de\/blog\/was-man-in-honfleur-mit-kindern-bei-regen-unternehmen-kann\/#breadcrumb","itemListElement":[{"@type":"ListItem","position":1,"name":"Blog","item":"https:\/\/enpistelulu.com\/de\/blog\/"},{"@type":"ListItem","position":2,"name":"Was man in Honfleur mit Kindern bei Regen unternehmen kann"}]},{"@type":"WebSite","@id":"https:\/\/enpistelulu.com\/de\/#website","url":"https:\/\/enpistelulu.com\/de\/","name":"enpistelulu.com","description":"","potentialAction":[{"@type":"SearchAction","target":{"@type":"EntryPoint","urlTemplate":"https:\/\/enpistelulu.com\/de\/?s={search_term_string}"},"query-input":{"@type":"PropertyValueSpecification","valueRequired":true,"valueName":"search_term_string"}}],"inLanguage":"de"}]}},"_links":{"self":[{"href":"https:\/\/enpistelulu.com\/de\/wp-json\/wp\/v2\/pages\/513","targetHints":{"allow":["GET"]}}],"collection":[{"href":"https:\/\/enpistelulu.com\/de\/wp-json\/wp\/v2\/pages"}],"about":[{"href":"https:\/\/enpistelulu.com\/de\/wp-json\/wp\/v2\/types\/page"}],"author":[{"embeddable":true,"href":"https:\/\/enpistelulu.com\/de\/wp-json\/wp\/v2\/users\/5"}],"replies":[{"embeddable":true,"href":"https:\/\/enpistelulu.com\/de\/wp-json\/wp\/v2\/comments?post=513"}],"version-history":[{"count":4,"href":"https:\/\/enpistelulu.com\/de\/wp-json\/wp\/v2\/pages\/513\/revisions"}],"predecessor-version":[{"id":520,"href":"https:\/\/enpistelulu.com\/de\/wp-json\/wp\/v2\/pages\/513\/revisions\/520"}],"up":[{"embeddable":true,"href":"https:\/\/enpistelulu.com\/de\/wp-json\/wp\/v2\/pages\/478"}],"wp:featuredmedia":[{"embeddable":true,"href":"https:\/\/enpistelulu.com\/de\/wp-json\/wp\/v2\/media\/518"}],"wp:attachment":[{"href":"https:\/\/enpistelulu.com\/de\/wp-json\/wp\/v2\/media?parent=513"}],"curies":[{"name":"wp","href":"https:\/\/api.w.org\/{rel}","templated":true}]}}