










{"id":527,"date":"2026-02-13T18:37:29","date_gmt":"2026-02-13T17:37:29","guid":{"rendered":"https:\/\/enpistelulu.com\/de\/?page_id=527"},"modified":"2026-02-13T18:37:31","modified_gmt":"2026-02-13T17:37:31","slug":"honfleur-mit-kindern-eine-entdeckung-auf-augenhoehe","status":"publish","type":"page","link":"https:\/\/enpistelulu.com\/de\/blog\/honfleur-mit-kindern-eine-entdeckung-auf-augenhoehe\/","title":{"rendered":"Honfleur mit Kindern: eine Entdeckung auf Augenh\u00f6he"},"content":{"rendered":"\n<div class=\"wp-block-group has-background\" style=\"background-color:#f4ede5\"><div class=\"wp-block-group__inner-container is-layout-constrained wp-block-group-is-layout-constrained\">\n<div style=\"height:250px\" aria-hidden=\"true\" class=\"wp-block-spacer mobile-170\"><\/div>\n\n\n\n<div class=\"wp-block-group container\"><div class=\"wp-block-group__inner-container is-layout-constrained wp-block-group-is-layout-constrained\">\n<div class=\"wp-block-media-text alignwide is-stacked-on-mobile le-concept\"><figure class=\"wp-block-media-text__media\"><img loading=\"lazy\" decoding=\"async\" width=\"756\" height=\"425\" src=\"https:\/\/enpistelulu.com\/de\/wp-content\/uploads\/sites\/3\/2026\/02\/Capture-decran-2026-02-13-163102.png\" alt=\"\" class=\"wp-image-528 size-full\" srcset=\"https:\/\/enpistelulu.com\/de\/wp-content\/uploads\/sites\/3\/2026\/02\/Capture-decran-2026-02-13-163102.png 756w, https:\/\/enpistelulu.com\/de\/wp-content\/uploads\/sites\/3\/2026\/02\/Capture-decran-2026-02-13-163102-300x169.png 300w, https:\/\/enpistelulu.com\/de\/wp-content\/uploads\/sites\/3\/2026\/02\/Capture-decran-2026-02-13-163102-640x360.png 640w, https:\/\/enpistelulu.com\/de\/wp-content\/uploads\/sites\/3\/2026\/02\/Capture-decran-2026-02-13-163102-380x214.png 380w, https:\/\/enpistelulu.com\/de\/wp-content\/uploads\/sites\/3\/2026\/02\/Capture-decran-2026-02-13-163102-240x135.png 240w, https:\/\/enpistelulu.com\/de\/wp-content\/uploads\/sites\/3\/2026\/02\/Capture-decran-2026-02-13-163102-600x337.png 600w\" sizes=\"auto, (max-width: 756px) 100vw, 756px\" \/><\/figure><div class=\"wp-block-media-text__content\">\n<h1 class=\"wp-block-heading h2 puce-right puce-orange\">Honfleur mit Kindern: eine Entdeckung auf Augenh\u00f6he<\/h1>\n<\/div><\/div>\n<\/div><\/div>\n\n\n\n<div class=\"wp-block-group container\"><div class=\"wp-block-group__inner-container is-layout-constrained wp-block-group-is-layout-constrained\">\n<div style=\"height:30px\" aria-hidden=\"true\" class=\"wp-block-spacer\"><\/div>\n\n\n\n<p>Wenn man mit Kindern eine Stadt besucht, kann man ihnen die sch\u00f6nsten Sehensw\u00fcrdigkeiten zeigen. Woran erinnern sie sich sp\u00e4ter? An den Hund, der sich mit der Hinterpfote an der Nase kratzt. An zwei M\u00f6wen, die sich um ein Sandwich streiten. Der perfekte Plan ist zweitrangig \u2013 Hauptsache, es gibt Spiele und Momente zum Lachen.<\/p>\n<\/div><\/div>\n\n\n\n<div style=\"height:24px\" aria-hidden=\"true\" class=\"wp-block-spacer\"><\/div>\n<\/div><\/div>\n\n\n\n<div class=\"wp-block-group faq-lulu\"><div class=\"wp-block-group__inner-container is-layout-constrained wp-block-group-is-layout-constrained\">\n<div style=\"height:30px\" aria-hidden=\"true\" id=\"faq\" class=\"wp-block-spacer\"><\/div>\n\n\n\n<div class=\"wp-block-group container\"><div class=\"wp-block-group__inner-container is-layout-constrained wp-block-group-is-layout-constrained\">\n<h2 class=\"wp-block-heading\">Honfleur mit Kindern besuchen \u2013 manchmal gar nicht so einfach<\/h2>\n\n\n\n<p>Ihr seid gerade in Honfleur angekommen, mit einer kleinen Liste der wichtigsten Sehensw\u00fcrdigkeiten im Kopf. \u201eDas wird ein gro\u00dfartiger Tag &#x1f4aa;.\u201c Man riecht das Meer. Die Schieferfassaden sind da. Und pl\u00f6tzlich hat das \u00e4lteste Kind Hunger \u2013 obwohl es gerade alle Kekse aufgegessen hat \u2013 und die kleine Schwester klagt \u00fcber schmerzende F\u00fc\u00dfe. Die Stimmung kippt. Dabei hast du diesen Tag sorgf\u00e4ltig geplant.<\/p>\n\n\n\n<p>Also beginnen die Verhandlungen. \u201eEin Eis gibt\u2019s sp\u00e4ter.\u201c \u201eNur noch zehn Minuten.\u201c \u201eWir laufen auf den Linien, ohne von Krokodilen gefressen zu werden.\u201c Eine Zeit lang funktioniert es. Dann nicht mehr. Dabei ist alles da f\u00fcr einen gelungenen Familienausflug.<\/p>\n\n\n\n<p>Was fehlt also? Wenn ein Kind alle drei Minuten fragt: \u201eWann gehen wir nach Hause?\u201c, hei\u00dft das nicht unbedingt, dass es ihm hier nicht gef\u00e4llt. Vielleicht spricht die Art des Besuchs es einfach nicht an. Geht n\u00e4her zum Karussell \u2013 und pl\u00f6tzlich tut niemandem mehr etwas weh.<\/p>\n\n\n\n<div style=\"height:30px\" aria-hidden=\"true\" class=\"wp-block-spacer\"><\/div>\n\n\n\n<h2 class=\"wp-block-heading\">Honfleur als Familie stressfrei entdecken<\/h2>\n\n\n\n<p>Kinder wollen mitmachen. Suchen. Spielen. In Honfleur kann das so einfach sein wie Verstecken im Park oder eine gro\u00dfe Schatzsuche rund um den Hafen. Was w\u00e4re, wenn wir die perfekte Besichtigung loslassen \u2013 und stattdessen eine gestalten, die wirklich zu unserer Familie passt? Am Ende z\u00e4hlt nicht die Checkliste. Sondern die gemeinsame Zeit. Und die Erinnerungen, die entstehen.<\/p>\n\n\n\n<p>Wenn du eine einfache Unterst\u00fctzung suchst, um Honfleur mit Kindern entspannt zu entdecken, verwandelt En Piste Lulu den Stadtrundgang in ein Spiel. Ihr geht in eurem Tempo. Die Kinder \u00fcbernehmen die F\u00fchrung. Und der Besuch l\u00e4uft fast wie von selbst &#x1fa84;<\/p>\n\n\n\n<div style=\"height:60px\" aria-hidden=\"true\" class=\"wp-block-spacer\"><\/div>\n\n\n\n<h2 class=\"wp-block-heading h2 puce-left puce-jaune\">Honfleur mit Kindern<\/h2>\n\n\n\n<div class=\"wp-block-columns is-layout-flex wp-container-core-columns-is-layout-9d6595d7 wp-block-columns-is-layout-flex\">\n<div class=\"wp-block-column is-layout-flow wp-block-column-is-layout-flow\" style=\"flex-basis:60%\">\n<div style=\"height:60px\" aria-hidden=\"true\" class=\"wp-block-spacer\"><\/div>\n\n\n\n<div class=\"wp-block-group faq\"><div class=\"wp-block-group__inner-container is-layout-constrained wp-block-group-is-layout-constrained\"><style>#sp-ea-530 .spcollapsing { height: 0; overflow: hidden; transition-property: height;transition-duration: 300ms;}#sp-ea-530.sp-easy-accordion>.sp-ea-single {margin-bottom: 10px; border: 1px solid #e2e2e2; }#sp-ea-530.sp-easy-accordion>.sp-ea-single>.ea-header a {color: #444;}#sp-ea-530.sp-easy-accordion>.sp-ea-single>.sp-collapse>.ea-body {background: #fff; color: #444;}#sp-ea-530.sp-easy-accordion>.sp-ea-single {background: #eee;}#sp-ea-530.sp-easy-accordion>.sp-ea-single>.ea-header a .ea-expand-icon { float: left; color: #444;font-size: 16px;}<\/style><div id=\"sp_easy_accordion-1771004028\"><div id=\"sp-ea-530\" class=\"sp-ea-one sp-easy-accordion\" data-ea-active=\"ea-click\" data-ea-mode=\"vertical\" data-preloader=\"\" data-scroll-active-item=\"\" data-offset-to-scroll=\"0\"><div class=\"ea-card sp-ea-single\"><h3 class=\"ea-header\"><a class=\"collapsed\" id=\"ea-header-5300\" role=\"button\" data-sptoggle=\"spcollapse\" data-sptarget=\"#collapse5300\" aria-controls=\"collapse5300\" href=\"#\" aria-expanded=\"false\" tabindex=\"0\"><i aria-hidden=\"true\" role=\"presentation\" class=\"ea-expand-icon eap-icon-ea-expand-plus\"><\/i> Was kann man in Honfleur mit Kindern unternehmen?<\/a><\/h3><div class=\"sp-collapse spcollapse spcollapse\" id=\"collapse5300\" data-parent=\"#sp-ea-530\" role=\"region\" aria-labelledby=\"ea-header-5300\"> <div class=\"ea-body\"><p>Viele Aktivit\u00e4ten! Unsere Favoriten <a href=\"https:\/\/enpistelulu.com\/de\/blog\/honfleur-mit-kindern-die-besten-familienaktivitaeten\/\">findest du hier<\/a>.<\/p><\/div><\/div><\/div><div class=\"ea-card sp-ea-single\"><h3 class=\"ea-header\"><a class=\"collapsed\" id=\"ea-header-5301\" role=\"button\" data-sptoggle=\"spcollapse\" data-sptarget=\"#collapse5301\" aria-controls=\"collapse5301\" href=\"#\" aria-expanded=\"false\" tabindex=\"0\"><i aria-hidden=\"true\" role=\"presentation\" class=\"ea-expand-icon eap-icon-ea-expand-plus\"><\/i> Wie viel Zeit sollte man f\u00fcr Honfleur mit Familie einplanen?<\/a><\/h3><div class=\"sp-collapse spcollapse spcollapse\" id=\"collapse5301\" data-parent=\"#sp-ea-530\" role=\"region\" aria-labelledby=\"ea-header-5301\"> <div class=\"ea-body\"><p>Mindestens einen halben Tag. Ein ganzes Wochenende ist ideal.<\/p><\/div><\/div><\/div><div class=\"ea-card sp-ea-single\"><h3 class=\"ea-header\"><a class=\"collapsed\" id=\"ea-header-5302\" role=\"button\" data-sptoggle=\"spcollapse\" data-sptarget=\"#collapse5302\" aria-controls=\"collapse5302\" href=\"#\" aria-expanded=\"false\" tabindex=\"0\"><i aria-hidden=\"true\" role=\"presentation\" class=\"ea-expand-icon eap-icon-ea-expand-plus\"><\/i> Ist Honfleur f\u00fcr kleine Kinder geeignet?<\/a><\/h3><div class=\"sp-collapse spcollapse spcollapse\" id=\"collapse5302\" data-parent=\"#sp-ea-530\" role=\"region\" aria-labelledby=\"ea-header-5302\"> <div class=\"ea-body\"><p>Viele Kopfsteinpflasterstra\u00dfen und schmale Gehwege sind mit Kinderwagen etwas schwierig. Ansonsten ist die Stadt sehr familienfreundlich.<\/p><\/div><\/div><\/div><\/div><\/div>\n<\/div><\/div>\n<\/div>\n\n\n\n<div class=\"wp-block-column is-vertically-aligned-center text-center is-layout-flow wp-block-column-is-layout-flow\"><div class=\"wp-block-image\">\n<figure class=\"aligncenter size-full\"><img decoding=\"async\" src=\"https:\/\/enpistelulu.com\/wp-content\/uploads\/2023\/06\/Pirate-FAQ.png\" alt=\"\" class=\"wp-image-167\"\/><\/figure>\n<\/div><\/div>\n<\/div>\n\n\n\n<div style=\"height:100px\" aria-hidden=\"true\" class=\"wp-block-spacer\"><\/div>\n<\/div><\/div>\n<\/div><\/div>\n\n\n\n<div class=\"wp-block-group page_blog_article has-background\" style=\"background-color:#f4ede5\"><div class=\"wp-block-group__inner-container is-layout-constrained wp-block-group-is-layout-constrained\">\n<div style=\"height:100px\" aria-hidden=\"true\" id=\"qui-est-lulu\" class=\"wp-block-spacer\"><\/div>\n\n\n\n<div class=\"wp-block-group container\"><div class=\"wp-block-group__inner-container is-layout-constrained wp-block-group-is-layout-constrained\">\n<h2 class=\"wp-block-heading has-text-align-center h2 puce-right puce-bleu puce-right-decalage mlr-auto\" id=\"qui-est\">Kommt ihr mit Kindern nach Honfleur?<\/h2>\n\n\n\n<div style=\"height:30px\" aria-hidden=\"true\" class=\"wp-block-spacer\"><\/div>\n\n\n\n<p class=\"has-text-align-center\">Honfleur eignet sich perfekt f\u00fcr eine Entdeckung mit der ganzen Familie. Wenn du dir einen einfachen Rahmen w\u00fcnschst, um deinen Besuch in ein Spiel zu verwandeln, begleitet dich En Piste Lulu Schritt f\u00fcr Schritt \u2013 in eurem eigenen Tempo. Ihr genie\u00dft die Zeit. Die Kinder entdecken. Und alle haben eine gute Zeit.<\/p>\n\n\n\n<div style=\"height:40px\" aria-hidden=\"true\" class=\"wp-block-spacer\"><\/div>\n\n\n\n<p class=\"has-text-align-center btn-lulu-transparent\"><a href=\"https:\/\/enpistelulu.com\/de\/das-konzept-en-piste-lulu\/\">Entdecke das Konzept<\/a><\/p>\n<\/div><\/div>\n\n\n\n<div style=\"height:100px\" aria-hidden=\"true\" class=\"wp-block-spacer\"><\/div>\n<\/div><\/div>\n\n\n\n<div class=\"wp-block-group faq-lulu\"><div class=\"wp-block-group__inner-container is-layout-constrained wp-block-group-is-layout-constrained\">\n<div style=\"height:100px\" aria-hidden=\"true\" id=\"faq\" class=\"wp-block-spacer\"><\/div>\n\n\n\n<div class=\"wp-block-group container\"><div class=\"wp-block-group__inner-container is-layout-constrained wp-block-group-is-layout-constrained\">\n<h2 class=\"wp-block-heading h2 puce-left puce-jaune\">Ein bisschen mehr Lesestoff<\/h2>\n\n\n\n<div style=\"height:30px\" aria-hidden=\"true\" class=\"wp-block-spacer\"><\/div>\n\n\n<div id=\"grid-actualite-liste-blog\"><div class=\"article-blog-liste\">\n                <a href=\"https:\/\/enpistelulu.com\/de\/blog\/was-man-in-honfleur-mit-kindern-bei-regen-unternehmen-kann\/\">\n                    <figure class=\"wp-block-image size-full\">\n                        <img loading=\"lazy\" decoding=\"async\" src=\"https:\/\/enpistelulu.com\/de\/wp-content\/uploads\/sites\/3\/2025\/10\/5.jpg\" alt=\"Was man in Honfleur mit Kindern bei Regen unternehmen kann\">\n                    <\/figure>\n                    <div class=\"contenu\">\n                        <h2>Was man in Honfleur mit Kindern bei Regen unternehmen kann<\/h2>\n                    <\/div>\n                <\/a>\n            <\/div><div class=\"article-blog-liste\">\n                <a href=\"https:\/\/enpistelulu.com\/de\/blog\/was-kann-man-im-september-in-honfleur-machen-meine-6-lieblingsaktivitaeten\/\">\n                    <figure class=\"wp-block-image size-full\">\n                        <img loading=\"lazy\" decoding=\"async\" src=\"https:\/\/enpistelulu.com\/de\/wp-content\/uploads\/sites\/3\/2025\/09\/4vignette.jpg\" alt=\"Was kann man im September in Honfleur machen? Meine 6 Lieblingsaktivit\u00e4ten\">\n                    <\/figure>\n                    <div class=\"contenu\">\n                        <h2>Was kann man im September in Honfleur machen? Meine 6 Lieblingsaktivit\u00e4ten<\/h2>\n                    <\/div>\n                <\/a>\n            <\/div><div class=\"article-blog-liste\">\n                <a href=\"https:\/\/enpistelulu.com\/de\/blog\/honfleur-mit-kindern-die-besten-familienaktivitaeten\/\">\n                    <figure class=\"wp-block-image size-full\">\n                        <img loading=\"lazy\" decoding=\"async\" src=\"https:\/\/enpistelulu.com\/de\/wp-content\/uploads\/sites\/3\/2025\/06\/3vignette-.png\" alt=\"Honfleur mit Kindern: die besten Familienaktivit\u00e4ten\">\n                    <\/figure>\n                    <div class=\"contenu\">\n                        <h2>Honfleur mit Kindern: die besten Familienaktivit\u00e4ten<\/h2>\n                    <\/div>\n                <\/a>\n            <\/div><\/div>\n<\/div><\/div>\n\n\n\n<div style=\"height:100px\" aria-hidden=\"true\" class=\"wp-block-spacer\"><\/div>\n<\/div><\/div>\n","protected":false},"excerpt":{"rendered":"<p>Honfleur mit Kindern: eine Entdeckung auf Augenh\u00f6he Wenn man mit Kindern eine Stadt besucht, kann man ihnen die sch\u00f6nsten Sehensw\u00fcrdigkeiten zeigen. Woran erinnern sie sich sp\u00e4ter? An den Hund, der sich mit der Hinterpfote an der Nase kratzt. An zwei M\u00f6wen, die sich um ein Sandwich streiten. Der perfekte Plan ist zweitrangig \u2013 Hauptsache, es [&hellip;]<\/p>\n","protected":false},"author":5,"featured_media":529,"parent":478,"menu_order":0,"comment_status":"closed","ping_status":"closed","template":"","meta":{"footnotes":""},"class_list":["post-527","page","type-page","status-publish","has-post-thumbnail","hentry"],"yoast_head":"<!-- This site is optimized with the Yoast SEO plugin v27.5 - https:\/\/yoast.com\/product\/yoast-seo-wordpress\/ -->\n<title>Honfleur mit Kindern: eine Entdeckung auf Augenh\u00f6he - enpistelulu.com<\/title>\n<meta name=\"description\" content=\"Honfleur mit Kindern kann herausfordernd sein, wenn kleine F\u00fc\u00dfe m\u00fcde werden. Entdecke, wie du den Stadtbesuch in ein Spiel verwandelst \u2013 f\u00fcr eine entspannte und fr\u00f6hliche Familienzeit.\" \/>\n<meta name=\"robots\" content=\"index, follow, max-snippet:-1, max-image-preview:large, max-video-preview:-1\" \/>\n<link rel=\"canonical\" href=\"https:\/\/enpistelulu.com\/de\/blog\/honfleur-mit-kindern-eine-entdeckung-auf-augenhoehe\/\" \/>\n<meta property=\"og:locale\" content=\"de_DE\" \/>\n<meta property=\"og:type\" content=\"article\" \/>\n<meta property=\"og:title\" content=\"Honfleur mit Kindern: eine Entdeckung auf Augenh\u00f6he - enpistelulu.com\" \/>\n<meta property=\"og:description\" content=\"Honfleur mit Kindern kann herausfordernd sein, wenn kleine F\u00fc\u00dfe m\u00fcde werden. Entdecke, wie du den Stadtbesuch in ein Spiel verwandelst \u2013 f\u00fcr eine entspannte und fr\u00f6hliche Familienzeit.\" \/>\n<meta property=\"og:url\" content=\"https:\/\/enpistelulu.com\/de\/blog\/honfleur-mit-kindern-eine-entdeckung-auf-augenhoehe\/\" \/>\n<meta property=\"og:site_name\" content=\"enpistelulu.com\" \/>\n<meta property=\"article:modified_time\" content=\"2026-02-13T17:37:31+00:00\" \/>\n<meta property=\"og:image\" content=\"https:\/\/enpistelulu.com\/de\/wp-content\/uploads\/sites\/3\/2026\/02\/vignette7.jpg\" \/>\n\t<meta property=\"og:image:width\" content=\"1853\" \/>\n\t<meta property=\"og:image:height\" content=\"1218\" \/>\n\t<meta property=\"og:image:type\" content=\"image\/jpeg\" \/>\n<meta name=\"twitter:card\" content=\"summary_large_image\" \/>\n<meta name=\"twitter:label1\" content=\"Gesch\u00e4tzte Lesezeit\" \/>\n\t<meta name=\"twitter:data1\" content=\"3\u00a0Minuten\" \/>\n<script type=\"application\/ld+json\" class=\"yoast-schema-graph\">{\"@context\":\"https:\\\/\\\/schema.org\",\"@graph\":[{\"@type\":\"WebPage\",\"@id\":\"https:\\\/\\\/enpistelulu.com\\\/de\\\/blog\\\/honfleur-mit-kindern-eine-entdeckung-auf-augenhoehe\\\/\",\"url\":\"https:\\\/\\\/enpistelulu.com\\\/de\\\/blog\\\/honfleur-mit-kindern-eine-entdeckung-auf-augenhoehe\\\/\",\"name\":\"Honfleur mit Kindern: eine Entdeckung auf Augenh\u00f6he - enpistelulu.com\",\"isPartOf\":{\"@id\":\"https:\\\/\\\/enpistelulu.com\\\/de\\\/#website\"},\"primaryImageOfPage\":{\"@id\":\"https:\\\/\\\/enpistelulu.com\\\/de\\\/blog\\\/honfleur-mit-kindern-eine-entdeckung-auf-augenhoehe\\\/#primaryimage\"},\"image\":{\"@id\":\"https:\\\/\\\/enpistelulu.com\\\/de\\\/blog\\\/honfleur-mit-kindern-eine-entdeckung-auf-augenhoehe\\\/#primaryimage\"},\"thumbnailUrl\":\"https:\\\/\\\/enpistelulu.com\\\/de\\\/wp-content\\\/uploads\\\/sites\\\/3\\\/2026\\\/02\\\/vignette7.jpg\",\"datePublished\":\"2026-02-13T17:37:29+00:00\",\"dateModified\":\"2026-02-13T17:37:31+00:00\",\"description\":\"Honfleur mit Kindern kann herausfordernd sein, wenn kleine F\u00fc\u00dfe m\u00fcde werden. Entdecke, wie du den Stadtbesuch in ein Spiel verwandelst \u2013 f\u00fcr eine entspannte und fr\u00f6hliche Familienzeit.\",\"breadcrumb\":{\"@id\":\"https:\\\/\\\/enpistelulu.com\\\/de\\\/blog\\\/honfleur-mit-kindern-eine-entdeckung-auf-augenhoehe\\\/#breadcrumb\"},\"inLanguage\":\"de\",\"potentialAction\":[{\"@type\":\"ReadAction\",\"target\":[\"https:\\\/\\\/enpistelulu.com\\\/de\\\/blog\\\/honfleur-mit-kindern-eine-entdeckung-auf-augenhoehe\\\/\"]}]},{\"@type\":\"ImageObject\",\"inLanguage\":\"de\",\"@id\":\"https:\\\/\\\/enpistelulu.com\\\/de\\\/blog\\\/honfleur-mit-kindern-eine-entdeckung-auf-augenhoehe\\\/#primaryimage\",\"url\":\"https:\\\/\\\/enpistelulu.com\\\/de\\\/wp-content\\\/uploads\\\/sites\\\/3\\\/2026\\\/02\\\/vignette7.jpg\",\"contentUrl\":\"https:\\\/\\\/enpistelulu.com\\\/de\\\/wp-content\\\/uploads\\\/sites\\\/3\\\/2026\\\/02\\\/vignette7.jpg\",\"width\":1853,\"height\":1218},{\"@type\":\"BreadcrumbList\",\"@id\":\"https:\\\/\\\/enpistelulu.com\\\/de\\\/blog\\\/honfleur-mit-kindern-eine-entdeckung-auf-augenhoehe\\\/#breadcrumb\",\"itemListElement\":[{\"@type\":\"ListItem\",\"position\":1,\"name\":\"Blog\",\"item\":\"https:\\\/\\\/enpistelulu.com\\\/de\\\/blog\\\/\"},{\"@type\":\"ListItem\",\"position\":2,\"name\":\"Honfleur mit Kindern: eine Entdeckung auf Augenh\u00f6he\"}]},{\"@type\":\"WebSite\",\"@id\":\"https:\\\/\\\/enpistelulu.com\\\/de\\\/#website\",\"url\":\"https:\\\/\\\/enpistelulu.com\\\/de\\\/\",\"name\":\"enpistelulu.com\",\"description\":\"\",\"potentialAction\":[{\"@type\":\"SearchAction\",\"target\":{\"@type\":\"EntryPoint\",\"urlTemplate\":\"https:\\\/\\\/enpistelulu.com\\\/de\\\/?s={search_term_string}\"},\"query-input\":{\"@type\":\"PropertyValueSpecification\",\"valueRequired\":true,\"valueName\":\"search_term_string\"}}],\"inLanguage\":\"de\"}]}<\/script>\n<!-- \/ Yoast SEO plugin. -->","yoast_head_json":{"title":"Honfleur mit Kindern: eine Entdeckung auf Augenh\u00f6he - enpistelulu.com","description":"Honfleur mit Kindern kann herausfordernd sein, wenn kleine F\u00fc\u00dfe m\u00fcde werden. Entdecke, wie du den Stadtbesuch in ein Spiel verwandelst \u2013 f\u00fcr eine entspannte und fr\u00f6hliche Familienzeit.","robots":{"index":"index","follow":"follow","max-snippet":"max-snippet:-1","max-image-preview":"max-image-preview:large","max-video-preview":"max-video-preview:-1"},"canonical":"https:\/\/enpistelulu.com\/de\/blog\/honfleur-mit-kindern-eine-entdeckung-auf-augenhoehe\/","og_locale":"de_DE","og_type":"article","og_title":"Honfleur mit Kindern: eine Entdeckung auf Augenh\u00f6he - enpistelulu.com","og_description":"Honfleur mit Kindern kann herausfordernd sein, wenn kleine F\u00fc\u00dfe m\u00fcde werden. Entdecke, wie du den Stadtbesuch in ein Spiel verwandelst \u2013 f\u00fcr eine entspannte und fr\u00f6hliche Familienzeit.","og_url":"https:\/\/enpistelulu.com\/de\/blog\/honfleur-mit-kindern-eine-entdeckung-auf-augenhoehe\/","og_site_name":"enpistelulu.com","article_modified_time":"2026-02-13T17:37:31+00:00","og_image":[{"width":1853,"height":1218,"url":"https:\/\/enpistelulu.com\/de\/wp-content\/uploads\/sites\/3\/2026\/02\/vignette7.jpg","type":"image\/jpeg"}],"twitter_card":"summary_large_image","twitter_misc":{"Gesch\u00e4tzte Lesezeit":"3\u00a0Minuten"},"schema":{"@context":"https:\/\/schema.org","@graph":[{"@type":"WebPage","@id":"https:\/\/enpistelulu.com\/de\/blog\/honfleur-mit-kindern-eine-entdeckung-auf-augenhoehe\/","url":"https:\/\/enpistelulu.com\/de\/blog\/honfleur-mit-kindern-eine-entdeckung-auf-augenhoehe\/","name":"Honfleur mit Kindern: eine Entdeckung auf Augenh\u00f6he - enpistelulu.com","isPartOf":{"@id":"https:\/\/enpistelulu.com\/de\/#website"},"primaryImageOfPage":{"@id":"https:\/\/enpistelulu.com\/de\/blog\/honfleur-mit-kindern-eine-entdeckung-auf-augenhoehe\/#primaryimage"},"image":{"@id":"https:\/\/enpistelulu.com\/de\/blog\/honfleur-mit-kindern-eine-entdeckung-auf-augenhoehe\/#primaryimage"},"thumbnailUrl":"https:\/\/enpistelulu.com\/de\/wp-content\/uploads\/sites\/3\/2026\/02\/vignette7.jpg","datePublished":"2026-02-13T17:37:29+00:00","dateModified":"2026-02-13T17:37:31+00:00","description":"Honfleur mit Kindern kann herausfordernd sein, wenn kleine F\u00fc\u00dfe m\u00fcde werden. Entdecke, wie du den Stadtbesuch in ein Spiel verwandelst \u2013 f\u00fcr eine entspannte und fr\u00f6hliche Familienzeit.","breadcrumb":{"@id":"https:\/\/enpistelulu.com\/de\/blog\/honfleur-mit-kindern-eine-entdeckung-auf-augenhoehe\/#breadcrumb"},"inLanguage":"de","potentialAction":[{"@type":"ReadAction","target":["https:\/\/enpistelulu.com\/de\/blog\/honfleur-mit-kindern-eine-entdeckung-auf-augenhoehe\/"]}]},{"@type":"ImageObject","inLanguage":"de","@id":"https:\/\/enpistelulu.com\/de\/blog\/honfleur-mit-kindern-eine-entdeckung-auf-augenhoehe\/#primaryimage","url":"https:\/\/enpistelulu.com\/de\/wp-content\/uploads\/sites\/3\/2026\/02\/vignette7.jpg","contentUrl":"https:\/\/enpistelulu.com\/de\/wp-content\/uploads\/sites\/3\/2026\/02\/vignette7.jpg","width":1853,"height":1218},{"@type":"BreadcrumbList","@id":"https:\/\/enpistelulu.com\/de\/blog\/honfleur-mit-kindern-eine-entdeckung-auf-augenhoehe\/#breadcrumb","itemListElement":[{"@type":"ListItem","position":1,"name":"Blog","item":"https:\/\/enpistelulu.com\/de\/blog\/"},{"@type":"ListItem","position":2,"name":"Honfleur mit Kindern: eine Entdeckung auf Augenh\u00f6he"}]},{"@type":"WebSite","@id":"https:\/\/enpistelulu.com\/de\/#website","url":"https:\/\/enpistelulu.com\/de\/","name":"enpistelulu.com","description":"","potentialAction":[{"@type":"SearchAction","target":{"@type":"EntryPoint","urlTemplate":"https:\/\/enpistelulu.com\/de\/?s={search_term_string}"},"query-input":{"@type":"PropertyValueSpecification","valueRequired":true,"valueName":"search_term_string"}}],"inLanguage":"de"}]}},"_links":{"self":[{"href":"https:\/\/enpistelulu.com\/de\/wp-json\/wp\/v2\/pages\/527","targetHints":{"allow":["GET"]}}],"collection":[{"href":"https:\/\/enpistelulu.com\/de\/wp-json\/wp\/v2\/pages"}],"about":[{"href":"https:\/\/enpistelulu.com\/de\/wp-json\/wp\/v2\/types\/page"}],"author":[{"embeddable":true,"href":"https:\/\/enpistelulu.com\/de\/wp-json\/wp\/v2\/users\/5"}],"replies":[{"embeddable":true,"href":"https:\/\/enpistelulu.com\/de\/wp-json\/wp\/v2\/comments?post=527"}],"version-history":[{"count":1,"href":"https:\/\/enpistelulu.com\/de\/wp-json\/wp\/v2\/pages\/527\/revisions"}],"predecessor-version":[{"id":531,"href":"https:\/\/enpistelulu.com\/de\/wp-json\/wp\/v2\/pages\/527\/revisions\/531"}],"up":[{"embeddable":true,"href":"https:\/\/enpistelulu.com\/de\/wp-json\/wp\/v2\/pages\/478"}],"wp:featuredmedia":[{"embeddable":true,"href":"https:\/\/enpistelulu.com\/de\/wp-json\/wp\/v2\/media\/529"}],"wp:attachment":[{"href":"https:\/\/enpistelulu.com\/de\/wp-json\/wp\/v2\/media?parent=527"}],"curies":[{"name":"wp","href":"https:\/\/api.w.org\/{rel}","templated":true}]}}