










{"id":18,"date":"2023-09-14T08:42:22","date_gmt":"2023-09-14T06:42:22","guid":{"rendered":"https:\/\/enpistelulu.com\/en\/?page_id=18"},"modified":"2025-07-23T12:26:17","modified_gmt":"2025-07-23T10:26:17","slug":"home","status":"publish","type":"page","link":"https:\/\/enpistelulu.com\/en\/","title":{"rendered":"Home"},"content":{"rendered":"\n<div class=\"wp-block-group grp-contient-bannier-acceui has-background\" style=\"background-color:#f4ede5\"><div class=\"wp-block-group__inner-container is-layout-constrained wp-block-group-is-layout-constrained\">\n<div style=\"height:200px\" aria-hidden=\"true\" class=\"wp-block-spacer\"><\/div>\n\n\n\n\n\n\n<div class=\"wp-block-group container\"><div class=\"wp-block-group__inner-container is-layout-constrained wp-block-group-is-layout-constrained\">\n<h1 class=\"wp-block-heading h2\">Want to visit Honfleur <br>in an original and fun way?<\/h1>\n\n\n\n<div style=\"height:25px\" aria-hidden=\"true\" class=\"wp-block-spacer\"><\/div>\n\n\n\n<p>Follow our characters, they will guide you through the alleys. <br>Discover Honfleur and its discreet details. <br>Go for a walk at your own pace. Use your time as you wish.<\/p>\n\n\n\n<p>En piste Lulu offers self-guided tours suitable for everyone,<br>which explore the city and present it to you in a new way. <br>Let yourself be carried away by the story and open your <br>eyes wide! Each adventure passes through the main points <br>of interest, and other more secret ones.<\/p>\n\n\n\n<div style=\"height:25px\" aria-hidden=\"true\" class=\"wp-block-spacer\"><\/div>\n\n\n\n<p class=\"btn-lulu-transparent\"><a href=\"https:\/\/enpistelulu.com\/en\/en-piste-lulu-concept\/\">Learn more about the concept<\/a><\/p>\n<\/div><\/div>\n\n\n\n<div style=\"height:200px\" aria-hidden=\"true\" class=\"wp-block-spacer block-visibility-hide-small-screen\"><\/div>\n\n\n\n<div style=\"height:320px\" aria-hidden=\"true\" class=\"wp-block-spacer block-visibility-hide-large-screen block-visibility-hide-medium-screen\"><\/div>\n<\/div><\/div>\n\n\n\n<div style=\"height:100px\" aria-hidden=\"true\" class=\"wp-block-spacer\"><\/div>\n\n\n\n<div class=\"wp-block-group container\"><div class=\"wp-block-group__inner-container is-layout-constrained wp-block-group-is-layout-constrained\">\n<h2 class=\"wp-block-heading h2\">Discover \u201cEn piste lulu\u201d<br>and its first free self-guided tour<\/h2>\n\n\n\n<div style=\"height:30px\" aria-hidden=\"true\" class=\"wp-block-spacer\"><\/div>\n\n\n\n<div class=\"wp-block-columns is-layout-flex wp-container-core-columns-is-layout-9d6595d7 wp-block-columns-is-layout-flex\">\n<div class=\"wp-block-column accueil-colonne-video is-layout-flow wp-block-column-is-layout-flow\" style=\"flex-basis:54%\">\n<figure class=\"wp-block-embed is-type-video is-provider-youtube wp-block-embed-youtube wp-embed-aspect-16-9 wp-has-aspect-ratio\"><div class=\"wp-block-embed__wrapper\">\n<iframe loading=\"lazy\" title=\"Explorez Honfleur autrement - Visites ludiques pour toute la famille\" width=\"500\" height=\"281\" src=\"https:\/\/www.youtube.com\/embed\/Kaa3Xj7yLKQ?feature=oembed\" frameborder=\"0\" allow=\"accelerometer; autoplay; clipboard-write; encrypted-media; gyroscope; picture-in-picture; web-share\" referrerpolicy=\"strict-origin-when-cross-origin\" allowfullscreen><\/iframe>\n<\/div><\/figure>\n<\/div>\n\n\n\n<div class=\"wp-block-column colonne-avec-padding-left is-layout-flow wp-block-column-is-layout-flow\">\n<p><strong>Try it out before you dive in!<\/strong><br>Take a free 10-minute discovery walk off the beaten path in Honfleur.<\/p>\n\n\n\n<p>No Vieux Bassin this time : we&#8217;re showing you some hidden corners. By the end, you&#8217;ll know exactly what to expect from our self-guided tours.<\/p>\n\n\n\n<div style=\"height:25px\" aria-hidden=\"true\" class=\"wp-block-spacer\"><\/div>\n\n\n\n<p class=\"btn-lulu-transparent btn-lulu-noir\"><a href=\"https:\/\/enpistelulu.com\/en\/our-tourist-routes\/honfleur-discovery\/\">Explore the free tour<\/a><\/p>\n<\/div>\n<\/div>\n<\/div><\/div>\n\n\n\n<div style=\"height:100px\" aria-hidden=\"true\" class=\"wp-block-spacer\"><\/div>\n\n\n\n<div class=\"wp-block-group has-background\" style=\"background-color:#f4ede5\"><div class=\"wp-block-group__inner-container is-layout-constrained wp-block-group-is-layout-constrained\">\n<div style=\"height:100px\" aria-hidden=\"true\" class=\"wp-block-spacer\"><\/div>\n\n\n\n<div class=\"wp-block-group container\"><div class=\"wp-block-group__inner-container is-layout-constrained wp-block-group-is-layout-constrained\">\n<h2 class=\"wp-block-heading h2\">Our self-guided tours of Honfleur<\/h2>\n\n\n\n<div style=\"height:30px\" aria-hidden=\"true\" class=\"wp-block-spacer\"><\/div>\n\n\n\n<div class=\"wp-block-columns choix-parcours-scenariser-colonnes is-layout-flex wp-container-core-columns-is-layout-9d6595d7 wp-block-columns-is-layout-flex\">\n<div class=\"wp-block-column colonne-parcour colonne-parcour-orange is-layout-flow wp-block-column-is-layout-flow\" style=\"flex-basis:282px\">\n<div class=\"wp-block-group groupe-prix\"><div class=\"wp-block-group__inner-container is-layout-constrained wp-block-group-is-layout-constrained\">\n<figure class=\"wp-block-image size-full rond\"><img decoding=\"async\" src=\"https:\/\/enpistelulu.com\/wp-content\/uploads\/2023\/06\/Ellipse-1.png\" alt=\"\" class=\"wp-image-110\"\/><\/figure>\n\n\n\n<p class=\"prix\">Free<\/p>\n<\/div><\/div>\n\n\n\n<div style=\"height:35px\" aria-hidden=\"true\" class=\"wp-block-spacer none-mobile\"><\/div>\n\n\n<div class=\"wp-block-image\">\n<figure class=\"aligncenter size-full\"><img decoding=\"async\" src=\"https:\/\/enpistelulu.com\/wp-content\/uploads\/2023\/06\/Calque_1-5.png\" alt=\"\" class=\"wp-image-93\"\/><\/figure>\n<\/div>\n\n\n<div style=\"height:20px\" aria-hidden=\"true\" class=\"wp-block-spacer none-mobile\"><\/div>\n\n\n\n<p><a href=\"https:\/\/enpistelulu.com\/en\/our-tourist-routes\/honfleur-discovery\/\">Honfleur<br>discovery<br>tour<\/a><\/p>\n\n\n\n<figure class=\"wp-block-image size-full personnage\"><img decoding=\"async\" src=\"https:\/\/enpistelulu.com\/wp-content\/uploads\/2023\/06\/renard-1-1.png\" alt=\"\" class=\"wp-image-90\"\/><\/figure>\n<\/div>\n\n\n\n<div class=\"wp-block-column colonne-parcour colonne-parcour-jaune is-layout-flow wp-block-column-is-layout-flow\" style=\"flex-basis:282px\">\n<div class=\"wp-block-group groupe-prix\"><div class=\"wp-block-group__inner-container is-layout-constrained wp-block-group-is-layout-constrained\">\n<figure class=\"wp-block-image size-full rond\"><img decoding=\"async\" src=\"https:\/\/enpistelulu.com\/wp-content\/uploads\/2023\/06\/Ellipse-1.png\" alt=\"\" class=\"wp-image-110\"\/><\/figure>\n\n\n\n<p class=\"prix\">9\u20ac<\/p>\n<\/div><\/div>\n\n\n\n<div style=\"height:35px\" aria-hidden=\"true\" class=\"wp-block-spacer none-mobile\"><\/div>\n\n\n<div class=\"wp-block-image\">\n<figure class=\"aligncenter size-full\"><img decoding=\"async\" src=\"https:\/\/enpistelulu.com\/wp-content\/uploads\/2023\/06\/Calque_1-5.png\" alt=\"\" class=\"wp-image-93\"\/><\/figure>\n<\/div>\n\n\n<div style=\"height:20px\" aria-hidden=\"true\" class=\"wp-block-spacer none-mobile\"><\/div>\n\n\n\n<p><a href=\"https:\/\/enpistelulu.com\/en\/our-tourist-routes\/honfleur-families\/\">Honfleur<br>families<br>tour<\/a><\/p>\n\n\n\n<figure class=\"wp-block-image size-full personnage\"><img decoding=\"async\" src=\"https:\/\/enpistelulu.com\/wp-content\/uploads\/2023\/06\/renard-3.png\" alt=\"\" class=\"wp-image-95\"\/><\/figure>\n<\/div>\n\n\n\n<div class=\"wp-block-column colonne-parcour colonne-parcour-bleu is-layout-flow wp-block-column-is-layout-flow\" style=\"flex-basis:282px\">\n<div class=\"wp-block-group groupe-prix\"><div class=\"wp-block-group__inner-container is-layout-constrained wp-block-group-is-layout-constrained\">\n<figure class=\"wp-block-image size-full rond\"><img decoding=\"async\" src=\"https:\/\/enpistelulu.com\/wp-content\/uploads\/2023\/06\/Ellipse-1.png\" alt=\"\" class=\"wp-image-110\"\/><\/figure>\n\n\n\n<p class=\"has-text-align-left prix\">9\u20ac<\/p>\n<\/div><\/div>\n\n\n\n<div style=\"height:35px\" aria-hidden=\"true\" class=\"wp-block-spacer none-mobile\"><\/div>\n\n\n<div class=\"wp-block-image\">\n<figure class=\"aligncenter size-full is-resized\"><img decoding=\"async\" src=\"https:\/\/enpistelulu.com\/wp-content\/uploads\/2023\/06\/poussette-fauteille.png\" alt=\"\" class=\"wp-image-267\" style=\"width:50px\"\/><\/figure>\n<\/div>\n\n\n<div style=\"height:20px\" aria-hidden=\"true\" class=\"wp-block-spacer none-mobile\"><\/div>\n\n\n\n<p><a href=\"https:\/\/enpistelulu.com\/en\/our-tourist-routes\/honfleur-pushchairs\/\">Honfleur<br>pushchairs<br>tour<\/a><\/p>\n\n\n\n<figure class=\"wp-block-image size-full personnage\"><img decoding=\"async\" src=\"https:\/\/enpistelulu.com\/wp-content\/uploads\/2023\/06\/renard-2.png\" alt=\"\" class=\"wp-image-94\"\/><\/figure>\n<\/div>\n<\/div>\n\n\n\n<div style=\"height:100px\" aria-hidden=\"true\" class=\"wp-block-spacer\"><\/div>\n\n\n\n<p class=\"has-text-align-center btn-lulu-transparent btn-lulu-noir\"><a href=\"https:\/\/enpistelulu.com\/en\/our-tourist-routes\/\">See all tours<\/a><\/p>\n<\/div><\/div>\n\n\n\n<div style=\"height:100px\" aria-hidden=\"true\" class=\"wp-block-spacer\"><\/div>\n<\/div><\/div>\n\n\n\n<div class=\"wp-block-group pourquoi-enpistelulu has-background\" style=\"background-color:#ff9966\"><div class=\"wp-block-group__inner-container is-layout-constrained wp-block-group-is-layout-constrained\">\n<div style=\"height:100px\" aria-hidden=\"true\" class=\"wp-block-spacer\"><\/div>\n\n\n\n<div class=\"wp-block-columns container is-layout-flex wp-container-core-columns-is-layout-9d6595d7 wp-block-columns-is-layout-flex\">\n<div class=\"wp-block-column colonne-trait-right is-layout-flow wp-block-column-is-layout-flow\">\n<div class=\"wp-block-group grp-colonne-gauche-serre\"><div class=\"wp-block-group__inner-container is-layout-constrained wp-block-group-is-layout-constrained\">\n<h2 class=\"wp-block-heading h2 has-white-color has-text-color\">Why choose <br>En piste Lulu ?<\/h2>\n\n\n\n<div style=\"height:15px\" aria-hidden=\"true\" class=\"wp-block-spacer\"><\/div>\n\n\n\n<p class=\"btn-lulu-transparent btn-lulu-transparent-blanc\"><a href=\"https:\/\/enpistelulu.com\/en\/our-tourist-routes\/\">I want to visit Honfleur<\/a><\/p>\n<\/div><\/div>\n<\/div>\n\n\n\n<div class=\"wp-block-column colonne-media is-layout-flow wp-block-column-is-layout-flow\">\n<div class=\"wp-block-media-text alignwide is-vertically-aligned-top media-mobile\" style=\"grid-template-columns:22% auto\"><figure class=\"wp-block-media-text__media\"><img decoding=\"async\" src=\"https:\/\/enpistelulu.com\/wp-content\/uploads\/2023\/07\/visite-ludique-2.png\" alt=\"\" class=\"wp-image-406 size-full\"\/><\/figure><div class=\"wp-block-media-text__content\">\n<h3 class=\"wp-block-heading h3 has-white-color has-text-color\">Playful visit<\/h3>\n\n\n\n<p class=\"has-white-color has-text-color\">You want to discover the city while having fun.<\/p>\n<\/div><\/div>\n\n\n\n<div style=\"height:35px\" aria-hidden=\"true\" class=\"wp-block-spacer\"><\/div>\n\n\n\n<div class=\"wp-block-media-text alignwide is-vertically-aligned-top media-mobile\" style=\"grid-template-columns:22% auto\"><figure class=\"wp-block-media-text__media\"><img decoding=\"async\" src=\"https:\/\/enpistelulu.com\/wp-content\/uploads\/2023\/07\/parcours-libres.png\" alt=\"\" class=\"wp-image-407 size-full\"\/><\/figure><div class=\"wp-block-media-text__content\">\n<h3 class=\"wp-block-heading h3 has-white-color has-text-color\">Free tours<\/h3>\n\n\n\n<p class=\"has-white-color has-text-color\">You want the freedom to explore on your own schedule. <\/p>\n<\/div><\/div>\n\n\n\n<div style=\"height:35px\" aria-hidden=\"true\" class=\"wp-block-spacer\"><\/div>\n\n\n\n<div class=\"wp-block-media-text alignwide is-vertically-aligned-top media-mobile\" style=\"grid-template-columns:22% auto\"><figure class=\"wp-block-media-text__media\"><img decoding=\"async\" src=\"https:\/\/enpistelulu.com\/wp-content\/uploads\/2023\/07\/curiosite-touristique.png\" alt=\"\" class=\"wp-image-412 size-full\"\/><\/figure><div class=\"wp-block-media-text__content\">\n<h3 class=\"wp-block-heading h3 has-white-color has-text-color\">Tourist curiosity<\/h3>\n\n\n\n<p class=\"has-white-color has-text-color\">You love wandering and uncovering hidden gems.<\/p>\n<\/div><\/div>\n<\/div>\n\n\n\n<div class=\"wp-block-column colonne-media is-layout-flow wp-block-column-is-layout-flow\">\n<div class=\"wp-block-media-text alignwide is-vertically-aligned-top media-mobile\" style=\"grid-template-columns:22% auto\"><figure class=\"wp-block-media-text__media\"><img decoding=\"async\" src=\"https:\/\/enpistelulu.com\/wp-content\/uploads\/2023\/07\/kids-friendly.png\" alt=\"\" class=\"wp-image-411 size-full\"\/><\/figure><div class=\"wp-block-media-text__content\">\n<h3 class=\"wp-block-heading h3 has-white-color has-text-color\">Kid-friendly<\/h3>\n\n\n\n<p class=\"has-white-color has-text-color\">You\u2019re looking for an easy, ready-to-go activity for the whole family.<\/p>\n<\/div><\/div>\n\n\n\n<div style=\"height:35px\" aria-hidden=\"true\" class=\"wp-block-spacer\"><\/div>\n\n\n\n<div class=\"wp-block-media-text alignwide is-vertically-aligned-top media-mobile\" style=\"grid-template-columns:22% auto\"><figure class=\"wp-block-media-text__media\"><img decoding=\"async\" src=\"https:\/\/enpistelulu.com\/wp-content\/uploads\/2023\/07\/visiter-autrement.png\" alt=\"\" class=\"wp-image-414 size-full\"\/><\/figure><div class=\"wp-block-media-text__content\">\n<h3 class=\"wp-block-heading h3 has-white-color has-text-color\">Visit differently<\/h3>\n\n\n\n<p class=\"has-white-color has-text-color\">You want a visit that stays with you long after you leave.<\/p>\n<\/div><\/div>\n\n\n\n<div style=\"height:35px\" aria-hidden=\"true\" class=\"wp-block-spacer\"><\/div>\n\n\n\n<div class=\"wp-block-media-text alignwide is-vertically-aligned-top media-mobile\" style=\"grid-template-columns:22% auto\"><figure class=\"wp-block-media-text__media\"><img decoding=\"async\" src=\"https:\/\/enpistelulu.com\/wp-content\/uploads\/2023\/07\/endroits-incontournables.png\" alt=\"\" class=\"wp-image-413 size-full\"\/><\/figure><div class=\"wp-block-media-text__content\">\n<h3 class=\"wp-block-heading h3 has-white-color has-text-color\">Must-sees<\/h3>\n\n\n\n<p class=\"has-white-color has-text-color\">You want to see the city\u2019s highlights and those special spots locals love.<\/p>\n<\/div><\/div>\n<\/div>\n<\/div>\n\n\n\n<div style=\"height:100px\" aria-hidden=\"true\" class=\"wp-block-spacer\"><\/div>\n<\/div><\/div>\n\n\n\n<div class=\"wp-block-group sondage-lulu\"><div class=\"wp-block-group__inner-container is-layout-constrained wp-block-group-is-layout-constrained\">\n<div style=\"height:100px\" aria-hidden=\"true\" class=\"wp-block-spacer\"><\/div>\n\n\n\n<div class=\"wp-block-group container\"><div class=\"wp-block-group__inner-container is-layout-constrained wp-block-group-is-layout-constrained\">\n<h2 class=\"wp-block-heading h2\" id=\"vote-parcours\">Our next self-guided tour?<br>The choice is yours!<\/h2>\n\n\n\n<div style=\"height:30px\" aria-hidden=\"true\" class=\"wp-block-spacer\"><\/div>\n\n\n\n<p>Which of these ideas would you love to try on your next tour?<\/p>\n\n\n\n<div style=\"height:30px\" aria-hidden=\"true\" class=\"wp-block-spacer\"><\/div>\n\n\n<div class=\"has-text-align-center\"><p>\u2705 Vous avez d\u00e9j\u00e0 vot\u00e9. Merci !<\/p><\/div>\n<\/div><\/div>\n\n\n\n<div style=\"height:100px\" aria-hidden=\"true\" class=\"wp-block-spacer\"><\/div>\n<\/div><\/div>\n\n\n\n<div class=\"wp-block-group has-background\" style=\"background-color:#f4ede5\"><div class=\"wp-block-group__inner-container is-layout-constrained wp-block-group-is-layout-constrained\">\n<div class=\"wp-block-group container\"><div class=\"wp-block-group__inner-container is-layout-constrained wp-block-group-is-layout-constrained\"><\/div><\/div>\n\n\n\n<div style=\"height:100px\" aria-hidden=\"true\" id=\"faq\" class=\"wp-block-spacer\"><\/div>\n\n\n\n<div class=\"wp-block-group container\"><div class=\"wp-block-group__inner-container is-layout-constrained wp-block-group-is-layout-constrained\">\n<h2 class=\"wp-block-heading h2 puce-left puce-jaune\">A little reading<\/h2>\n\n\n\n<div style=\"height:30px\" aria-hidden=\"true\" class=\"wp-block-spacer\"><\/div>\n\n\n<div id=\"grid-actualite-liste-blog\"><div class=\"article-blog-liste\">\n                <a href=\"https:\/\/enpistelulu.com\/en\/blog\/honfleur-with-kids-a-visit-at-their-level\/\">\n                    <figure class=\"wp-block-image size-full\">\n                        <img loading=\"lazy\" decoding=\"async\" src=\"https:\/\/enpistelulu.com\/en\/wp-content\/uploads\/sites\/2\/2026\/02\/vignette7.jpg\" alt=\"Honfleur with kids: a visit at their level\">\n                    <\/figure>\n                    <div class=\"contenu\">\n                        <h2>Honfleur with kids: a visit at their level<\/h2>\n                    <\/div>\n                <\/a>\n            <\/div><div class=\"article-blog-liste\">\n                <a href=\"https:\/\/enpistelulu.com\/en\/blog\/honfleur-with-kids-when-it-rains\/\">\n                    <figure class=\"wp-block-image size-full\">\n                        <img loading=\"lazy\" decoding=\"async\" src=\"https:\/\/enpistelulu.com\/en\/wp-content\/uploads\/sites\/2\/2025\/10\/5.jpg\" alt=\"What to do in Honfleur with kids when it rains\">\n                    <\/figure>\n                    <div class=\"contenu\">\n                        <h2>What to do in Honfleur with kids when it rains<\/h2>\n                    <\/div>\n                <\/a>\n            <\/div><div class=\"article-blog-liste\">\n                <a href=\"https:\/\/enpistelulu.com\/en\/blog\/what-to-do-in-honfleur-in-september-my-6-favorite-activities\/\">\n                    <figure class=\"wp-block-image size-full\">\n                        <img loading=\"lazy\" decoding=\"async\" src=\"https:\/\/enpistelulu.com\/en\/wp-content\/uploads\/sites\/2\/2025\/09\/4vignette.jpg\" alt=\"What to do in Honfleur in September? My 6 favorite activities\">\n                    <\/figure>\n                    <div class=\"contenu\">\n                        <h2>What to do in Honfleur in September? My 6 favorite activities<\/h2>\n                    <\/div>\n                <\/a>\n            <\/div><\/div>\n<\/div><\/div>\n\n\n\n<div style=\"height:100px\" aria-hidden=\"true\" class=\"wp-block-spacer\"><\/div>\n<\/div><\/div>\n","protected":false},"excerpt":{"rendered":"<p>Want to visit Honfleur in an original and fun way? Follow our characters, they will guide you through the alleys. Discover Honfleur and its discreet details. Go for a walk at your own pace. Use your time as you wish. En piste Lulu offers self-guided tours suitable for everyone,which explore the city and present it [&hellip;]<\/p>\n","protected":false},"author":5,"featured_media":0,"parent":0,"menu_order":0,"comment_status":"closed","ping_status":"closed","template":"","meta":{"footnotes":""},"class_list":["post-18","page","type-page","status-publish","hentry"],"yoast_head":"<!-- This site is optimized with the Yoast SEO plugin v27.3 - https:\/\/yoast.com\/product\/yoast-seo-wordpress\/ -->\n<title>Home - enpistelulu.com<\/title>\n<meta name=\"robots\" content=\"index, follow, max-snippet:-1, max-image-preview:large, max-video-preview:-1\" \/>\n<link rel=\"canonical\" href=\"https:\/\/enpistelulu.com\/en\/\" \/>\n<meta property=\"og:locale\" content=\"en_US\" \/>\n<meta property=\"og:type\" content=\"article\" \/>\n<meta property=\"og:title\" content=\"Home - enpistelulu.com\" \/>\n<meta property=\"og:description\" content=\"Want to visit Honfleur in an original and fun way? Follow our characters, they will guide you through the alleys. Discover Honfleur and its discreet details. Go for a walk at your own pace. Use your time as you wish. En piste Lulu offers self-guided tours suitable for everyone,which explore the city and present it [&hellip;]\" \/>\n<meta property=\"og:url\" content=\"https:\/\/enpistelulu.com\/en\/\" \/>\n<meta property=\"og:site_name\" content=\"enpistelulu.com\" \/>\n<meta property=\"article:modified_time\" content=\"2025-07-23T10:26:17+00:00\" \/>\n<meta property=\"og:image\" content=\"https:\/\/enpistelulu.com\/wp-content\/uploads\/2023\/06\/Ellipse-1.png\" \/>\n<meta name=\"twitter:card\" content=\"summary_large_image\" \/>\n<meta name=\"twitter:label1\" content=\"Est. reading time\" \/>\n\t<meta name=\"twitter:data1\" content=\"5 minutes\" \/>\n<script type=\"application\/ld+json\" class=\"yoast-schema-graph\">{\"@context\":\"https:\\\/\\\/schema.org\",\"@graph\":[{\"@type\":\"WebPage\",\"@id\":\"https:\\\/\\\/enpistelulu.com\\\/en\\\/\",\"url\":\"https:\\\/\\\/enpistelulu.com\\\/en\\\/\",\"name\":\"Home - enpistelulu.com\",\"isPartOf\":{\"@id\":\"https:\\\/\\\/enpistelulu.com\\\/en\\\/#website\"},\"primaryImageOfPage\":{\"@id\":\"https:\\\/\\\/enpistelulu.com\\\/en\\\/#primaryimage\"},\"image\":{\"@id\":\"https:\\\/\\\/enpistelulu.com\\\/en\\\/#primaryimage\"},\"thumbnailUrl\":\"https:\\\/\\\/enpistelulu.com\\\/wp-content\\\/uploads\\\/2023\\\/06\\\/Ellipse-1.png\",\"datePublished\":\"2023-09-14T06:42:22+00:00\",\"dateModified\":\"2025-07-23T10:26:17+00:00\",\"inLanguage\":\"en-US\",\"potentialAction\":[{\"@type\":\"ReadAction\",\"target\":[\"https:\\\/\\\/enpistelulu.com\\\/en\\\/\"]}]},{\"@type\":\"ImageObject\",\"inLanguage\":\"en-US\",\"@id\":\"https:\\\/\\\/enpistelulu.com\\\/en\\\/#primaryimage\",\"url\":\"https:\\\/\\\/enpistelulu.com\\\/wp-content\\\/uploads\\\/2023\\\/06\\\/Ellipse-1.png\",\"contentUrl\":\"https:\\\/\\\/enpistelulu.com\\\/wp-content\\\/uploads\\\/2023\\\/06\\\/Ellipse-1.png\"},{\"@type\":\"WebSite\",\"@id\":\"https:\\\/\\\/enpistelulu.com\\\/en\\\/#website\",\"url\":\"https:\\\/\\\/enpistelulu.com\\\/en\\\/\",\"name\":\"enpistelulu.com\",\"description\":\"\",\"potentialAction\":[{\"@type\":\"SearchAction\",\"target\":{\"@type\":\"EntryPoint\",\"urlTemplate\":\"https:\\\/\\\/enpistelulu.com\\\/en\\\/?s={search_term_string}\"},\"query-input\":{\"@type\":\"PropertyValueSpecification\",\"valueRequired\":true,\"valueName\":\"search_term_string\"}}],\"inLanguage\":\"en-US\"}]}<\/script>\n<!-- \/ Yoast SEO plugin. -->","yoast_head_json":{"title":"Home - enpistelulu.com","robots":{"index":"index","follow":"follow","max-snippet":"max-snippet:-1","max-image-preview":"max-image-preview:large","max-video-preview":"max-video-preview:-1"},"canonical":"https:\/\/enpistelulu.com\/en\/","og_locale":"en_US","og_type":"article","og_title":"Home - enpistelulu.com","og_description":"Want to visit Honfleur in an original and fun way? Follow our characters, they will guide you through the alleys. Discover Honfleur and its discreet details. Go for a walk at your own pace. Use your time as you wish. En piste Lulu offers self-guided tours suitable for everyone,which explore the city and present it [&hellip;]","og_url":"https:\/\/enpistelulu.com\/en\/","og_site_name":"enpistelulu.com","article_modified_time":"2025-07-23T10:26:17+00:00","og_image":[{"url":"https:\/\/enpistelulu.com\/wp-content\/uploads\/2023\/06\/Ellipse-1.png","type":"","width":"","height":""}],"twitter_card":"summary_large_image","twitter_misc":{"Est. reading time":"5 minutes"},"schema":{"@context":"https:\/\/schema.org","@graph":[{"@type":"WebPage","@id":"https:\/\/enpistelulu.com\/en\/","url":"https:\/\/enpistelulu.com\/en\/","name":"Home - enpistelulu.com","isPartOf":{"@id":"https:\/\/enpistelulu.com\/en\/#website"},"primaryImageOfPage":{"@id":"https:\/\/enpistelulu.com\/en\/#primaryimage"},"image":{"@id":"https:\/\/enpistelulu.com\/en\/#primaryimage"},"thumbnailUrl":"https:\/\/enpistelulu.com\/wp-content\/uploads\/2023\/06\/Ellipse-1.png","datePublished":"2023-09-14T06:42:22+00:00","dateModified":"2025-07-23T10:26:17+00:00","inLanguage":"en-US","potentialAction":[{"@type":"ReadAction","target":["https:\/\/enpistelulu.com\/en\/"]}]},{"@type":"ImageObject","inLanguage":"en-US","@id":"https:\/\/enpistelulu.com\/en\/#primaryimage","url":"https:\/\/enpistelulu.com\/wp-content\/uploads\/2023\/06\/Ellipse-1.png","contentUrl":"https:\/\/enpistelulu.com\/wp-content\/uploads\/2023\/06\/Ellipse-1.png"},{"@type":"WebSite","@id":"https:\/\/enpistelulu.com\/en\/#website","url":"https:\/\/enpistelulu.com\/en\/","name":"enpistelulu.com","description":"","potentialAction":[{"@type":"SearchAction","target":{"@type":"EntryPoint","urlTemplate":"https:\/\/enpistelulu.com\/en\/?s={search_term_string}"},"query-input":{"@type":"PropertyValueSpecification","valueRequired":true,"valueName":"search_term_string"}}],"inLanguage":"en-US"}]}},"_links":{"self":[{"href":"https:\/\/enpistelulu.com\/en\/wp-json\/wp\/v2\/pages\/18","targetHints":{"allow":["GET"]}}],"collection":[{"href":"https:\/\/enpistelulu.com\/en\/wp-json\/wp\/v2\/pages"}],"about":[{"href":"https:\/\/enpistelulu.com\/en\/wp-json\/wp\/v2\/types\/page"}],"author":[{"embeddable":true,"href":"https:\/\/enpistelulu.com\/en\/wp-json\/wp\/v2\/users\/5"}],"replies":[{"embeddable":true,"href":"https:\/\/enpistelulu.com\/en\/wp-json\/wp\/v2\/comments?post=18"}],"version-history":[{"count":28,"href":"https:\/\/enpistelulu.com\/en\/wp-json\/wp\/v2\/pages\/18\/revisions"}],"predecessor-version":[{"id":555,"href":"https:\/\/enpistelulu.com\/en\/wp-json\/wp\/v2\/pages\/18\/revisions\/555"}],"wp:attachment":[{"href":"https:\/\/enpistelulu.com\/en\/wp-json\/wp\/v2\/media?parent=18"}],"curies":[{"name":"wp","href":"https:\/\/api.w.org\/{rel}","templated":true}]}}